{"id":12200,"date":"2015-02-12T11:42:09","date_gmt":"2015-02-12T11:42:09","guid":{"rendered":"https:\/\/www.basquemtb.com\/?page_id=12200"},"modified":"2018-11-06T12:55:11","modified_gmt":"2018-11-06T12:55:11","slug":"ainsa-enduro-itinerary","status":"publish","type":"page","link":"https:\/\/www.basquemtb.com\/de\/mountainbike-ferien\/ainsa-enduro-mountain-bike-urlaub\/ainsa-enduro-reiseplan\/","title":{"rendered":"Ainsa Enduro: Reiseplan"},"content":{"rendered":"<h2>Ainsa Enduro Mountainbike-Urlaub | Beispielhafte Reiseroute<\/h2>\r\n<p>Wir machen eigentlich keine Reiserouten f\u00fcr unsere <a href=\"https:\/\/www.basquemtb.com\/de\/\" target=\"_blank\">Mountainbike-Ferien<\/a>Wir versuchen, sie so flexibel wie m\u00f6glich zu halten, damit wir sie auf die jeweiligen Gruppen zuschneiden k\u00f6nnen. Die <a href=\"https:\/\/www.basquemtb.com\/de\/ainsa-enduro-mountain-bike-urlaub\/\" target=\"_blank\">Ainsa Enduro<\/a> hat viele M\u00f6glichkeiten, was wir in einem sehr kleinen Gebiet fahren, so dass wir es st\u00e4ndig \u00e4ndern werden, um es Ihnen und Ihrer Gruppe anzupassen. Eine ungef\u00e4hre Reiseroute f\u00fcr diese Reise k\u00f6nnte jedoch wie folgt aussehen<\/p>\r\n\r\n<p>Hier ist eine typische Reise, die wir durchf\u00fchren w\u00fcrden.<\/p>\r\n\r\n<div class=\"responsive-tabs\">\n<h2 class=\"tabtitle\">Samstag<\/h2>\n<div class=\"tabcontent\">\n\r\n\r\n<h3>Ainsa Enduro Mountainbike Urlaub | Transfertag<\/h3>\r\n<p>F\u00fcr diese Reise wird ein Transferbus von Barcelona aus eingesetzt. Er f\u00e4hrt nach Ankunft des letzten Fluges ab und bringt die Gruppe 3 Stunden nach Ainsa, wo wir auf Sie warten werden.<\/p>\r\n<table style=\"vertical-align: middle;\" width=\"100%\">\r\n<colgroup width=\"5%\">\r\n<colgroup width=\"25%\">\r\n<colgroup width=\"15%\">\r\n<tbody>\r\n<tr>\r\n<td><i class=\"fa fa-road fa-2x\"><\/i><\/td>\r\n<td><em>Zur\u00fcckgelegte Strecke<\/em><\/td>\r\n<td>0km<\/td>\r\n<\/tr>\r\n<tr>\r\n<td><i class=\"fa fa-clock-o fa-2x\"><\/i><\/td>\r\n<td><em>Zeit zum Reiten<\/em><\/td>\r\n<td>0 Stunden<\/td>\r\n<\/tr>\r\n<tr>\r\n<td><i class=\"fa fa-arrow-up fa-2x\"><\/i><\/td>\r\n<td><em>Klettern<\/em><\/td>\r\n<td>0m<\/td>\r\n<\/tr>\r\n<tr>\r\n<td><i class=\"fa fa-arrow-down fa-2x\"><\/i><\/td>\r\n<td><em>Absteigend<\/em><\/td>\r\n<td>0m<\/td>\r\n<\/tr>\r\n<tr>\r\n<td><i class=\"fa fa-bicycle fa-2x\"><\/i><\/td>\r\n<td><em>Technische Schwierigkeit<\/em><\/td>\r\n<td>k.A.<\/td>\r\n<\/tr>\r\n<tr>\r\n<td><i class=\"fa fa-heartbeat fa-2x\"><\/i><\/td>\r\n<td><em>Physische Schwierigkeit<\/em><\/td>\r\n<td>k.A.<\/td>\r\n<\/tr>\r\n<tr>\r\n<td><i class=\"fa fa-bus fa-2x\"><\/i><\/td>\r\n<td><em>Zeit im Lieferwagen (ohne Uplifts)<\/em><\/td>\r\n<td>3:00<\/td>\r\n<\/tr>\r\n<\/tbody>\r\n<\/table>\r\n<\/p>\r\n\r\n\n<\/div><h2 class=\"tabtitle\">Sonntag<\/h2>\n<div class=\"tabcontent\">\n\r\n<h3>Ainsa Enduro Mountainbike Urlaub | Tag 1<\/h3>\r\n<p>Heute werden wir einige Shuttlefahrten in der N\u00e4he unserer Basis unternehmen. Wir starten mit einem Shuttle zu einem fantastischen Trail mit Blick auf die Pyren\u00e4en und einer Trailoberfl\u00e4che, die aus Millionen von Fossilien besteht. Es folgt ein harter, aber relativ kurzer Anstieg, bevor eine weitere steile, lehmige Abfahrt uns zur\u00fcck in die Stadt bringt. Dort essen wir zu Mittag und fahren dann mit zwei weiteren Shuttles zu einigen klassischen Trails mit jeweils etwa 700 H\u00f6henmetern Abstieg. Es ist ein voller Tag f\u00fcr den ersten Tag und wir kommen gerade rechtzeitig zur\u00fcck zur Basis, um ein kaltes Getr\u00e4nk und eine warme Dusche zu nehmen. Heute sind wir zwei der EWS-Etappen und zwei Nicht-EWS-Etappen gefahren. <\/p>\r\n<table style=\"vertical-align: middle;\" width=\"100%\">\r\n<colgroup width=\"5%\">\r\n<colgroup width=\"25%\">\r\n<colgroup width=\"15%\">\r\n<tbody>\r\n<tr>\r\n<td><i class=\"fa fa-road fa-2x\"><\/i><\/td>\r\n<td><em>Zur\u00fcckgelegte Strecke<\/em><\/td>\r\n<td>35km<\/td>\r\n<\/tr>\r\n<tr>\r\n<td><i class=\"fa fa-clock-o fa-2x\"><\/i><\/td>\r\n<td><em>Zeit zum Reiten<\/em><\/td>\r\n<td>6 Stunden<\/td>\r\n<\/tr>\r\n<tr>\r\n<td><i class=\"fa fa-arrow-up fa-2x\"><\/i><\/td>\r\n<td><em>Klettern<\/em><\/td>\r\n<td>500m<\/td>\r\n<\/tr>\r\n<tr>\r\n<td><i class=\"fa fa-arrow-down fa-2x\"><\/i><\/td>\r\n<td><em>Absteigend<\/em><\/td>\r\n<td>2000m<\/td>\r\n<\/tr>\r\n<tr>\r\n<td><i class=\"fa fa-bicycle fa-2x\"><\/i><\/td>\r\n<td><em>Technische Schwierigkeit<\/em><\/td>\r\n<td>Hoch<\/td>\r\n<\/tr>\r\n<tr>\r\n<td><i class=\"fa fa-heartbeat fa-2x\"><\/i><\/td>\r\n<td><em>Physische Schwierigkeit<\/em><\/td>\r\n<td>M\u00e4\u00dfig - Hoch<\/td>\r\n<\/tr>\r\n<tr>\r\n<td><i class=\"fa fa-bus fa-2x\"><\/i><\/td>\r\n<td><em>Zeit im Lieferwagen (ohne Uplifts)<\/em><\/td>\r\n<td>15 Minuten.<\/td>\r\n<\/tr>\r\n<\/tbody>\r\n<\/table>\r\n<\/p>\r\n\r\n\n<\/div><h2 class=\"tabtitle\">Montag<\/h2>\n<div class=\"tabcontent\">\n\r\n<h3>Ainsa Enduro Mountainbike Urlaub | Tag 2<\/h3>\r\n<p>Heute beginnen wir mit einem gro\u00dfen Anstieg zu einem hoch gelegenen Dorf. Von dort aus geht es etwa 600 m zur\u00fcck in die Talsohle, wobei wir einige der klassischen Grauerde-Trails der Zona Zero befahren. Von hier aus haben wir einen harten Singletrail-Anstieg von etwa 400 Metern, um auf einen Bergr\u00fccken zu gelangen, wo eine der besten Abfahrten \u00fcberhaupt beginnt! Dies war der Lieblingstrail der meisten EWS-Teilnehmer, und es ist eine tolle Art, den Vormittag zu beenden. Am Nachmittag fahren wir ein paar weitere Anstiege in der Gegend, um vor dem Ende des Tages noch ein paar Abfahrten zu bew\u00e4ltigen. <\/p>\r\n<table style=\"vertical-align: middle;\" width=\"100%\">\r\n<colgroup width=\"5%\">\r\n<colgroup width=\"25%\">\r\n<colgroup width=\"15%\">\r\n<tbody>\r\n<tr>\r\n<td><i class=\"fa fa-road fa-2x\"><\/i><\/td>\r\n<td><em>Zur\u00fcckgelegte Strecke<\/em><\/td>\r\n<td>35km<\/td>\r\n<\/tr>\r\n<tr>\r\n<td><i class=\"fa fa-clock-o fa-2x\"><\/i><\/td>\r\n<td><em>Zeit zum Reiten<\/em><\/td>\r\n<td>7 Stunden<\/td>\r\n<\/tr>\r\n<tr>\r\n<td><i class=\"fa fa-arrow-up fa-2x\"><\/i><\/td>\r\n<td><em>Klettern<\/em><\/td>\r\n<td>750m<\/td>\r\n<\/tr>\r\n<tr>\r\n<td><i class=\"fa fa-arrow-down fa-2x\"><\/i><\/td>\r\n<td><em>Absteigend<\/em><\/td>\r\n<td>2000m<\/td>\r\n<\/tr>\r\n<tr>\r\n<td><i class=\"fa fa-bicycle fa-2x\"><\/i><\/td>\r\n<td><em>Technische Schwierigkeit<\/em><\/td>\r\n<td>Hoch<\/td>\r\n<\/tr>\r\n<tr>\r\n<td><i class=\"fa fa-heartbeat fa-2x\"><\/i><\/td>\r\n<td><em>Physische Schwierigkeit<\/em><\/td>\r\n<td>Sehr hoch<\/td>\r\n<\/tr>\r\n<tr>\r\n<td><i class=\"fa fa-bus fa-2x\"><\/i><\/td>\r\n<td><em>Zeit im Lieferwagen (ohne Uplifts)<\/em><\/td>\r\n<td>Keine.<\/td>\r\n<\/tr>\r\n<\/tbody>\r\n<\/table>\r\n<\/p>\r\n\r\n\r\n\n<\/div><h2 class=\"tabtitle\">Dienstag<\/h2>\n<div class=\"tabcontent\">\n\r\n<h3>Ainsa Enduro Mountainbike Urlaub | Tag 3<\/h3>\r\n<p>Heute fahren wir am Morgen ein paar gro\u00dfe Anstiege, beginnend mit Muchas Rocas und dann die ber\u00fcchtigte Etappe 2 der EWS, die aufgrund ihrer L\u00e4nge viele Fahrer gefordert hat. Nach dem Mittagessen nehmen wir einen weiteren Anstieg und beginnen eine gro\u00dfe Punkt-zu-Punkt-Route, die uns durch ein riesiges System von Schluchten mit atemberaubenden Aussichten und gro\u00dfartigen Abfahrten zum Ende unserer Fahrt f\u00fchrt. Der Van wartet auf uns mit einem kalten Bier in einem verlassenen Dorf und dann m\u00fcssen wir noch ein paar Stunden zur\u00fcck zur Basis fahren. <\/p>\r\n\r\n<table style=\"vertical-align: middle;\" width=\"100%\">\r\n<colgroup width=\"5%\">\r\n<colgroup width=\"25%\">\r\n<colgroup width=\"15%\">\r\n<tbody>\r\n<tr>\r\n<td><i class=\"fa fa-road fa-2x\"><\/i><\/td>\r\n<td><em>Zur\u00fcckgelegte Strecke<\/em><\/td>\r\n<td>31km<\/td>\r\n<\/tr>\r\n<tr>\r\n<td><i class=\"fa fa-clock-o fa-2x\"><\/i><\/td>\r\n<td><em>Zeit zum Reiten<\/em><\/td>\r\n<td>7 Stunden<\/td>\r\n<\/tr>\r\n<tr>\r\n<td><i class=\"fa fa-arrow-up fa-2x\"><\/i><\/td>\r\n<td><em>Klettern<\/em><\/td>\r\n<td>600m<\/td>\r\n<\/tr>\r\n<tr>\r\n<td><i class=\"fa fa-arrow-down fa-2x\"><\/i><\/td>\r\n<td><em>Absteigend<\/em><\/td>\r\n<td>1800m<\/td>\r\n<\/tr>\r\n<tr>\r\n<td><i class=\"fa fa-bicycle fa-2x\"><\/i><\/td>\r\n<td><em>Technische Schwierigkeit<\/em><\/td>\r\n<td>M\u00e4\u00dfig-hoch<\/td>\r\n<\/tr>\r\n<tr>\r\n<td><i class=\"fa fa-heartbeat fa-2x\"><\/i><\/td>\r\n<td><em>Physische Schwierigkeit<\/em><\/td>\r\n<td>Sehr hoch<\/td>\r\n<\/tr>\r\n<tr>\r\n<td><i class=\"fa fa-bus fa-2x\"><\/i><\/td>\r\n<td><em>Zeit im Lieferwagen (ohne Uplifts)<\/em><\/td>\r\n<td>2 Stunden.<\/td>\r\n<\/tr>\r\n<\/tbody>\r\n<\/table>\r\n<\/p>\r\n\r\n\r\n\n<\/div><h2 class=\"tabtitle\">Mittwoch<\/h2>\n<div class=\"tabcontent\">\n\r\n<h3>Ainsa Enduro Mountainbike Urlaub | Tag 4<\/h3>\r\n<p>Heute verlassen wir das Hauptgebiet der Zona Zero wieder, um zwei gro\u00dfe Abfahrten zu fahren, die die meisten Leute nie fahren. Die erste besteht fast nur aus Steigung, mit einem 50 m langen Anstieg an der Spitze, und dann eine 900 m lange Abfahrt mit einigen der felsigsten Pfade \u00fcberhaupt. Es ist eine technische Herausforderung, die aber viel Spa\u00df macht. Nach einem ausgiebigen Mittagessen geht es etwa 500 H\u00f6henmeter bergauf und dann noch einmal 500 H\u00f6henmeter mit den Fahrr\u00e4dern. Der Weg, der uns wieder nach unten f\u00fchrt, ist erstaunlich. Er beginnt auf der S\u00fcdseite des Berges, mit einer grandiosen Aussicht auf das Ordesa-Tal, und schl\u00e4ngelt sich um den Berg herum, vorbei an verlassenen D\u00f6rfern, bevor er die Nordseite des Berges in einer Reihe von feuchten, lehmigen Kurven hinunterf\u00fchrt, die zu den besten geh\u00f6ren, die ich je gefahren bin. Ein erstaunlicher Tag. Als wir in die Stadt zur\u00fcckkehren, haben wir die Wahl zwischen einer Massage bei einem Physiotherapeuten. <\/p> \r\n\r\n<table style=\"vertical-align: middle;\" width=\"100%\">\r\n<colgroup width=\"5%\">\r\n<colgroup width=\"25%\">\r\n<colgroup width=\"15%\">\r\n<tbody>\r\n<tr>\r\n<td><i class=\"fa fa-road fa-2x\"><\/i><\/td>\r\n<td><em>Zur\u00fcckgelegte Strecke<\/em><\/td>\r\n<td>25km<\/td>\r\n<\/tr>\r\n<tr>\r\n<td><i class=\"fa fa-clock-o fa-2x\"><\/i><\/td>\r\n<td><em>Zeit zum Reiten<\/em><\/td>\r\n<td>6 Stunden<\/td>\r\n<\/tr>\r\n<tr>\r\n<td><i class=\"fa fa-arrow-up fa-2x\"><\/i><\/td>\r\n<td><em>Klettern<\/em><\/td>\r\n<td>725m<\/td>\r\n<\/tr>\r\n<tr>\r\n<td><i class=\"fa fa-arrow-down fa-2x\"><\/i><\/td>\r\n<td><em>Absteigend<\/em><\/td>\r\n<td>1900m<\/td>\r\n<\/tr>\r\n<tr>\r\n<td><i class=\"fa fa-bicycle fa-2x\"><\/i><\/td>\r\n<td><em>Technische Schwierigkeit<\/em><\/td>\r\n<td>Hoch - sehr hoch<\/td>\r\n<\/tr>\r\n<tr>\r\n<td><i class=\"fa fa-heartbeat fa-2x\"><\/i><\/td>\r\n<td><em>Physische Schwierigkeit<\/em><\/td>\r\n<td>M\u00e4\u00dfig - Hoch<\/td>\r\n<\/tr>\r\n<tr>\r\n<td><i class=\"fa fa-bus fa-2x\"><\/i><\/td>\r\n<td><em>Zeit im Lieferwagen (ohne Uplifts)<\/em><\/td>\r\n<td>40 Minuten.<\/td>\r\n<\/tr>\r\n<\/tbody>\r\n<\/table>\r\n<\/p>\r\n\r\n\n<\/div><h2 class=\"tabtitle\">Donnerstag<\/h2>\n<div class=\"tabcontent\">\n\r\n<h3>Ainsa Mountainbike Urlaub | Tag 5<\/h3>\r\n<p>Heute ist ein gro\u00dfer Tag. Wir beginnen mit einem guten Aufzug in den Van und wir geben eine wirklich alte Spur, die jetzt eine Reihe von verlassenen und halb-verlassenen D\u00f6rfer verbindet. Es ist etwa 15km, mit etwa 250m H\u00f6henunterschied, so dass Sie arbeiten m\u00fcssen, wie es einen alten Fluss flussabw\u00e4rts folgt. Die Strecke ist jedoch erstaunlich, ein wilder Singletrack, der uns daran erinnert, wof\u00fcr unsere Fahrr\u00e4der erfunden wurden. Nach diesem Trail essen wir im Van zu Mittag und fahren dann am Nachmittag 3 oder 4 weitere Trails mit einer Mischung aus Treten und Steigung. Es ist ein sehr harter Tag, aber einer der besten.<\/p> \r\n\r\n<table style=\"vertical-align: middle;\" width=\"100%\">\r\n<colgroup width=\"5%\">\r\n<colgroup width=\"25%\">\r\n<colgroup width=\"15%\">\r\n<tbody>\r\n<tr>\r\n<td><i class=\"fa fa-road fa-2x\"><\/i><\/td>\r\n<td><em>Zur\u00fcckgelegte Strecke<\/em><\/td>\r\n<td>30km<\/td>\r\n<\/tr>\r\n<tr>\r\n<td><i class=\"fa fa-clock-o fa-2x\"><\/i><\/td>\r\n<td><em>Zeit zum Reiten<\/em><\/td>\r\n<td>7 Stunden<\/td>\r\n<\/tr>\r\n<tr>\r\n<td><i class=\"fa fa-arrow-up fa-2x\"><\/i><\/td>\r\n<td><em>Klettern<\/em><\/td>\r\n<td>500m<\/td>\r\n<\/tr>\r\n<tr>\r\n<td><i class=\"fa fa-arrow-down fa-2x\"><\/i><\/td>\r\n<td><em>Absteigend<\/em><\/td>\r\n<td>1700m<\/td>\r\n<\/tr>\r\n<tr>\r\n<td><i class=\"fa fa-bicycle fa-2x\"><\/i><\/td>\r\n<td><em>Technische Schwierigkeit<\/em><\/td>\r\n<td>M\u00e4\u00dfig bis sehr hoch<\/td>\r\n<\/tr>\r\n<tr>\r\n<td><i class=\"fa fa-heartbeat fa-2x\"><\/i><\/td>\r\n<td><em>Physische Schwierigkeit<\/em><\/td>\r\n<td>Sehr hoch<\/td>\r\n<\/tr>\r\n<tr>\r\n<td><i class=\"fa fa-bus fa-2x\"><\/i><\/td>\r\n<td><em>Zeit im Lieferwagen (ohne Uplifts)<\/em><\/td>\r\n<td>1 Stunde und 30 Minuten.<\/td>\r\n<\/tr>\r\n<\/tbody>\r\n<\/table>\r\n<\/p>\r\n\r\n\r\n\n<\/div><h2 class=\"tabtitle\">Freitag<\/h2>\n<div class=\"tabcontent\">\n\r\n<h3>Ainsa Enduro Mountainbike Urlaub | Tag 6<\/h3>\r\n<p>Heute ist unser letzter Tag und wir werden weiterhin die Trails in der N\u00e4he der Basis befahren. Wir fahren einige Uplifts und nutzen die Vans, um einige Trails als Point-to-Points zu fahren. Wir fahren einen klassischen Trail r\u00fcckw\u00e4rts, um den Anstieg als Abfahrt zu genie\u00dfen, was viel, viel besser funktioniert und wie die Einheimischen ihn fahren. Zum Abschluss nehmen wir einen gro\u00dfen Uplift, um die letzte EWS-Etappe zur\u00fcck in die Stadt zu fahren. Es ist ein erstaunliches und kniffliges Finish, und als wir auf dem Hauptplatz ankommen, ist es Zeit f\u00fcr ein Bier und High Fives, da wir unsere Woche auf den erstaunlichen Trails in diesem Teil der Welt beendet haben. <\/p>\r\n\r\n<table style=\"vertical-align: middle;\" width=\"100%\">\r\n<colgroup width=\"5%\">\r\n<colgroup width=\"25%\">\r\n<colgroup width=\"15%\">\r\n<tbody>\r\n<tr>\r\n<td><i class=\"fa fa-road fa-2x\"><\/i><\/td>\r\n<td><em>Zur\u00fcckgelegte Strecke<\/em><\/td>\r\n<td>30km<\/td>\r\n<\/tr>\r\n<tr>\r\n<td><i class=\"fa fa-clock-o fa-2x\"><\/i><\/td>\r\n<td><em>Zeit zum Reiten<\/em><\/td>\r\n<td>6 Stunden<\/td>\r\n<\/tr>\r\n<tr>\r\n<td><i class=\"fa fa-arrow-up fa-2x\"><\/i><\/td>\r\n<td><em>Klettern<\/em><\/td>\r\n<td>500m<\/td>\r\n<\/tr>\r\n<tr>\r\n<td><i class=\"fa fa-arrow-down fa-2x\"><\/i><\/td>\r\n<td><em>Absteigend<\/em><\/td>\r\n<td>2000m<\/td>\r\n<\/tr>\r\n<tr>\r\n<td><i class=\"fa fa-bicycle fa-2x\"><\/i><\/td>\r\n<td><em>Technische Schwierigkeit<\/em><\/td>\r\n<td>Hoch<\/td>\r\n<\/tr>\r\n<tr>\r\n<td><i class=\"fa fa-heartbeat fa-2x\"><\/i><\/td>\r\n<td><em>Physische Schwierigkeit<\/em><\/td>\r\n<td>Moderat - Hoch<\/td>\r\n<\/tr>\r\n<tr>\r\n<td><i class=\"fa fa-bus fa-2x\"><\/i><\/td>\r\n<td><em>Zeit im Lieferwagen (ohne Uplifts)<\/em><\/td>\r\n<td>0 Stunden.<\/td>\r\n<\/tr>\r\n<\/tbody>\r\n<\/table>\r\n<\/p>\r\n\r\n\n<\/div><h2 class=\"tabtitle\">Samstag<\/h2>\n<div class=\"tabcontent\">\n\r\nTut mir leid, Leute, aber das ist das Ende der Reise. Heute Morgen bringt Sie der Transferbus zur\u00fcck nach Bilbao und holt die n\u00e4chste gl\u00fcckliche Gruppe ab!\r\n\r\n\r\n<\/div><\/div>","protected":false},"excerpt":{"rendered":"<p>Die Strecken, die wir w\u00e4hrend unseres Ainsa-Enduro-Mountainbike-Urlaubs befahren. <\/p>","protected":false},"author":1,"featured_media":12225,"parent":11485,"menu_order":99,"comment_status":"closed","ping_status":"closed","template":"","meta":{"_monsterinsights_skip_tracking":false,"_monsterinsights_sitenote_active":false,"_monsterinsights_sitenote_note":"","_monsterinsights_sitenote_category":0,"footnotes":""},"categories":[136],"tags":[1029],"class_list":["post-12200","page","type-page","status-publish","has-post-thumbnail","hentry","category-route-guides","tag-ainsa-enduro-mountain-bike-holiday"],"featured_image_src":"https:\/\/www.basquemtb.com\/wp-content\/uploads\/enduro-mountain-bike-holiday.jpg","featured_image_src_square":"https:\/\/www.basquemtb.com\/wp-content\/uploads\/enduro-mountain-bike-holiday.jpg","_links":{"self":[{"href":"https:\/\/www.basquemtb.com\/de\/wp-json\/wp\/v2\/pages\/12200","targetHints":{"allow":["GET"]}}],"collection":[{"href":"https:\/\/www.basquemtb.com\/de\/wp-json\/wp\/v2\/pages"}],"about":[{"href":"https:\/\/www.basquemtb.com\/de\/wp-json\/wp\/v2\/types\/page"}],"author":[{"embeddable":true,"href":"https:\/\/www.basquemtb.com\/de\/wp-json\/wp\/v2\/users\/1"}],"replies":[{"embeddable":true,"href":"https:\/\/www.basquemtb.com\/de\/wp-json\/wp\/v2\/comments?post=12200"}],"version-history":[{"count":0,"href":"https:\/\/www.basquemtb.com\/de\/wp-json\/wp\/v2\/pages\/12200\/revisions"}],"up":[{"embeddable":true,"href":"https:\/\/www.basquemtb.com\/de\/wp-json\/wp\/v2\/pages\/11485"}],"wp:featuredmedia":[{"embeddable":true,"href":"https:\/\/www.basquemtb.com\/de\/wp-json\/wp\/v2\/media\/12225"}],"wp:attachment":[{"href":"https:\/\/www.basquemtb.com\/de\/wp-json\/wp\/v2\/media?parent=12200"}],"wp:term":[{"taxonomy":"category","embeddable":true,"href":"https:\/\/www.basquemtb.com\/de\/wp-json\/wp\/v2\/categories?post=12200"},{"taxonomy":"post_tag","embeddable":true,"href":"https:\/\/www.basquemtb.com\/de\/wp-json\/wp\/v2\/tags?post=12200"}],"curies":[{"name":"wp","href":"https:\/\/api.w.org\/{rel}","templated":true}]}}