{"id":14716,"date":"2019-11-28T09:31:49","date_gmt":"2019-11-28T09:31:49","guid":{"rendered":"https:\/\/www.basquemtb.com\/?page_id=14716"},"modified":"2024-06-24T15:44:34","modified_gmt":"2024-06-24T15:44:34","slug":"terms-and-conditions","status":"publish","type":"page","link":"https:\/\/www.basquemtb.com\/de\/bedingungen-und-konditionen\/","title":{"rendered":"Bedingungen und Konditionen"},"content":{"rendered":"<div class=\"wp-block-genesis-blocks-gb-container text-fullscreen gb-block-container\"><div class=\"gb-container-inside\"><div class=\"gb-container-content\">\n<h3 class=\"wp-block-heading\">Einzahlungen, Erstattungen, Zahlungen<\/h3>\n\n\n\n<p>Eine Anzahlung ist erforderlich, um die Buchung zu sichern, und die Restzahlung ist 6 Wochen vor der Reise f\u00e4llig. Alle Zahlungen sind im Falle einer Stornierung durch den Kunden nicht erstattungsf\u00e4hig. Wir empfehlen Ihnen dringend, bei der Buchung eine Reiseversicherung abzuschlie\u00dfen, die Sie sch\u00fctzt, falls Sie aus irgendeinem Grund stornieren m\u00fcssen. <\/p>\n\n\n\n<p>Eine Buchung ist erst dann best\u00e4tigt, wenn wir Ihnen eine vollst\u00e4ndige Quittung zugesandt haben. Bitte buchen Sie keine Reise, bevor Sie die Quittung erhalten haben, da Sie nicht vollst\u00e4ndig f\u00fcr die Reise gebucht sind und wir diese Angaben als unseren Vertrag mit Ihnen verwenden und die Reise entsprechend dieser Quittung organisieren. <\/p>\n\n\n\n<p>Es liegt in der Verantwortung des Kunden, sicherzustellen, dass die Angaben auf der Quittung mit seinen Anforderungen \u00fcbereinstimmen. Wir k\u00f6nnen keine Verantwortung f\u00fcr etwas \u00fcbernehmen, das nicht auf der Quittung angegeben ist.<\/p>\n\n\n\n<div style=\"height:25px\" aria-hidden=\"true\" class=\"wp-block-spacer\"><\/div>\n\n\n\n<h3 class=\"wp-block-heading\">Rechtliche Dinge<\/h3>\n\n\n\n<p><strong>DIENSTVORSCHRIFTEN UND -BEDINGUNGEN<\/strong><\/p>\n\n\n\n<p>Mit der Buchung erkl\u00e4rt sich der Kunde mit diesen Bedingungen und Konditionen einverstanden. Das Unternehmen beh\u00e4lt sich das Recht vor, jede Buchung abzulehnen. Die zu erbringenden Leistungen sind die in der Buchungsbest\u00e4tigung genannten Aktivit\u00e4ten.<\/p>\n\n\n\n<p>Bitte lesen Sie die nachstehenden Bedingungen, die f\u00fcr die Erbringung des Dienstes gelten, sorgf\u00e4ltig durch.<\/p>\n\n\n\n<p>Wenn Sie eine Reise mit dem Unternehmen kaufen, schlie\u00dfen Sie einen verbindlichen Vertrag \u00fcber die Durchf\u00fchrung der in der Website beschriebenen Aktivit\u00e4ten mit all ihren Einschl\u00fcssen und Ausschl\u00fcssen zu dem auf der Website angegebenen Preis. Dieser Vertrag wird nicht vollst\u00e4ndig wirksam, bis die Zahlung des Gesamtbetrags des Preises auf dem Bankkonto des Unternehmens hinterlegt worden ist.<\/p>\n\n\n\n<p>Um die Reise zu sichern, ist eine Anzahlung erforderlich. Die H\u00f6he der Anzahlung finden Sie auf www.basquemtb.com<\/p>\n\n\n\n<p>Dieser Vertrag unterliegt den Gesetzen Spaniens und wird nach diesen ausgelegt.<\/p>\n\n\n\n<p><strong>Risiko\u00fcbernahme. Begrenzung der Haftung.<\/strong><\/p>\n\n\n\n<p>(Diese Freigabe wird NUR einmal akzeptiert und bleibt f\u00fcr ALLE ODER ALLE VON DEM UNTERNEHMEN AUSGEW\u00c4HLTEN AKTIVIT\u00c4TEN des TEILNEHMERS w\u00e4hrend seines\/ihres Aufenthalts in Spanien g\u00fcltig und verbindlich).<\/p>\n\n\n\n<p>In Verbindung mit meiner Anmeldung bei dem Unternehmen, den Aktivit\u00e4ten, den Transfers und allen Leistungen dieser Buchung zu einer anderen Reise, einschlie\u00dflich aller Verl\u00e4ngerungen vor und nach der Reise, an denen ich teilnehme (zusammenfassend als \"Reise\" definiert):<\/p>\n\n\n\n<p>Der Teilnehmer erkl\u00e4rt, dass er sich bewusst ist, dass Mountainbiken gef\u00e4hrlich ist und unvorhersehbare Folgen haben kann. Der Teilnehmer erkennt an, dass er in voller Kenntnis dieser Tatsache teilnimmt. Der Teilnehmer ist sich daher der Risiken bewusst, die mit dieser Aktivit\u00e4t verbunden sind, und tut dies freiwillig. Der Teilnehmer nimmt zur Kenntnis, dass das Unternehmen zwar alle Vorkehrungen trifft, um seine Sicherheit zu gew\u00e4hrleisten, aber nicht f\u00fcr Verluste oder Sch\u00e4den haftet, die Personen oder Sachen infolge seiner Teilnahme an dieser Aktivit\u00e4t und der Reise im Allgemeinen entstehen.<\/p>\n\n\n\n<p>Der Teilnehmer versteht die Risiken, die mit einer Reise dieser Art verbunden sind, und hat sie sorgf\u00e4ltig abgewogen. Sie akzeptieren diese Risiken und \u00fcbernehmen die volle Verantwortung f\u00fcr jegliche Verluste, Verletzungen oder Sch\u00e4den, die im Zusammenhang mit ihrer Teilnahme an der Reise entstehen. Sie versichern, dass Sie f\u00fcr solche Verluste, Verletzungen oder Sch\u00e4den ausreichend versichert sind. Das Unternehmen kann keine Haftung f\u00fcr Sch\u00e4den oder den Verlust von Ausr\u00fcstungsgegenst\u00e4nden w\u00e4hrend dieser Reise oder infolge der Aktivit\u00e4ten auf der Reise \u00fcbernehmen, der Teilnehmer sollte eine Versicherung abschlie\u00dfen, die ihn vor etwaigen Verlusten sch\u00fctzt.<\/p>\n\n\n\n<p>Der Teilnehmer erkl\u00e4rt sich damit einverstanden, vor der Reise eine Versicherung abzuschlie\u00dfen, die ihn unter anderem bei Verletzungen, Verlusten, Evakuierungs- und Repatriierungskosten sch\u00fctzt.<\/p>\n\n\n\n<p>Wenn der Teilnehmer von einem k\u00f6rperlichen oder medizinischen Zustand wei\u00df, der die sichere Teilnahme oder den Genuss der vertraglich vereinbarten Aktivit\u00e4ten w\u00e4hrend der Reise beeintr\u00e4chtigen k\u00f6nnte, erkl\u00e4rt sich der Teilnehmer bereit, dies dem Unternehmen mitzuteilen.<\/p>\n\n\n\n<p>Personen, die unter dem Einfluss von Alkohol oder anderen Drogen stehen, d\u00fcrfen an keiner der Reisen teilnehmen. Alle gesundheitlichen oder k\u00f6rperlichen Probleme sollten dem Unternehmen bei der Buchung mitgeteilt werden.<\/p>\n\n\n\n<p>Das Unternehmen beh\u00e4lt sich das Recht vor, den Zeitplan und die Reiseroute ohne Vorank\u00fcndigung zu \u00e4ndern, wenn es zu Verkehrsbehinderungen, Stra\u00dfensperrungen, Hindernissen auf den Wegen oder anderen unvorhersehbaren Situationen kommt, wie z. B. bei schlechtem Wetter oder h\u00f6herer Gewalt. Das Unternehmen \u00fcbernimmt keine Verantwortung f\u00fcr \u00c4nderungen des Zeitplans oder der Reiseroute, die au\u00dferhalb der Kontrolle der Organisatoren liegen.<\/p>\n\n\n\n<p><strong>Annullierungspolitik<\/strong><\/p>\n\n\n\n<p>Der Betrag der Anzahlung oder der gesamte Reisepreis wird nicht zur\u00fcckerstattet, wenn die Reise aufgrund von Umst\u00e4nden, h\u00f6herer Gewalt oder aus Gr\u00fcnden, die die Sicherheit der Reise beeintr\u00e4chtigen, abgesagt werden muss.<\/p>\n\n\n\n<p>Anzahlungen sind zu leisten, um die Reise zu sichern, und werden nicht zur\u00fcckerstattet. Der Restbetrag f\u00fcr die Reise ist sechs Wochen vor Reisebeginn zu zahlen und wird nicht zur\u00fcckerstattet. Wenn das Unternehmen die Reise aufgrund h\u00f6herer Gewalt oder Wetterbedingungen absagt, werden die Anzahlung und der Restbetrag des Reisepreises nicht zur\u00fcckerstattet.<\/p>\n\n\n\n<p><strong>BEDINGUNGEN F\u00dcR DIE NUTZUNG DER WEBSITE<\/strong><\/p>\n\n\n\n<p><strong>Einf\u00fchrung<\/strong><\/p>\n\n\n\n<p>Die vorliegenden allgemeinen Nutzungsbedingungen der Webseite, regeln die Bedingungen f\u00fcr den Zugang und die Nutzung von www.basquemtb.com, Eigentum von Douglas McDonald Y1739108T, im Folgenden als \"das Unternehmen\", die der Benutzer der Web muss lesen und akzeptieren, um alle Dienstleistungen und Informationen, die von dem Portal zur Verf\u00fcgung gestellt werden. Der blo\u00dfe Zugang und \/ oder die Nutzung der Web, alle oder einen Teil seiner Inhalte und \/ oder Dienstleistungen bedeutet die volle Akzeptanz dieser allgemeinen Nutzungsbedingungen.<\/p>\n\n\n\n<p><strong>Bedingungen f\u00fcr die Nutzung<\/strong><\/p>\n\n\n\n<p>Die vorliegenden allgemeinen Nutzungsbedingungen f\u00fcr das Web regeln den Zugang und die Nutzung des Webs, einschlie\u00dflich der Inhalte und Dienstleistungen, die den Nutzern im und\/oder \u00fcber das Web zur Verf\u00fcgung gestellt werden, entweder durch das Web, durch seine Nutzer oder durch Dritte. Allerdings kann der Zugang zu und die Nutzung von bestimmten Inhalten und \/ oder Dienstleistungen zu bestimmten spezifischen Bedingungen unterliegen.<\/p>\n\n\n\n<p><strong>\u00c4nderungen<\/strong><\/p>\n\n\n\n<p>Das Unternehmen beh\u00e4lt sich das Recht vor, jederzeit die allgemeinen Nutzungsbedingungen der Website zu \u00e4ndern. In jedem Fall ist es empfehlenswert, dass Sie regelm\u00e4\u00dfig diese Bedingungen f\u00fcr die Nutzung der Website zu konsultieren, da sie ge\u00e4ndert werden k\u00f6nnen.<\/p>\n\n\n\n<p><strong>Pflichten des Nutzers<\/strong><\/p>\n\n\n\n<p>Der Benutzer muss zu jeder Zeit die in diesen allgemeinen Bedingungen f\u00fcr die Nutzung des Webs festgelegten Bedingungen einhalten. Der Nutzer erkl\u00e4rt ausdr\u00fccklich, dass er das Portal gewissenhaft nutzen und jede Verantwortung \u00fcbernehmen wird, die sich aus der Verletzung der Regeln ergeben kann.<\/p>\n\n\n\n<p>Ebenso darf der Nutzer das Web nicht nutzen, um Daten oder Inhalte zu \u00fcbertragen, zu speichern, zu verbreiten, zu f\u00f6rdern oder zu vertreiben, die Tr\u00e4ger von Viren oder anderen Computercodes, Dateien oder Programmen sind, die dazu bestimmt sind, den Betrieb von Programmen, Computern oder Telekommunikationseinrichtungen zu unterbrechen, zu zerst\u00f6ren oder zu beeintr\u00e4chtigen.<\/p>\n\n\n\n<p><strong>Verantwortung des Webs<\/strong><\/p>\n\n\n\n<p>Au\u00dfer in den F\u00e4llen, in denen das Gesetz ausdr\u00fccklich etwas anderes vorschreibt, und ausschlie\u00dflich in dem Umfang und Ausma\u00df, in dem es dies vorschreibt, \u00fcbernimmt web keine Garantie oder Verantwortung f\u00fcr Sch\u00e4den und Verluste, die durch die Nutzung und den Gebrauch von Informationen, Daten und Dienstleistungen des web verursacht werden.<\/p>\n\n\n\n<p>In jedem Fall schlie\u00dft das Web jede Haftung f\u00fcr Sch\u00e4den, die aufgrund von Informationen und \/ oder Dienstleistungen zur Verf\u00fcgung gestellt oder von Dritten als das Unternehmen geliefert werden k\u00f6nnen. Alle Verantwortung wird von der dritten Partei, entweder Lieferant oder Mitarbeiter sein.<\/p>\n\n\n\n<p><strong>Geistiges und gewerbliches Eigentum<\/strong><\/p>\n\n\n\n<p>Alle Inhalte, Marken, Logos, Zeichnungen, Dokumentationen, Computerprogramme oder andere Elemente, die durch die Gesetze zum Schutz des geistigen oder gewerblichen Eigentums gesch\u00fctzt werden k\u00f6nnen, die auf dem Portal zug\u00e4nglich sind, geh\u00f6ren ausschlie\u00dflich dem Unternehmen oder seinen rechtm\u00e4\u00dfigen Eigent\u00fcmern und es werden ausdr\u00fccklich alle Rechte an ihnen vorbehalten.<\/p>\n\n\n\n<p>In jedem Fall beh\u00e4lt sich das Web alle Rechte \u00fcber die Inhalte, Informationsdaten und Dienstleistungen, die es auf ihnen hat. Das Web gew\u00e4hrt dem Benutzer keine Lizenz oder Genehmigung zur Nutzung seiner Inhalte, Daten oder Dienstleistungen, au\u00dfer derjenigen, die ausdr\u00fccklich in diesen allgemeinen Nutzungsbedingungen des Portals aufgef\u00fchrt ist.<\/p>\n\n\n\n<p><strong>Geltende Rechtsvorschriften, Gerichtsbarkeit und Notifikationen<\/strong><\/p>\n\n\n\n<p>Die vorliegenden Bedingungen werden gem\u00e4\u00df den spanischen Gesetzen geregelt und interpretiert. Alle Mitteilungen, Anfragen und andere Kommunikationen, die der Nutzer an das Unternehmen, das die Website betreibt, richten m\u00f6chte, m\u00fcssen schriftlich erfolgen und gelten als korrekt ausgef\u00fchrt, wenn sie an der folgenden Adresse eingegangen sind: Calle San Jose Langilea 2, 1A, Irun 20303, Gipuzkoa.<\/p>\n<\/div><\/div><\/div>","protected":false},"excerpt":{"rendered":"","protected":false},"author":1,"featured_media":0,"parent":0,"menu_order":0,"comment_status":"closed","ping_status":"closed","template":"","meta":{"_monsterinsights_skip_tracking":false,"_monsterinsights_sitenote_active":false,"_monsterinsights_sitenote_note":"","_monsterinsights_sitenote_category":0,"footnotes":""},"categories":[110],"tags":[],"class_list":["post-14716","page","type-page","status-publish","hentry","category-general-mountain-bike"],"featured_image_src":null,"featured_image_src_square":null,"_links":{"self":[{"href":"https:\/\/www.basquemtb.com\/de\/wp-json\/wp\/v2\/pages\/14716","targetHints":{"allow":["GET"]}}],"collection":[{"href":"https:\/\/www.basquemtb.com\/de\/wp-json\/wp\/v2\/pages"}],"about":[{"href":"https:\/\/www.basquemtb.com\/de\/wp-json\/wp\/v2\/types\/page"}],"author":[{"embeddable":true,"href":"https:\/\/www.basquemtb.com\/de\/wp-json\/wp\/v2\/users\/1"}],"replies":[{"embeddable":true,"href":"https:\/\/www.basquemtb.com\/de\/wp-json\/wp\/v2\/comments?post=14716"}],"version-history":[{"count":0,"href":"https:\/\/www.basquemtb.com\/de\/wp-json\/wp\/v2\/pages\/14716\/revisions"}],"wp:attachment":[{"href":"https:\/\/www.basquemtb.com\/de\/wp-json\/wp\/v2\/media?parent=14716"}],"wp:term":[{"taxonomy":"category","embeddable":true,"href":"https:\/\/www.basquemtb.com\/de\/wp-json\/wp\/v2\/categories?post=14716"},{"taxonomy":"post_tag","embeddable":true,"href":"https:\/\/www.basquemtb.com\/de\/wp-json\/wp\/v2\/tags?post=14716"}],"curies":[{"name":"wp","href":"https:\/\/api.w.org\/{rel}","templated":true}]}}