{"id":2470,"date":"2010-12-05T21:56:58","date_gmt":"2010-12-05T21:56:58","guid":{"rendered":"http:\/\/localhost\/basquemtb\/?page_id=2470"},"modified":"2024-12-07T16:50:57","modified_gmt":"2024-12-07T16:50:57","slug":"whats-included","status":"publish","type":"page","link":"https:\/\/www.basquemtb.com\/de\/was-enthalten-ist\/","title":{"rendered":"Buchung"},"content":{"rendered":"<h2 class=\"wp-block-heading\">Buchen Sie Ihren Mountainbike-Urlaub<\/h2>\n\n\n\n<div class=\"highlight-box\">\n<p class=\"large-text text-box-wide\">Wir haben kein vollautomatisches Buchungssystem. <span class=\"accent-color\">Warum?<\/span> Denn mit einem automatisierten Buchungssystem ist es unm\u00f6glich, die Menschen richtig in die entsprechenden Gruppen einzuteilen. Und <span class=\"accent-color\">Gruppen auf \u00e4hnlichem Niveau = tolle Ferien f\u00fcr alle!<\/span><br><\/p>\n<\/div>\n\n\n\n<div class=\"spacer\"><\/div>\n\n\n\n<div class=\"text-box\">\n<h2 id=\"text-fullscreen\"><strong>So buchen Sie Ihren Mountainbike-Urlaub:<\/strong><\/h2>\n<p class=\"centrak\"><strong>SCHRITT 1: <\/strong>Werfen Sie einen Blick auf die Arten von <a href=\"\/de\/mountainbike-ferien\/\">Mountainbike-Ferien<\/a> wir anbieten. Siehe unser <a href=\"\/de\/leitfaden-fur-mountainbike-urlaub-und-fitness\/\"><a href=\"http:\/\/<div class=&quot;cta-button-container&quot;&gt;<a href=&quot;\/mountain-bike-holiday-skills-and-fitness-guide\/&quot; class=&quot;cta-button&quot;&gt;\"><\/a><a href=\"\/de\/leitfaden-fur-mountainbike-urlaub-und-fitness\/\"><\/a>Leitfaden f\u00fcr Fitness und F\u00e4higkeiten<\/a> um zu sehen, welche Reise f\u00fcr Sie geeignet ist. Unser siehe unser <a href=\"\/de\/ferienbuchungskalender\/\">Ferienkalender <\/a>wenn Sie bereits Termine f\u00fcr Ihre Reise geplant haben. <\/p>\n<div class=\"seperator\"><\/div>\n<p class=\"has-text-align-left text-fullscreen-list\"><strong>SCHRITT 2: <\/strong>Wenn Sie \u00fcber eine Reise sprechen m\u00f6chten, dann <a href=\"\/de\/was-enthalten-ist\/sich-melden\/\">Bitte kontaktieren Sie uns<\/a>. Wir freuen uns immer, Fragen zu beantworten, denn mehr Fragen bedeuten bessere Ferien!<\/p>\n<div class=\"seperator\"><\/div>\n<p class=\"has-text-align-left text-fullscreen-list\"><strong>SCHRITT 3<\/strong>: Wenn Sie bereit sind, melden Sie Ihr Interesse an einer Reise \u00fcber die <a href=\"\/de\/was-enthalten-ist\/urlaubs-buchungsformular\/\">Urlaubs-Buchungsformular<\/a>. So erhalten Sie alle Informationen, und wir werden die Verf\u00fcgbarkeit best\u00e4tigen. <\/p>\n<div class=\"seperator\"><\/div>\n<p class=\"has-text-align-left text-fullscreen-list\"><strong>SCHRITT 4:<\/strong> Sobald wir einen Platz f\u00fcr Sie reserviert haben, erhalten wir alle Ihre Informationen und fordern eine Anzahlung von 25%. <\/p>\n<div class=\"seperator\"><\/div>\n<p class=\"has-text-align-left text-fullscreen-list\"><strong>SCHRITT 5:<\/strong> Wir senden Ihnen eine vollst\u00e4ndige Buchungsbest\u00e4tigung zu. Damit sind Sie vollst\u00e4ndig gebucht. <\/p>\n<div class=\"seperator\"><\/div>\n<p class=\"has-text-align-left text-fullscreen-list\"><strong>SCHRITT 6<\/strong>: Sechs Wochen vor Ihrer Reise zahlen Sie den Restbetrag. <\/p>\n<div class=\"seperator\"><\/div>\n<p class=\"text-box\">Vollst\u00e4ndig <a class=\"rank-math-link\" href=\"https:\/\/www.basquemtb.com\/de\/bedingungen-und-konditionen\/\">Bedingungen und Konditionen<\/a> sind hier verf\u00fcgbar. <\/p>\n<\/div>\n\n\n\n<div class=\"spacer\"><\/div>\n\n\n\n<div class=\"highlight-box\">\n<p class=\"large-text text-box\">W\u00e4hlen Sie eine Reise, die zu Ihnen passt. Mehr als <span class=\"accent-color\">60%<\/span> unserer G\u00e4ste sind <span class=\"accent-color\">wiederkehrende Besucher<\/span> Wenn Sie sich also nicht sicher sind, f\u00fcr welchen Urlaub Sie sich interessieren, machen Sie sich keine Sorgen, Sie werden wahrscheinlich wiederkommen!<br><\/p>\n<\/div>\n\n\n\n<div class=\"spacer\"><\/div>\n\n\n\n<h2 class=\"wp-block-heading\">MIT DEM MOUNTAINBIKE UNTERWEGS?<\/h2>\n\n\n\n<p class=\"text-box\">Fliegen mit dem Fahrrad ist einfach. Sie k\u00f6nnen alles dar\u00fcber auf unserer <a href=\"https:\/\/www.basquemtb.com\/de\/travel-with-your-mountain-bike\/\">Reisen Sie mit Ihrem Mountainbike<\/a> Leitfaden. <\/p>\n\n\n\n<p class=\"text-box\">Wir k\u00f6nnen auch <a class=\"rank-math-link\" href=\"https:\/\/www.basquemtb.com\/de\/was-enthalten-ist\/mountainbike-verleih\/\">hochwertige Mountainbikes mieten.<\/a><\/p>\n\n\n\n<div class=\"spacer\"><\/div>\n\n\n\n<h2 class=\"wp-block-heading\">ALLEINE NACH SPANIEN REISEN?<\/h2>\n\n\n\n<p class=\"text-box\">Alle unsere Preise sind auf der Basis von zwei Personen, die sich ein Zimmer teilen, berechnet. Sie k\u00f6nnen auch als Einzelperson buchen, wir bem\u00fchen uns jedoch, zwei Einzelpersonen desselben Geschlechts im selben Zimmer unterzubringen. Wenn Sie dies nicht w\u00fcnschen, m\u00fcssen wir einen Einzelzimmerzuschlag erheben, den Sie bitte bei uns erfragen. Wenn Sie als ungerade Gruppe reisen, bieten wir Ihnen die M\u00f6glichkeit, ein Zimmer zu dritt zu belegen, anstatt es mit einer fremden Person zu teilen.<\/p>\n\n\n\n<div class=\"spacer\"><\/div>","protected":false},"excerpt":{"rendered":"<p>Booking Your Mountain Bike Holiday We don&#8217;t have a fully automated booking system. Why? Because it is impossible to properly stream people into appropriate groups with an automated booking system. And groups at a similar level = great holidays for everyone! How to book your mountain bike holiday: STEP 1: Have a look at the [&hellip;]<\/p>","protected":false},"author":1,"featured_media":27820,"parent":0,"menu_order":20,"comment_status":"closed","ping_status":"closed","template":"","meta":{"_monsterinsights_skip_tracking":false,"_monsterinsights_sitenote_active":false,"_monsterinsights_sitenote_note":"","_monsterinsights_sitenote_category":0,"footnotes":""},"categories":[620],"tags":[],"class_list":["post-2470","page","type-page","status-publish","has-post-thumbnail","hentry","category-basquemtb"],"featured_image_src":"https:\/\/www.basquemtb.com\/wp-content\/uploads\/mountain-bike-holidays-spain-basquemtb-600x400.jpg","featured_image_src_square":"https:\/\/www.basquemtb.com\/wp-content\/uploads\/mountain-bike-holidays-spain-basquemtb-600x600.jpg","_links":{"self":[{"href":"https:\/\/www.basquemtb.com\/de\/wp-json\/wp\/v2\/pages\/2470","targetHints":{"allow":["GET"]}}],"collection":[{"href":"https:\/\/www.basquemtb.com\/de\/wp-json\/wp\/v2\/pages"}],"about":[{"href":"https:\/\/www.basquemtb.com\/de\/wp-json\/wp\/v2\/types\/page"}],"author":[{"embeddable":true,"href":"https:\/\/www.basquemtb.com\/de\/wp-json\/wp\/v2\/users\/1"}],"replies":[{"embeddable":true,"href":"https:\/\/www.basquemtb.com\/de\/wp-json\/wp\/v2\/comments?post=2470"}],"version-history":[{"count":0,"href":"https:\/\/www.basquemtb.com\/de\/wp-json\/wp\/v2\/pages\/2470\/revisions"}],"wp:featuredmedia":[{"embeddable":true,"href":"https:\/\/www.basquemtb.com\/de\/wp-json\/wp\/v2\/media\/27820"}],"wp:attachment":[{"href":"https:\/\/www.basquemtb.com\/de\/wp-json\/wp\/v2\/media?parent=2470"}],"wp:term":[{"taxonomy":"category","embeddable":true,"href":"https:\/\/www.basquemtb.com\/de\/wp-json\/wp\/v2\/categories?post=2470"},{"taxonomy":"post_tag","embeddable":true,"href":"https:\/\/www.basquemtb.com\/de\/wp-json\/wp\/v2\/tags?post=2470"}],"curies":[{"name":"wp","href":"https:\/\/api.w.org\/{rel}","templated":true}]}}