{"id":373,"date":"2009-08-26T10:36:36","date_gmt":"2009-08-26T10:36:36","guid":{"rendered":"http:\/\/basquemtb.com\/?page_id=373"},"modified":"2024-12-07T17:04:34","modified_gmt":"2024-12-07T17:04:34","slug":"news-and-views","status":"publish","type":"page","link":"https:\/\/www.basquemtb.com\/de\/nachrichten-und-ansichten\/","title":{"rendered":"Nachrichten und Ansichten"},"content":{"rendered":"<div style=\"padding-left:5%;padding-right:5%\" class=\"wp-block-genesis-blocks-gb-container gb-block-container\"><div class=\"gb-container-inside\"><div class=\"gb-container-content\">\n<h2>NACHRICHTEN UND ANSICHTEN<\/h2>\n<p class=\"frontpage_text\">Willkommen in der BasqueMTB-News-Sektion. Hier finden Sie Neuigkeiten, was wir gemacht haben, Berichte \u00fcber die letzten Touren, Berichte \u00fcber die Ausr\u00fcstung, die wir benutzt haben, und alles, was sonst noch so anf\u00e4llt.<\/p>\n<p class=\"frontpage_text\">Wenn Sie diese Geschichten und andere Urlaubsnachrichten erhalten m\u00f6chten, dann senden Sie uns bitte <a aria-label=\"sich f\u00fcr unseren Newsletter anmelden.  (\u00f6ffnet in einer neuen Registerkarte)\" rel=\"noreferrer noopener\" href=\"http:\/\/eepurl.com\/bMcEH\" target=\"_blank\" class=\"rank-math-link\">sich f\u00fcr unseren Newsletter anmelden. <\/a><\/p>\n<div class=\"spacer\"><\/div>\n<div class=\"seperator\"><\/div>\n<div class=\"spacer\"><\/div>\n<div class=\"pt-cv-wrapper\"><div class=\"cvp-live-filter cvp-button\" id=\"\" data-name=\"tx_category\" data-sid=\"6c8ca02bmg\"><label class=\"cvp-label\">Kategorie<\/label><div class=\"btn\"><label><input type=\"radio\" name=\"tx_category\" value=\"\" checked><div>All<\/div><\/label><\/div><div class=\"btn\"><label><input type=\"radio\" name=\"tx_category\" value=\"mtb-holiday\" \/><div>Mountainbike-Urlaub<span class=\"cvp-count\"> (26)<\/span><\/div><\/label><\/div><div class=\"btn\"><label><input type=\"radio\" name=\"tx_category\" value=\"mountain-bike-equipment-reviews\" \/><div>Bewertungen<span class=\"cvp-count\"> (24)<\/span><\/div><\/label><\/div><div class=\"btn\"><label><input type=\"radio\" name=\"tx_category\" value=\"mountain-bike-images\" \/><div>Foto und Video<span class=\"cvp-count\"> (21)<\/span><\/div><\/label><\/div><div class=\"btn\"><label><input type=\"radio\" name=\"tx_category\" value=\"singletrack-news\" \/><div>Pfad<span class=\"cvp-count\"> (10)<\/span><\/div><\/label><\/div><div class=\"btn\"><label><input type=\"radio\" name=\"tx_category\" value=\"mountain-bike-holiday-advice\" \/><div>Mountainbike-Urlaubsberatung<span class=\"cvp-count\"> (7)<\/span><\/div><\/label><\/div><div class=\"btn\"><label><input type=\"radio\" name=\"tx_category\" value=\"general-mountain-bike\" \/><div>Allgemein<span class=\"cvp-count\"> (3)<\/span><\/div><\/label><\/div><div class=\"btn\"><label><input type=\"radio\" name=\"tx_category\" value=\"mountain-bike-repair\" \/><div>Mechanisch<span class=\"cvp-count\"> (3)<\/span><\/div><\/label><\/div><div class=\"btn\"><label><input type=\"radio\" name=\"tx_category\" value=\"route-guides\" \/><div>Routenf\u00fchrer<span class=\"cvp-count\"> (3)<\/span><\/div><\/label><\/div><\/div><div class=\"pt-cv-view pt-cv-masonry pt-cv-pinterest pt-cv-shadow pt-cv-bb pt-cv-pgregular cvp-lfres\" id=\"pt-cv-view-6c8ca02bmg\"><div data-id=\"pt-cv-page-1\" class=\"pt-cv-page\" data-cvc=\"1\"><div class=\"col-md-3 col-sm-4 col-xs-12 pt-cv-content-item pt-cv-1-col\"  data-pid=\"45776\"><div class='pt-cv-pinmas'><a href=\"https:\/\/www.basquemtb.com\/de\/building-mtb-trails-in-the-basque-country\/\" class=\"_self pt-cv-href-thumbnail pt-cv-thumb-default cvplbd\" target=\"_self\"><img decoding=\"async\" width=\"1024\" height=\"683\" src=\"https:\/\/www.basquemtb.com\/wp-content\/uploads\/RP-80-80-1024x683.jpg\" class=\"pt-cv-thumbnail img-none skip-lazy  no-lazyload\" alt=\"Bera Bike Park\" data-no-lazy=\"1\" \/><\/a>\n<h4 class=\"pt-cv-title\"><a href=\"https:\/\/www.basquemtb.com\/de\/building-mtb-trails-in-the-basque-country\/\" class=\"_self cvplbd\" target=\"_self\">Building MTB Trails In The Basque Country and Building Community<\/a><\/h4><\/div><\/div>\n<div class=\"col-md-3 col-sm-4 col-xs-12 pt-cv-content-item pt-cv-1-col\"  data-pid=\"45777\"><div class='pt-cv-pinmas'><a href=\"https:\/\/www.basquemtb.com\/de\/essentials-for-mtb-holidays\/\" class=\"_self pt-cv-href-thumbnail pt-cv-thumb-default cvplbd\" target=\"_self\"><img decoding=\"async\" width=\"1024\" height=\"576\" src=\"https:\/\/www.basquemtb.com\/wp-content\/uploads\/Essential-Spares-for-MTB-Holidays-1-1-1024x576.jpg\" class=\"pt-cv-thumbnail img-none skip-lazy  no-lazyload\" alt=\"Essentials for MTB Holidays\" data-no-lazy=\"1\" \/><\/a>\n<h4 class=\"pt-cv-title\"><a href=\"https:\/\/www.basquemtb.com\/de\/essentials-for-mtb-holidays\/\" class=\"_self cvplbd\" target=\"_self\">Essentials for MTB Holidays<\/a><\/h4><\/div><\/div>\n<div class=\"col-md-6 col-sm-4 col-xs-12 pt-cv-content-item pt-cv-1-col\"  data-pid=\"45369\"><div class='pt-cv-pinmas'><a href=\"https:\/\/www.basquemtb.com\/de\/unsere-mtb-reisen-pyrenaen-im-fruhjahr-2025\/\" class=\"_self pt-cv-href-thumbnail pt-cv-thumb-default cvplbd\" target=\"_self\"><img decoding=\"async\" width=\"1024\" height=\"576\" src=\"https:\/\/www.basquemtb.com\/wp-content\/uploads\/Backcountry-Pyrenees-Feedback-1-1-1024x576.jpg\" class=\"pt-cv-thumbnail img-none skip-lazy  no-lazyload\" alt=\"In die G\u00e4nge kommen: Nehmen Sie an einer MTB-Tour in den Pyren\u00e4en im Fr\u00fchjahr 2025 teil\" data-no-lazy=\"1\" \/><\/a>\n<h4 class=\"pt-cv-title\"><a href=\"https:\/\/www.basquemtb.com\/de\/unsere-mtb-reisen-pyrenaen-im-fruhjahr-2025\/\" class=\"_self cvplbd\" target=\"_self\">In die G\u00e4nge kommen: Nehmen Sie an einer MTB-Tour in den Pyren\u00e4en im Fr\u00fchjahr 2025 teil<\/a><\/h4><\/div><\/div>\n<div class=\"col-md-3 col-sm-4 col-xs-12 pt-cv-content-item pt-cv-1-col\"  data-pid=\"45177\"><div class='pt-cv-pinmas'><a href=\"https:\/\/www.basquemtb.com\/de\/mountainbiking-in-den-pyrenaen-lokale-wanderwege\/\" class=\"_self pt-cv-href-thumbnail pt-cv-thumb-default cvplbd\" target=\"_self\"><img decoding=\"async\" width=\"1024\" height=\"682\" src=\"https:\/\/www.basquemtb.com\/wp-content\/uploads\/Pyrenees-Mountain-Bike-Evolution-Trail-Tales-18-1024x682.jpg\" class=\"pt-cv-thumbnail img-none skip-lazy  no-lazyload\" alt=\"Mountainbiken in den Pyren\u00e4en: Lokale Trails &amp; lokale Helden\" data-no-lazy=\"1\" \/><\/a>\n<h4 class=\"pt-cv-title\"><a href=\"https:\/\/www.basquemtb.com\/de\/mountainbiking-in-den-pyrenaen-lokale-wanderwege\/\" class=\"_self cvplbd\" target=\"_self\">Mountainbiken in den Pyren\u00e4en: Lokale Trails &amp; lokale Helden<\/a><\/h4><\/div><\/div>\n<div class=\"col-md-3 col-sm-4 col-xs-12 pt-cv-content-item pt-cv-1-col\"  data-pid=\"42532\"><div class='pt-cv-pinmas'><a href=\"https:\/\/www.basquemtb.com\/de\/vorbereitung-auf-eine-grose-mountainbike-tour\/\" class=\"_self pt-cv-href-thumbnail pt-cv-thumb-default cvplbd\" target=\"_self\"><img decoding=\"async\" width=\"1024\" height=\"576\" src=\"https:\/\/www.basquemtb.com\/wp-content\/uploads\/Pyrenees-Odyssey-108-1024x576.jpg\" class=\"pt-cv-thumbnail img-none skip-lazy  no-lazyload\" alt=\"Pyren\u00e4en Odyssey Mountainbike\" data-no-lazy=\"1\" \/><\/a>\n<h4 class=\"pt-cv-title\"><a href=\"https:\/\/www.basquemtb.com\/de\/vorbereitung-auf-eine-grose-mountainbike-tour\/\" class=\"_self cvplbd\" target=\"_self\">Vorbereitungen f\u00fcr eine gro\u00dfe Mountainbike-Reise<\/a><\/h4><\/div><\/div>\n<div class=\"col-md-3 col-sm-4 col-xs-12 pt-cv-content-item pt-cv-1-col\"  data-pid=\"41966\"><div class='pt-cv-pinmas'><a href=\"https:\/\/www.basquemtb.com\/de\/bc-pyrenees-fantastic-new-trails-in-tremp\/\" class=\"_self pt-cv-href-thumbnail pt-cv-thumb-default cvplbd\" target=\"_self\"><img decoding=\"async\" width=\"1024\" height=\"672\" src=\"https:\/\/www.basquemtb.com\/wp-content\/uploads\/backcountry-pyrenees-mountain-bike-holiday-5-1-1024x672.jpg\" class=\"pt-cv-thumbnail img-none skip-lazy  no-lazyload\" alt=\"Mountainbike-Urlaub im Hinterland der Pyren\u00e4en\" data-no-lazy=\"1\" \/><\/a>\n<h4 class=\"pt-cv-title\"><a href=\"https:\/\/www.basquemtb.com\/de\/bc-pyrenees-fantastic-new-trails-in-tremp\/\" class=\"_self cvplbd\" target=\"_self\">BC Pyren\u00e4en: Fantastische neue Wanderwege in Tremp<\/a><\/h4><\/div><\/div>\n<div class=\"col-md-3 col-sm-4 col-xs-12 pt-cv-content-item pt-cv-1-col\"  data-pid=\"31060\"><div class='pt-cv-pinmas'><a href=\"https:\/\/www.basquemtb.com\/de\/the-amazing-orbea-occam-lt-master-of-adventure\/\" class=\"_self pt-cv-href-thumbnail pt-cv-thumb-default cvplbd\" target=\"_self\"><img decoding=\"async\" width=\"1024\" height=\"683\" src=\"https:\/\/www.basquemtb.com\/wp-content\/uploads\/Orbea-Occam-LT-Review-8-1024x683.jpg\" class=\"pt-cv-thumbnail img-none skip-lazy  no-lazyload\" alt=\"Orbea Occam LT\" data-no-lazy=\"1\" \/><\/a>\n<h4 class=\"pt-cv-title\"><a href=\"https:\/\/www.basquemtb.com\/de\/the-amazing-orbea-occam-lt-master-of-adventure\/\" class=\"_self cvplbd\" target=\"_self\">Der erstaunliche Orbea Occam LT - Meister des Abenteuers<\/a><\/h4><\/div><\/div>\n<div class=\"col-md-6 col-sm-4 col-xs-12 pt-cv-content-item pt-cv-1-col\"  data-pid=\"30561\"><div class='pt-cv-pinmas'><a href=\"https:\/\/www.basquemtb.com\/de\/5-beste-mountainbike-strecken-in-den-pyrenaen\/\" class=\"_self pt-cv-href-thumbnail pt-cv-thumb-default cvplbd\" target=\"_self\"><img decoding=\"async\" width=\"1024\" height=\"768\" src=\"https:\/\/www.basquemtb.com\/wp-content\/uploads\/Pyrenees-Ladies-Mountain-Bike-Tour-11-1024x768.jpg\" class=\"pt-cv-thumbnail img-none skip-lazy  no-lazyload\" alt=\"Die 5 besten Mountainbike-Strecken in den Pyren\u00e4en?\" data-no-lazy=\"1\" \/><\/a>\n<h4 class=\"pt-cv-title\"><a href=\"https:\/\/www.basquemtb.com\/de\/5-beste-mountainbike-strecken-in-den-pyrenaen\/\" class=\"_self cvplbd\" target=\"_self\">Die 5 besten Mountainbike-Strecken in den Pyren\u00e4en?<\/a><\/h4><\/div><\/div>\n<div class=\"col-md-3 col-sm-4 col-xs-12 pt-cv-content-item pt-cv-1-col\"  data-pid=\"30634\"><div class='pt-cv-pinmas'><a href=\"https:\/\/www.basquemtb.com\/de\/mountainbike-tour-fur-frauen-in-den-pyrenaen\/\" class=\"_self pt-cv-href-thumbnail pt-cv-thumb-default cvplbd\" target=\"_self\"><img decoding=\"async\" width=\"1024\" height=\"478\" src=\"https:\/\/www.basquemtb.com\/wp-content\/uploads\/Pyrenees-Ladies-Mountain-Bike-Trip_2-1024x478.jpg\" class=\"pt-cv-thumbnail img-none skip-lazy  no-lazyload\" alt=\"Riders on the Storm | Ein Mountainbike-Trip f\u00fcr Frauen in den Pyren\u00e4en\" data-no-lazy=\"1\" \/><\/a>\n<h4 class=\"pt-cv-title\"><a href=\"https:\/\/www.basquemtb.com\/de\/mountainbike-tour-fur-frauen-in-den-pyrenaen\/\" class=\"_self cvplbd\" target=\"_self\">Riders on the Storm | Ein Mountainbike-Trip f\u00fcr Frauen in den Pyren\u00e4en<\/a><\/h4><\/div><\/div>\n<div class=\"col-md-3 col-sm-4 col-xs-12 pt-cv-content-item pt-cv-1-col\"  data-pid=\"30455\"><div class='pt-cv-pinmas'><a href=\"https:\/\/www.basquemtb.com\/de\/pyrenees-odyssey-amazing-pyrenees-mtb-adventures\/\" class=\"_self pt-cv-href-thumbnail pt-cv-thumb-default cvplbd\" target=\"_self\"><img decoding=\"async\" width=\"1024\" height=\"576\" src=\"https:\/\/www.basquemtb.com\/wp-content\/uploads\/Pyrenees-Odyssey-Mountain-Bike-1-1024x576.jpg\" class=\"pt-cv-thumbnail img-none skip-lazy  no-lazyload\" alt=\"Pyren\u00e4en Odyssey Mountainbike\" data-no-lazy=\"1\" \/><\/a>\n<h4 class=\"pt-cv-title\"><a href=\"https:\/\/www.basquemtb.com\/de\/pyrenees-odyssey-amazing-pyrenees-mtb-adventures\/\" class=\"_self cvplbd\" target=\"_self\">Pyren\u00e4en-Odyssee | Erstaunliche Pyren\u00e4en-MTB-Abenteuer<\/a><\/h4><\/div><\/div><\/div><\/div>\n<div class=\"text-left pt-cv-pagination-wrapper\"><ul class=\"pt-cv-pagination pt-cv-ajax pagination\" data-totalpages=\"10\" data-currentpage=\"1\" data-sid=\"6c8ca02bmg\" data-unid=\"\" data-isblock=\"\" data-postid=\"\"><li class=\"active\"><a href=\"#\">1<\/a><\/li>\n\t<li ><a class=\"\" href=\"https:\/\/www.basquemtb.com\/de\/wp-json\/wp\/v2\/pages\/373\/?_page=2\">2<\/a><\/li>\n\t<li ><a class=\"\" href=\"https:\/\/www.basquemtb.com\/de\/wp-json\/wp\/v2\/pages\/373\/?_page=3\">3<\/a><\/li>\n\t<li ><a href=\"#\">&hellip;<\/a><\/li>\n\t<li ><a class=\"\" href=\"https:\/\/www.basquemtb.com\/de\/wp-json\/wp\/v2\/pages\/373\/?_page=10\">10<\/a><\/li>\n\t<li ><a class=\"\" href=\"https:\/\/www.basquemtb.com\/de\/wp-json\/wp\/v2\/pages\/373\/?_page=2\">'<\/a><\/li>\n\t<\/ul><img decoding=\"async\" width=\"15\" height=\"15\" class=\"pt-cv-spinner\" alt=\"Wird geladen\u00a0\u2026\" src=\"data:image\/gif;base64,R0lGODlhDwAPALMPAMrKygwMDJOTkz09PZWVla+vr3p6euTk5M7OzuXl5TMzMwAAAJmZmWZmZszMzP\/\/\/yH\/C05FVFNDQVBFMi4wAwEAAAAh+QQFCgAPACwAAAAADwAPAAAEQvDJaZaZOIcV8iQK8VRX4iTYoAwZ4iCYoAjZ4RxejhVNoT+mRGP4cyF4Pp0N98sBGIBMEMOotl6YZ3S61Bmbkm4mAgAh+QQFCgAPACwAAAAADQANAAAENPDJSRSZeA418itN8QiK8BiLITVsFiyBBIoYqnoewAD4xPw9iY4XLGYSjkQR4UAUD45DLwIAIfkEBQoADwAsAAAAAA8ACQAABC\/wyVlamTi3nSdgwFNdhEJgTJoNyoB9ISYoQmdjiZPcj7EYCAeCF1gEDo4Dz2eIAAAh+QQFCgAPACwCAAAADQANAAAEM\/DJBxiYeLKdX3IJZT1FU0iIg2RNKx3OkZVnZ98ToRD4MyiDnkAh6BkNC0MvsAj0kMpHBAAh+QQFCgAPACwGAAAACQAPAAAEMDC59KpFDll73HkAA2wVY5KgiK5b0RRoI6MuzG6EQqCDMlSGheEhUAgqgUUAFRySIgAh+QQFCgAPACwCAAIADQANAAAEM\/DJKZNLND\/kkKaHc3xk+QAMYDKsiaqmZCxGVjSFFCxB1vwy2oOgIDxuucxAMTAJFAJNBAAh+QQFCgAPACwAAAYADwAJAAAEMNAs86q1yaWwwv2Ig0jUZx3OYa4XoRAfwADXoAwfo1+CIjyFRuEho60aSNYlOPxEAAAh+QQFCgAPACwAAAIADQANAAAENPA9s4y8+IUVcqaWJ4qEQozSoAzoIyhCK2NFU2SJk0hNnyEOhKR2AzAAj4Pj4GE4W0bkJQIAOw==\" \/><div class=\"clear pt-cv-clear-pagination\"><\/div><\/div><\/div>\t\t\t<style type=\"text\/css\" id=\"pt-cv-inline-style-e1f4ded2dc\">#pt-cv-view-6c8ca02bmg .pt-cv-title a, #pt-cv-view-6c8ca02bmg  .panel-title { font-weight: 600 !important; }\n#pt-cv-view-6c8ca02bmg .pt-cv-carousel-caption  { background-color: rgba(51,51,51,.6) !important; }\n#pt-cv-view-6c8ca02bmg .pt-cv-specialp { background-color: #CC3333 !important }\n#pt-cv-view-6c8ca02bmg .pt-cv-specialp * { color: #fff !important; }\n#pt-cv-view-6c8ca02bmg .pt-cv-pficon  { color: #bbb !important; }\n#pt-cv-view-6c8ca02bmg .pt-cv-readmore  { color: #ffffff !important; background-color: #00aeef !important; }\n#pt-cv-view-6c8ca02bmg .pt-cv-readmore:hover  { color: #ffffff !important; background-color: #00aeef !important; }\n#pt-cv-view-6c8ca02bmg  + .pt-cv-pagination-wrapper .pt-cv-more-inactive , #pt-cv-view-6c8ca02bmg  + .pt-cv-pagination-wrapper .pagination a, .pt-cv-pagination[data-sid='6c8ca02bmg'] a { color: #00465c !important; }\n#pt-cv-view-6c8ca02bmg  + .pt-cv-pagination-wrapper .pt-cv-more , #pt-cv-view-6c8ca02bmg  + .pt-cv-pagination-wrapper .pagination .active a, .pt-cv-pagination[data-sid='6c8ca02bmg'] .active a { color: #ffffff !important; background-color: #00465c !important; }\n.cvp-live-filter[data-sid='6c8ca02bmg'] .cvp-label   { color: #00465c !important; font-weight: 600 !important; }\n.cvp-live-filter[data-sid='6c8ca02bmg'] input[type=radio]:checked~div   { color: #ffffff !important; background-color: #00465c !important; }<\/style>\r\n\t\t\t\n<\/div><\/div><\/div>\n\n\n\n<p><\/p>","protected":false},"excerpt":{"rendered":"<p>NEWS AND VIEWS Welcome to the BasqueMTB news section. Here you can find news what we&#8217;ve been up to, reports from recent trips, reviews of the equipment we\u00b4ve been using along with anything else which comes up. If you would like to get these stories sent to you, along with any holiday news, then please [&hellip;]<\/p>","protected":false},"author":1,"featured_media":27816,"parent":0,"menu_order":8,"comment_status":"closed","ping_status":"closed","template":"page-Landing.php","meta":{"_monsterinsights_skip_tracking":false,"_monsterinsights_sitenote_active":false,"_monsterinsights_sitenote_note":"","_monsterinsights_sitenote_category":0,"footnotes":""},"categories":[620],"tags":[],"class_list":["post-373","page","type-page","status-publish","has-post-thumbnail","hentry","category-basquemtb"],"featured_image_src":"https:\/\/www.basquemtb.com\/wp-content\/uploads\/mountain-bike-holidays-spain-e1615475725437-600x400.jpg","featured_image_src_square":"https:\/\/www.basquemtb.com\/wp-content\/uploads\/mountain-bike-holidays-spain-e1615475725437-600x600.jpg","_links":{"self":[{"href":"https:\/\/www.basquemtb.com\/de\/wp-json\/wp\/v2\/pages\/373","targetHints":{"allow":["GET"]}}],"collection":[{"href":"https:\/\/www.basquemtb.com\/de\/wp-json\/wp\/v2\/pages"}],"about":[{"href":"https:\/\/www.basquemtb.com\/de\/wp-json\/wp\/v2\/types\/page"}],"author":[{"embeddable":true,"href":"https:\/\/www.basquemtb.com\/de\/wp-json\/wp\/v2\/users\/1"}],"replies":[{"embeddable":true,"href":"https:\/\/www.basquemtb.com\/de\/wp-json\/wp\/v2\/comments?post=373"}],"version-history":[{"count":0,"href":"https:\/\/www.basquemtb.com\/de\/wp-json\/wp\/v2\/pages\/373\/revisions"}],"wp:featuredmedia":[{"embeddable":true,"href":"https:\/\/www.basquemtb.com\/de\/wp-json\/wp\/v2\/media\/27816"}],"wp:attachment":[{"href":"https:\/\/www.basquemtb.com\/de\/wp-json\/wp\/v2\/media?parent=373"}],"wp:term":[{"taxonomy":"category","embeddable":true,"href":"https:\/\/www.basquemtb.com\/de\/wp-json\/wp\/v2\/categories?post=373"},{"taxonomy":"post_tag","embeddable":true,"href":"https:\/\/www.basquemtb.com\/de\/wp-json\/wp\/v2\/tags?post=373"}],"curies":[{"name":"wp","href":"https:\/\/api.w.org\/{rel}","templated":true}]}}