{"id":4202,"date":"2011-11-22T09:45:16","date_gmt":"2011-11-22T09:45:16","guid":{"rendered":"http:\/\/localhost\/basquemtb\/?page_id=4202"},"modified":"2025-02-15T12:33:42","modified_gmt":"2025-02-15T12:33:42","slug":"trail-guide-itinerary","status":"publish","type":"page","link":"https:\/\/www.basquemtb.com\/de\/mountainbike-ferien\/mountainbike-urlaub-in-den-pyrenaen-im-hinterland\/wanderfuhrer-route\/","title":{"rendered":"Backcountry Pyren\u00e4en: Reiseplan"},"content":{"rendered":"<h2 class=\"wp-block-heading\">Backcountry Pyren\u00e4en | Beispielhafte Reiseroute<\/h2>\n\n\n\n<p class=\"text-fullscreen\">Wir machen eigentlich keine Reiserouten f\u00fcr unsere <a href=\"https:\/\/www.basquemtb.com\/de\/\" target=\"_blank\" rel=\"noopener\">Mountainbike-Ferien<\/a>Wir versuchen, sie so flexibel wie m\u00f6glich zu halten, damit wir sie auf die jeweiligen Gruppen zuschneiden k\u00f6nnen. Die <a href=\"https:\/\/www.basquemtb.com\/de\/pyrenees-mountain-bike-tours-spain\/\" target=\"_blank\" rel=\"noopener\">Tour durch die Pyren\u00e4en<\/a> hat eine ungef\u00e4hre Reiseroute auferlegt, da wir in den meisten N\u00e4chten an verschiedenen Orten anhalten und so die Gebiete ausw\u00e4hlen, in denen wir fahren. Wir haben immer noch mindestens ein paar Tage Wert des Mountainbikens in jedem Bereich aber so jeder Urlaub ist anders. Au\u00dferdem haben wir verschiedene Gebiete, in denen wir fahren, und diese variieren bei jeder Reise, da wir die Reisen auf G\u00e4ste zuschneiden, die einen mehr oder weniger technischen Mountainbike-Urlaub w\u00fcnschen, oder vielleicht auf Gruppen, die zu einem weiteren Urlaub mit uns zur\u00fcckkehren und etwas anderes wollen. Die Strecken variieren auch zwischen Fr\u00fchling und Herbst, je nachdem, wie viel Schnee im Fr\u00fchling noch liegt.<\/p>\n\n\n\n<div class=\"highlight-box\"><h2>WICHTIGER HINWEIS | DIES IST EINE BEISPIELHAFTE REISEROUTE<\/h2>\n<div class=\"highlight-box-text\">Dies ist eine \u00e4ltere Reise. Der allgemeine Grundriss der Reise ist derselbe, allerdings haben wir neue Gebiete hinzugef\u00fcgt und die Transfers erfolgen nun von Barcelona aus, um die Reisezeiten zu verk\u00fcrzen. <\/div><\/div>\n\n\n\n<p class=\"text-fullscreen\">Hier sehen Sie eine typische Reise, die wir im Herbst unternehmen w\u00fcrden.<\/p>\n\n\n\n<div class=\"wp-block-genesis-blocks-gb-container holiday_tabbed_tab holiday_tabbed_text gb-block-container\"><div class=\"gb-container-inside\"><div class=\"gb-container-content\"><div class=\"responsive-tabs\">\n<h2 class=\"tabtitle\">Samstag<\/h2>\n<div class=\"tabcontent\">\n\n\n\n\n<h3 class=\"wp-block-heading h2_post\">Backcountry Pyren\u00e4en Mountainbike Urlaub | Transfertag<\/h3>\n\n\n\n<p>Wir holen alle Teilnehmer f\u00fcr diesen Mountainbike-Urlaub in San Sebastian ab. Bitte kontaktieren Sie uns, um passende Flugzeiten zu vereinbaren. Sobald alle angekommen sind, fahren wir zum ersten Stopp unserer Tour, wo wir in einem sch\u00f6nen Hotel f\u00fcr die erste Nacht bleiben.<\/p>\n\n\n\n<figure class=\"wp-block-table\"><table><tbody><tr><td><em>Zur\u00fcckgelegte Strecke<\/em><\/td><td>0km<\/td><\/tr><tr><td><em>Zeit zum Reiten<\/em><\/td><td>0 Stunden<\/td><\/tr><tr><td><em>Klettern<\/em><\/td><td>0m<\/td><\/tr><tr><td><em>Absteigend<\/em><\/td><td>0m<\/td><\/tr><tr><td><em>Technische Schwierigkeit<\/em><\/td><td>k.A.<\/td><\/tr><tr><td><em>Physische Schwierigkeit<\/em><\/td><td>k.A.<\/td><\/tr><tr><td><em>Zeit im Lieferwagen (ohne Uplifts)<\/em><\/td><td>3:00<\/td><\/tr><\/tbody><\/table><\/figure>\n\n\n\n<\/div><h2 class=\"tabtitle\">Sonntag<\/h2>\n<div class=\"tabcontent\">\n\n\n\n\n<h3 class=\"wp-block-heading h2_post\">Mountainbike-Urlaub im Hinterland der Pyren\u00e4en | Tag 1<\/h3>\n\n\n\n<p>Der erste Tag unseres Urlaubs beginnt mit einem Anstieg auf einer landschaftlich sehr reizvollen Feuerschneise, damit wir unsere Biker-Beine in Schwung bringen k\u00f6nnen. Sobald wir die Feuerschneise verlassen, fallen wir in einige erstaunliche Felsen und der Weg wird sofort ein wenig technisch, bevor er sich \u00f6ffnet und fl\u00fcssiger wird. Die Landschaft ist atemberaubend, w\u00e4hrend wir 700 H\u00f6henmeter hinunter ins Tal fahren, wo wir ein k\u00fchles Getr\u00e4nk zu uns nehmen. Danach haben wir einen 45-min\u00fctigen Van-Transfer zum Gipfel des n\u00e4chsten Trails, wo ein Picknick-Mittagessen f\u00fcr uns vorbereitet ist. Die n\u00e4chsten beiden Wege sind sehr unterschiedlich, der erste ist locker und technisch, da wir auf einem steilen Pfad zwischen riesigen Felsw\u00e4nden fahren, die normalerweise mit Kletterern gef\u00fcllt sind. Danach folgt ein wenig befahrener Weg, der zu den H\u00f6hepunkten der Woche geh\u00f6rt und uns in das n\u00e4chste Tal f\u00fchrt. Weitere 20 Minuten im Van bringen uns zum letzten Weg des Tages und wir steigen den ganzen Weg zu unserer Unterkunft f\u00fcr diese Nacht hinunter.<\/p>\n\n\n\n<figure class=\"wp-block-table\"><table><tbody><tr><td><em>Zur\u00fcckgelegte Strecke<\/em><\/td><td>35km<\/td><\/tr><tr><td><em>Zeit zum Reiten<\/em><\/td><td>7 Stunden<\/td><\/tr><tr><td><em>Klettern<\/em><\/td><td>750m<\/td><\/tr><tr><td><em>Absteigend<\/em><\/td><td>2400m<\/td><\/tr><tr><td><em>Technische Schwierigkeit<\/em><\/td><td>M\u00e4\u00dfig<\/td><\/tr><tr><td><em>Physische Schwierigkeit<\/em><\/td><td>Hoch<\/td><\/tr><tr><td><em>Zeit im Lieferwagen (ohne Uplifts)<\/em><\/td><td>30 Minuten.<\/td><\/tr><\/tbody><\/table><\/figure>\n\n\n\n<\/div><h2 class=\"tabtitle\">Montag<\/h2>\n<div class=\"tabcontent\">\n\n\n\n\n<h3 class=\"wp-block-heading h2_post\">Mountainbike-Urlaub im Hinterland der Pyren\u00e4en | Tag 2<\/h3>\n\n\n\n<p>Heute beginnen wir mit zwei gro\u00dfen Anstiegen, um dann ein paar gro\u00dfe 800 m lange Abfahrten zu bew\u00e4ltigen. Die erste Abfahrt ist weniger technisch, wenn auch keineswegs leicht und kann f\u00fcr einige Leute eine Herausforderung sein. W\u00e4hrend der Weg die Nord- und S\u00fcdseite des Berges durchquert, wechselt der Singletrail zwischen feucht und locker, und am Ende fahren wir in Serpentinen einen felsigen Ger\u00f6llhang hinunter, der sehr ausgesetzt ist. Nach diesem Trail fahren wir den Spunkkentrakken, definitiv einer der besten Trails der Welt, und genie\u00dfen die endlosen Kurven bis zum Boden des n\u00e4chsten Tals. Von hier aus verbringen wir den Rest des Tages auf riesigen Felsplatten, mit technischen Serpentinen und P\u00e4ssen - ein wahres Mountainbike-Paradies. Die letzte Abfahrt bringt uns zur T\u00fcr unserer Unterkunft, wo der Van unsere Taschen abgestellt hat und kalte Getr\u00e4nke im K\u00fchlschrank auf uns warten.<\/p>\n\n\n\n<figure class=\"wp-block-table\"><table><tbody><tr><td><em>Zur\u00fcckgelegte Strecke<\/em><\/td><td>40km<\/td><\/tr><tr><td><em>Zeit zum Reiten<\/em><\/td><td>8 Stunden<\/td><\/tr><tr><td><em>Klettern<\/em><\/td><td>700m<\/td><\/tr><tr><td><em>Absteigend<\/em><\/td><td>3500m<\/td><\/tr><tr><td><em>Technische Schwierigkeit<\/em><\/td><td>Hoch<\/td><\/tr><tr><td><em>Physische Schwierigkeit<\/em><\/td><td>Sehr hoch<\/td><\/tr><tr><td><em>Zeit im Lieferwagen (ohne Uplifts)<\/em><\/td><td>Keine.<\/td><\/tr><\/tbody><\/table><\/figure>\n\n\n\n<\/div><h2 class=\"tabtitle\">Dienstag<\/h2>\n<div class=\"tabcontent\">\n\n\n\n\n<h3 class=\"wp-block-heading h2_post\">Mountainbike-Urlaub im Hinterland der Pyren\u00e4en | Tag 3<\/h3>\n\n\n\n<p>Nach dem Aufwachen erwartet uns ein fantastisches Fr\u00fchst\u00fcck und eine atemberaubende Aussicht auf ein Tal, in dem kaum Spuren von Menschen zu sehen sind. Wir beginnen den Tag mit einem 500 m hohen Anstieg zu einem Sattel, von wo aus wir mit unseren Bikes weitere 150 m zum Start unseres Trails klettern. Die Landschaft hier ist unglaublich, mit seltsamen Felsformationen und gro\u00dfen Felsbetten, die eine Vielzahl von Linien und Spr\u00fcngen und Drops \u00fcberall bieten!<\/p>\n\n\n\n<p>Der Kleinbus wartet am Ende des Weges auf uns, um uns zu unserem n\u00e4chsten Ausgangspunkt zu fahren, der etwa 45 Minuten entfernt ist. Eine gro\u00dfe 700 m lange Abfahrt mit Panoramablick auf die Pyren\u00e4en wird uns zum Mittagessen f\u00fchren. Danach werden wir eine Reihe von Trails mit 500 bis 800 H\u00f6henmetern w\u00e4hlen, um den ganzen Nachmittag zu f\u00fcllen. Heute Abend \u00fcbernachten wir in einem wundersch\u00f6nen mittelalterlichen Dorf, in einer h\u00fcbschen Reiterwohnung.<\/p>\n\n\n\n<figure class=\"wp-block-table\"><table class=\"has-background\" style=\"background-color:#f3f4f5\"><tbody><tr><td><em>Zur\u00fcckgelegte Strecke<\/em><\/td><td>40km<\/td><\/tr><tr><td><em>Zeit zum Reiten<\/em><\/td><td>7 Stunden<\/td><\/tr><tr><td><em>Klettern<\/em><\/td><td>600m<\/td><\/tr><tr><td><em>Absteigend<\/em><\/td><td>3000m<\/td><\/tr><tr><td><em>Technische Schwierigkeit<\/em><\/td><td>M\u00e4\u00dfig-hoch<\/td><\/tr><tr><td><em>Physische Schwierigkeit<\/em><\/td><td>M\u00e4\u00dfig<\/td><\/tr><tr><td><em>Zeit im Lieferwagen (ohne Uplifts)<\/em><\/td><td>Keine.<\/td><\/tr><\/tbody><\/table><\/figure>\n\n\n\n<\/div><h2 class=\"tabtitle\">Mittwoch<\/h2>\n<div class=\"tabcontent\">\n\n\n\n\n<h3 class=\"wp-block-heading h2_post\">Mountainbike-Urlaub im Hinterland der Pyren\u00e4en | Tag 4<\/h3>\n\n\n\n<p>Heute Morgen wachen wir mit einem Blick auf den Berg auf, den wir am n\u00e4chsten Tag besteigen werden. Ein spezieller 4\u00d74 wird uns zum h\u00f6chsten Punkt bringen und wir werden den Rest des Tages damit verbringen, zur\u00fcck zu unserer Wohnung zu fahren, wo wir eine zweite Nacht verbringen werden. Die Strecke k\u00f6nnte in ein paar Stunden bew\u00e4ltigt werden, aber wir haben eine besondere Paella in einem kleinen Dorf arrangiert und wir werden uns Zeit lassen. Wenn jemand an diesem Abend noch mehr reiten m\u00f6chte, k\u00f6nnen wir noch einige Aufstiege anbieten, damit Sie noch mehr von den fantastischen Trails in dieser Gegend ausprobieren k\u00f6nnen. Danach haben wir einen \u00f6rtlichen Physiotherapeuten, der f\u00fcr optionale Massagen oder Physiotherapie kommt, und dann haben wir eine Verkostung von lokalen Weinen f\u00fcr alle arrangiert.<\/p>\n\n\n\n<figure class=\"wp-block-table\"><table><tbody><tr><td><em>Zur\u00fcckgelegte Strecke<\/em><\/td><td>40km<\/td><\/tr><tr><td><em>Zeit zum Reiten<\/em><\/td><td>5 Stunden<\/td><\/tr><tr><td><em>Klettern<\/em><\/td><td>300m<\/td><\/tr><tr><td><em>Absteigend<\/em><\/td><td>2000m<\/td><\/tr><tr><td><em>Technische Schwierigkeit<\/em><\/td><td>M\u00e4\u00dfig<\/td><\/tr><tr><td><em>Physische Schwierigkeit<\/em><\/td><td>Einfach<\/td><\/tr><tr><td><em>Zeit im Lieferwagen (ohne Uplifts)<\/em><\/td><td>Keine.<\/td><\/tr><\/tbody><\/table><\/figure>\n\n\n\n<\/div><h2 class=\"tabtitle\">Donnerstag<\/h2>\n<div class=\"tabcontent\">\n\n\n\n\n<h3 class=\"wp-block-heading h2_post\">Mountainbike-Urlaub im Hinterland der Pyren\u00e4en | Tag 5<\/h3>\n\n\n\n<p>Wenn gestern der Ruhetag war, dann war heute der Grund daf\u00fcr. Der heutige Tag wurde \"Schmutziger Donnerstag\" getauft, weil wir sp\u00e4t reiten und oft direkt zum Abendessen fahren, immer noch high von Endorphinen, und dann weiter zu Drinks. Es ist nicht ungew\u00f6hnlich, dass wir um Mitternacht noch in unseren Reitklamotten in der \u00f6rtlichen Bar stehen! Am Morgen haben wir einen 35-min\u00fctigen Transfer, um einen anderen 4\u00d74-Uplift-Van zu treffen, der uns heute den ganzen Tag begleiten wird. Wir beginnen mit einer langen Auffahrt zu einem hohen Pass, wo wir die Aussicht genie\u00dfen, bevor wir unseren Trail f\u00fcr den Tag beginnen. Der Weg f\u00fchrt anfangs schnell und fl\u00fcssig durch hohe Wiesen, bevor er in einen alten Weg m\u00fcndet, der jetzt zu einer Schlittenbahn durch die B\u00e4ume abgesunken ist. Danach nehmen wir einen weiteren Aufzug, um die Magic Line zu fahren, die genau das ist! Dann geht es ein letztes Mal hinauf, hoch in die Berge. Danach m\u00fcssen wir klettern und unsere R\u00e4der 30-40 Minuten lang schieben, um den Gipfel des n\u00e4chsten Trails zu erreichen. Wir hatten mehrere Fahrradjournalisten und Leute, die in der ganzen Welt gefahren sind, zu Gast, und sie alle haben behauptet, dass dieser Weg einer der besten ist, den sie je gefahren sind. Er ist steil und f\u00fchrt 1100 Meter hinunter. Es geht einfach immer weiter und weiter und weiter und hat einen unglaublichen Flow. Man f\u00e4llt 900 m in 3 km, aber es f\u00fchlt sich nicht wie vergeudete H\u00f6he an. Es ist ein erstaunliches Ende f\u00fcr einen erstaunlichen Tag.<\/p>\n\n\n\n<figure class=\"wp-block-table\"><table><tbody><tr><td><em>Zur\u00fcckgelegte Strecke<\/em><\/td><td>35km<\/td><\/tr><tr><td><em>Zeit zum Reiten<\/em><\/td><td>7 Stunden<\/td><\/tr><tr><td><em>Klettern<\/em><\/td><td>400m<\/td><\/tr><tr><td><em>Absteigend<\/em><\/td><td>3500m<\/td><\/tr><tr><td><em>Technische Schwierigkeit<\/em><\/td><td>M\u00e4\u00dfig bis sehr hoch<\/td><\/tr><tr><td><em>Physische Schwierigkeit<\/em><\/td><td>M\u00e4\u00dfig<\/td><\/tr><tr><td><em>Zeit im Lieferwagen (ohne Uplifts)<\/em><\/td><td>1 Stunde und 15 Minuten.<\/td><\/tr><\/tbody><\/table><\/figure>\n\n\n\n<\/div><h2 class=\"tabtitle\">Freitag<\/h2>\n<div class=\"tabcontent\">\n\n\n\n\n<h3 class=\"wp-block-heading h2_post\">Mountainbike-Urlaub im Hinterland der Pyren\u00e4en | Tag 6<\/h3>\n\n\n\n<p>Heute ist unser letzter Tag und wir machen uns auf den Weg zur\u00fcck an die K\u00fcste, aber unterwegs machen wir einen Zwischenstopp f\u00fcr einen Ausritt! Wir haben etwa eine Stunde Zeit, um den ersten Trail zu erreichen, eine gro\u00dfe Steigung, gefolgt von einem leichten Anstieg von 450 Metern mit fantastischen Aussichten. Der Trail ist unter den einheimischen Fahrern ein wohlbekanntes Geheimnis, denn er hat 1000 H\u00f6henmeter und 1000 Serpentinen! Wenn man erst einmal in Schwung gekommen ist, hat der Trail einen echten Flow und einen sch\u00f6nen Rhythmus. Wir fahren hinunter in die Talsohle und folgen dem Fluss bis zu einer anderen Stadt, wo der Van auf uns wartet und wir mit ein paar kalten Bieren das Ende der Reise feiern. In dieser Nacht fahren wir zur\u00fcck an die K\u00fcste und \u00fcbernachten in einem tollen Hotel, wo das Essen legend\u00e4r ist!<\/p>\n\n\n\n<figure class=\"wp-block-table\"><table><tbody><tr><td><em>Zur\u00fcckgelegte Strecke<\/em><\/td><td>25km<\/td><\/tr><tr><td><em>Zeit zum Reiten<\/em><\/td><td>5 Stunden<\/td><\/tr><tr><td><em>Klettern<\/em><\/td><td>500m<\/td><\/tr><tr><td><em>Absteigend<\/em><\/td><td>1200m<\/td><\/tr><tr><td><em>Technische Schwierigkeit<\/em><\/td><td>M\u00e4\u00dfig<\/td><\/tr><tr><td><em>Physische Schwierigkeit<\/em><\/td><td>Hoch<\/td><\/tr><tr><td><em>Zeit im Lieferwagen (ohne Uplifts)<\/em><\/td><td>3 Stunden.<\/td><\/tr><\/tbody><\/table><\/figure>\n\n\n\n<p>\n<\/div><h2 class=\"tabtitle\">Samstag<\/h2>\n<div class=\"tabcontent\">\n<br>Tut uns leid, Leute, aber das ist das Ende der Reise. Heute Morgen werden wir Sie zur\u00fcck nach San Sebastian bringen und die n\u00e4chste gl\u00fcckliche Gruppe abholen!<\/p>\n\n\n<\/div><\/div>\n<\/div><\/div><\/div>","protected":false},"excerpt":{"rendered":"<p>Ein Beispiel f\u00fcr eine Reiseroute<\/p>","protected":false},"author":1,"featured_media":9074,"parent":3899,"menu_order":99,"comment_status":"closed","ping_status":"closed","template":"","meta":{"_monsterinsights_skip_tracking":false,"_monsterinsights_sitenote_active":false,"_monsterinsights_sitenote_note":"","_monsterinsights_sitenote_category":0,"footnotes":""},"categories":[136],"tags":[622,664,695],"class_list":["post-4202","page","type-page","status-publish","has-post-thumbnail","hentry","category-route-guides","tag-backcountry-pyrenees","tag-itinerary","tag-route-guide"],"featured_image_src":"https:\/\/www.basquemtb.com\/wp-content\/uploads\/basqueMTB-guide-profiles-12705461-600x400.jpg","featured_image_src_square":"https:\/\/www.basquemtb.com\/wp-content\/uploads\/basqueMTB-guide-profiles-12705461.jpg","_links":{"self":[{"href":"https:\/\/www.basquemtb.com\/de\/wp-json\/wp\/v2\/pages\/4202","targetHints":{"allow":["GET"]}}],"collection":[{"href":"https:\/\/www.basquemtb.com\/de\/wp-json\/wp\/v2\/pages"}],"about":[{"href":"https:\/\/www.basquemtb.com\/de\/wp-json\/wp\/v2\/types\/page"}],"author":[{"embeddable":true,"href":"https:\/\/www.basquemtb.com\/de\/wp-json\/wp\/v2\/users\/1"}],"replies":[{"embeddable":true,"href":"https:\/\/www.basquemtb.com\/de\/wp-json\/wp\/v2\/comments?post=4202"}],"version-history":[{"count":0,"href":"https:\/\/www.basquemtb.com\/de\/wp-json\/wp\/v2\/pages\/4202\/revisions"}],"up":[{"embeddable":true,"href":"https:\/\/www.basquemtb.com\/de\/wp-json\/wp\/v2\/pages\/3899"}],"wp:featuredmedia":[{"embeddable":true,"href":"https:\/\/www.basquemtb.com\/de\/wp-json\/wp\/v2\/media\/9074"}],"wp:attachment":[{"href":"https:\/\/www.basquemtb.com\/de\/wp-json\/wp\/v2\/media?parent=4202"}],"wp:term":[{"taxonomy":"category","embeddable":true,"href":"https:\/\/www.basquemtb.com\/de\/wp-json\/wp\/v2\/categories?post=4202"},{"taxonomy":"post_tag","embeddable":true,"href":"https:\/\/www.basquemtb.com\/de\/wp-json\/wp\/v2\/tags?post=4202"}],"curies":[{"name":"wp","href":"https:\/\/api.w.org\/{rel}","templated":true}]}}