{"id":43959,"date":"2024-11-23T19:02:11","date_gmt":"2024-11-23T19:02:11","guid":{"rendered":"https:\/\/www.basquemtb.com\/?page_id=43959"},"modified":"2024-12-07T14:53:28","modified_gmt":"2024-12-07T14:53:28","slug":"the-high-pyrenees-mountains","status":"publish","type":"page","link":"https:\/\/www.basquemtb.com\/de\/mountainbike-ferien\/das-hochgebirge-der-pyrenaen\/","title":{"rendered":"Das Hochgebirge der Pyren\u00e4en"},"content":{"rendered":"<p>Die Pyren\u00e4en liegen zwischen Nordspanien und Frankreich und bilden eine zaunartige Barriere zwischen den beiden L\u00e4ndern. Auf einer L\u00e4nge von 430 km von West nach Ost gibt es in den Pyren\u00e4en mehr als 200 Gipfel, wobei der Aneto 3404 m erreicht. Auf der franz\u00f6sischen Seite gibt es keine Ausl\u00e4ufer, aber auf der spanischen Seite gibt es ein kompliziertes System von Ausl\u00e4ufern, die so genannten Vorpyren\u00e4en, die bis zu 2600 m hoch sind.<\/p>\n\n\n\n<div class=\"spacer\"\/><\/div>\n\n\n\n<figure class=\"wp-block-image size-full\"><img decoding=\"async\" width=\"717\" height=\"403\" src=\"https:\/\/www.basquemtb.com\/wp-content\/uploads\/where-are-the-pyrenees-mountains-map.jpg\" alt=\"\" class=\"wp-image-44317\" title=\"Seitenmitte\" srcset=\"https:\/\/www.basquemtb.com\/wp-content\/uploads\/where-are-the-pyrenees-mountains-map-300x169.jpg 300w, https:\/\/www.basquemtb.com\/wp-content\/uploads\/where-are-the-pyrenees-mountains-map-150x84.jpg 150w, https:\/\/www.basquemtb.com\/wp-content\/uploads\/where-are-the-pyrenees-mountains-map.jpg 717w\" sizes=\"(max-width: 717px) 100vw, 717px\" \/><\/figure>\n\n\n\n<div class=\"spacer\"\/><\/div>\n\n\n\n<p>Die Region der Hochpyren\u00e4en liegt in den Zentralpyren\u00e4en, wo sich die h\u00f6chsten Berge des Gebirges befinden. Berge wie der Aneto und der Monte Perdido. Das Mountainbiking erstreckt sich sowohl in Spanien als auch in Frankreich, einschlie\u00dflich Gebieten wie Loudenville, Bielsa, Benasque und Val d'Aran, um nur einige zu nennen.<\/p>\n\n\n\n<div class=\"spacer\"\/><\/div>\n\n\n\n<div class=\"highlight-box\">\n<h2>Unser Mountainbike-Urlaub in den Hochpyren\u00e4en<\/h2>\n<p class=\"highlight-box-text medium-text\">Hier finden Sie eine Auswahl unserer Mountainbike-Urlaube in der Region der Hohen Pyren\u00e4en.<\/p>\n<div class=\"spacer\"><\/div>\n<div class=\"square-shoutouts-container page-center\">\n\n    <a href=\"\/de\/mountainbike-ferien\/mountainbike-urlaub-in-den-pyrenaen\/\" class=\"square-shoutout\">\n        <div class=\"top-section\" style=\"background-image: url('https:\/\/www.basquemtb.com\/wp-content\/uploads\/High-Pyrenees-Mountain-Bike-Adventure-small.jpg');\">\n        <\/div>\n        <div class=\"bottom-section\">\n            <h2 class=\"title\">Hohe Pyren\u00e4en<\/h2>\n            <div class=\"square-shoutout-sub-header\">Gro\u00dfe Berg-Enduro<\/div>\n            <div class=\"square-shoutout-text\">Mountainbiken hoch in den Pyren\u00e4en mit rund 80% H\u00f6henunterschied. Die h\u00f6chstgelegenen Mountainbikestrecken mit 17.000 H\u00f6henmetern und technischen Abfahrten in 6 Tagen<\/div>\n        <\/div>\n    <\/a>\n \n    <a href=\"\/de\/mountainbike-ferien\/pyrenaen-mtb-odyssee\/\" class=\"square-shoutout\">\n        <div class=\"top-section\" style=\"background-image: url('https:\/\/www.basquemtb.com\/wp-content\/uploads\/basqueMTB-Pyrenees-Odyssey-51-1-1024x768.jpg');\">\n        <\/div>\n        <div class=\"bottom-section\">\n            <h2 class=\"title\">Pyren\u00e4en-Odyssee<\/h2>\n            <div class=\"square-shoutout-sub-header\">H\u00f6her, Tiefer, Wilder<\/div>\n            <div class=\"square-shoutout-text\">Die Pyren\u00e4en-Odyssee, ein Mountainbike-Abenteuer auf den h\u00f6chsten Pfaden der Pyren\u00e4en. Morgens hochalpines Fahren, nachmittags mit Shuttle-Unterst\u00fctzung.<\/div>\n        <\/div>\n    <\/a>\n \n<\/div>\n\n<\/div>\n\n\n\n<div class=\"spacer\"\/><\/div>\n\n\n\n<h2 class=\"wp-block-heading\">Werfen Sie einen Blick auf einige Fotos aus den hohen Pyren\u00e4en \u2192 <\/h2>\n\n\n\n<div class=\"spacer\"\/><\/div>\n\n\n\n<div class=\"horizontal-scroll-container\">\n    <div class=\"photo-item\" style=\"background-image: url('\/wp-content\/uploads\/High-Pyrenees-Mountain-Bike-Holiday.mp4');\">\n    <\/div>\n    <div class=\"photo-item\" style=\"background-image: url('\/wp-content\/uploads\/High-Pyrenees-Mountain-Bike-Tour-4.webp')  \">\n    <\/div>\n    <div class=\"photo-item\" style=\"background-image: url('\/wp-content\/uploads\/Pyrenees-Mountain-Bike-Tour-5.jpg');\">\n    <\/div>\n    <div class=\"photo-item\" style=\"background-image: url('\/wp-content\/uploads\/high-pyrenees-mountain-bike-holiday-5.webp')  \">\n    <\/div>\n    <div class=\"photo-item\" style=\"background-image: url('\/wp-content\/uploads\/high-pyrenees-mountain-bike-holiday-13.webp')  \">\n    <\/div>\n    <div class=\"photo-item\" style=\"background-image: url('\/wp-content\/uploads\/high-pyrenees-mountain-bike-holiday-19.webp')  \">\n    <\/div>\n    <div class=\"photo-item\" style=\"background-image: url('\/wp-content\/uploads\/high-pyrenees-mountain-bike-tour-3.jpg');\">\n    <\/div>\n    <div class=\"photo-item\" style=\"background-image: url('\/wp-content\/uploads\/high-pyrenees-mountain-bike-holiday-8.webp')  \">\n    <\/div>\n    <div class=\"photo-item\" style=\"background-image: url('\/wp-content\/uploads\/Orbea-Occam-LT-Review-5.jpg');\">\n    <\/div>\n    <div class=\"photo-item\" style=\"background-image: url('\/wp-content\/uploads\/basqueMTB-23-1.webp')  \">\n    <\/div>\n    <div class=\"photo-item\" style=\"background-image: url('\/wp-content\/uploads\/Pyrenees-Odyssey-12.jpg');\">\n    <\/div>\n    <div class=\"photo-item\" style=\"background-image: url('\/wp-content\/uploads\/high-pyrenees-mountain-bike-tour-2.jpg');\">\n    <\/div>\n    <div class=\"photo-item\" style=\"background-image: url('\/wp-content\/uploads\/basqueMTB-Pyrenees-Odyssey-61.webp')  \">\n    <\/div>\n    <div class=\"photo-item\" style=\"background-image: url('\/wp-content\/uploads\/basqueMTB-Pyrenees-Odyssey-42.webp')  \">\n    <\/div>\n    <div class=\"photo-item\" style=\"background-image: url('\/wp-content\/uploads\/basqueMTB-Pyrenees-Odyssey-51-1.webp')  \">\n    <\/div>\n    <div class=\"photo-item\" style=\"background-image: url('\/wp-content\/uploads\/basqueMTB-Pyrenees-Odyssey-32-1.webp')  \">\n    <\/div>\n\n<\/div>\n\n\n\n<div class=\"spacer\"\/><\/div>\n\n\n\n<div class=\"accordion-container\">\n<div class=\"accordion\">\n    <div class=\"accordion-header\">\n        <span class=\"header-text\">Jahreszeiten<\/span>\n        <span class=\"arrow\">&#8680;<\/span>\n    <\/div>\n    <div class=\"accordion-content\">\n        <h3>Welches sind die besten Jahreszeiten zum Radfahren in den Vorpyren\u00e4en?<\/h3>\n<p>Die Hochpyren\u00e4en zeigen sich im Sommer und Herbst von ihrer sch\u00f6nsten Seite. Im Sommer f\u00fchren wir unsere Hochpyren\u00e4en- und Pyren\u00e4en-Odyssee-Reisen durch. Im Herbst haben Sie unsere Hochpyren\u00e4en. Da es bis Ende November nicht schneit, k\u00f6nnen wir so hoch fahren, wie wir wollen. Wenn Sie das Gl\u00fcck haben, in den 2 Wochen des Laubwechsels hier zu sein, ist das ein wahres Feuerwerk.<\/p>\n    <\/div>\n<\/div>\n<\/div>\n\n\n\n<div class=\"accordion-container\">\n<div class=\"accordion\">\n    <div class=\"accordion-header\">\n        <span class=\"header-text\">Wetter<\/span>\n        <span class=\"arrow\">&#8680;<\/span>\n    <\/div>\n    <div class=\"accordion-content\">\n    <p>Normalerweise ist das Wetter im Juni und Juli sowohl auf der franz\u00f6sischen als auch auf der spanischen Seite der Pyren\u00e4en trocken, in den tiefer gelegenen, s\u00fcdlicheren Gebieten kann es jedoch hei\u00df werden. Schwere Gewitter k\u00f6nnen am sp\u00e4ten Nachmittag auftreten, aber mit einem ortskundigen F\u00fchrer sollten Sie sie rechtzeitig erkennen.<\/p>\n<p>Im August ist das Wetter hei\u00df, aber die Gegend kann mit spanischen und franz\u00f6sischen Touristen sehr belebt sein.<\/p>\n<p>Von September bis Oktober ist das Wetter normalerweise stabil. Das Wetter wird auf der franz\u00f6sischen und spanischen Seite der Pyren\u00e4en von unterschiedlichen Systemen bestimmt, so dass ein \u00f6rtlicher Reisef\u00fchrer in der Lage sein sollte, das beste Wetter zu finden. Im September k\u00f6nnen die Temperaturen tags\u00fcber bis zu 30\u00baC erreichen. Ende Oktober sollte das Wetter zwischen 5\u00baC in der Nacht und 15\u00baC am Tag liegen. Schnee ist in der Regel erst ab Ende November ein Thema. <\/p>\n    <\/div>\n<\/div><\/div>\n\n\n\n<div class=\"accordion-container\">\n<div class=\"accordion\">\n    <div class=\"accordion-header\">\n        <span class=\"header-text\">Reisen<\/span>\n        <span class=\"arrow\">&#8680;<\/span>\n    <\/div>\n    <div class=\"accordion-content\">\n        <h3>Barcelona: Zug oder Flughafen<\/h3>\n<p>Sie k\u00f6nnen Barcelona entweder mit dem Flugzeug oder von vielen Orten in Europa mit dem Zug erreichen. G\u00e4ste berichten, dass die Anreise mit dem Zug wirklich einfach ist und dass es keine Probleme mit Fahrr\u00e4dern in Taschen gibt. Von Barcelona aus starten wir unsere Reisen Pyren\u00e4en-Odyssee, Ainsa Enduro, Backcountry Pyrenees und Tremp vs Ainsa. <\/p>\n<p>Wenn Sie von Barcelona aus mit \u00f6ffentlichen Verkehrsmitteln zum Tremp oder nach Ainsa gelangen wollen, ist das wirklich schwierig. Am besten mieten Sie ein Auto, oder ein Taxi kostet etwa 350 \u20ac pro Strecke. Wenn Sie Lust auf ein Abenteuer haben, k\u00f6nnen Sie einen Bus nehmen, aber es dauert einen ganzen Tag und Sie m\u00fcssen nach Barbastro fahren und von dort aus mit einem lokalen Busunternehmen zu Ihrem Ziel.<\/p>\n<h3>Flugh\u00e4fen an der baskischen K\u00fcste: Bilbao, Biarritz und San Sebasti\u00e1n<\/h3>\n<p>Sie k\u00f6nnen an die baskische K\u00fcste fliegen und von dort aus in die Hochpyren\u00e4en fahren. F\u00fcr unsere Reisen in die Hochpyren\u00e4en und an die baskische K\u00fcste organisieren wir von hier aus Transfers. Von den Flugh\u00e4fen gibt es spezielle Shuttle-Busse, die Sie ins Zentrum von San Sebasti\u00e1n bringen, wo wir Sie abholen.<\/p><p>Wenn Sie von der baskischen K\u00fcste aus mit \u00f6ffentlichen Verkehrsmitteln in die Hochpyren\u00e4en gelangen wollen, ist das sehr schwierig, Sie sollten besser ein Auto mieten.<\/p>\n<h3>Fahren: F\u00e4hre oder direkt<\/h3>\n<p>Von ganz Europa aus ist die Anreise einfach, und von Gro\u00dfbritannien oder Irland aus gibt es F\u00e4hren zur baskischen K\u00fcste. Bei all unseren Reisen m\u00fcssen wir uns an einem zentralen Ort treffen, damit wir Ihre Fahrradtaschen dort abstellen k\u00f6nnen, und auch, damit wir am Ende Ihrer Reise wieder bei Ihrem Auto ankommen. Am besten setzen Sie sich mit uns in Verbindung, um die Optionen zu besprechen. <\/p>\n<h3>Bahnh\u00f6fe an der baskischen K\u00fcste: Biarritz, Hendaye und San Sebasti\u00e1n<\/h3>\n<p>Von Biarritz oder Hendaye aus gibt es den TGV, der von Paris aus f\u00e4hrt und etwas mehr als vier Stunden braucht. San Sebasti\u00e1n hat gute Zugverbindungen aus ganz Spanien.<\/p>\n<h3>Andere Flugh\u00e4fen<\/h3>\n<p>Von Toulouse, Tarbes, Saragossa und Madrid aus gibt es Fl\u00fcge zu vielen Orten. Wenn dies Ihre einzigen Optionen sind, k\u00f6nnen wir einen Transfer gegen Aufpreis organisieren.<\/p>\n    <\/div>\n<\/div><\/div>\n\n\n\n<div class=\"accordion-container\">\n<div class=\"accordion\">\n    <div class=\"accordion-header\">\n        <span class=\"header-text\">Sprachen<\/span>\n        <span class=\"arrow\">&#8680;<\/span>\n    <\/div>\n    <div class=\"accordion-content\">\n<p>In den franz\u00f6sischen Pyren\u00e4en spricht jeder Franz\u00f6sisch, auf der spanischen Seite spricht man Spanisch. Das ist der offensichtliche Teil! Im Val d'Aran spricht man Katalanisch und im Baskenland Euskera, oder Baskisch, aber in beiden Regionen wird auch Spanisch gesprochen. An den meisten Orten k\u00f6nnen die Menschen ein gewisses Ma\u00df an Englisch sprechen.<\/p>\n    <\/div>\n<\/div><\/div>\n\n\n\n<div class=\"accordion-container\">\n<div class=\"accordion\">\n    <div class=\"accordion-header\">\n        <span class=\"header-text\">Radfahren Hotspots<\/span>\n        <span class=\"arrow\">&#8680;<\/span>\n    <\/div>\n    <div class=\"accordion-content\">\n<p>In der Region der Hochpyren\u00e4en gibt es viele Orte zum Reiten. Wir lieben Loudenville und Saint-Lary auf der franz\u00f6sischen Seite der Pyren\u00e4en. Auf der spanischen Seite der Pyren\u00e4en ist Bielsa eine erstaunliche Stadt mit einer noch erstaunlicheren Geschichte. Dann gibt es noch Benasque und Viehla. Sie werden all diese Orte auf unseren Touren Hochpyren\u00e4en und Pyren\u00e4en-Odyssee besuchen.<\/p>\n    <\/div>\n<\/div><\/div>\n\n\n\n<div class=\"accordion-container\">\n<div class=\"accordion\">\n    <div class=\"accordion-header\">\n        <span class=\"header-text\">Video-Links<\/span>\n        <span class=\"arrow\">&#8680;<\/span>\n    <\/div>\n    <div class=\"accordion-content\">\n<iframe width=\"560\" height=\"315\" src=\"https:\/\/www.youtube.com\/embed\/B63a3jBC7Rc?si=hmo6AgAN3Mymjgl4\" title=\"YouTube-Video-Player\" frameborder=\"0\" allow=\"accelerometer; autoplay; clipboard-write; encrypted-media; gyroscope; picture-in-picture; web-share\" referrerpolicy=\"strict-origin-when-cross-origin\" allowfullscreen><\/iframe>\n<iframe width=\"560\" height=\"315\" src=\"https:\/\/www.youtube.com\/embed\/ngtyE0XljjY?si=eMwrCa2tc1u-OsbO\" title=\"YouTube-Video-Player\" frameborder=\"0\" allow=\"accelerometer; autoplay; clipboard-write; encrypted-media; gyroscope; picture-in-picture; web-share\" referrerpolicy=\"strict-origin-when-cross-origin\" allowfullscreen><\/iframe>\n<iframe width=\"560\" height=\"315\" src=\"https:\/\/www.youtube.com\/embed\/N7BkchQSYRc?si=b3um_ZymiED_pAAg\" title=\"YouTube-Video-Player\" frameborder=\"0\" allow=\"accelerometer; autoplay; clipboard-write; encrypted-media; gyroscope; picture-in-picture; web-share\" referrerpolicy=\"strict-origin-when-cross-origin\" allowfullscreen><\/iframe>\n<iframe width=\"560\" height=\"315\" src=\"https:\/\/www.youtube.com\/embed\/Bd-M4pFZlOc?si=FbUZ35wlqXNWDTja\" title=\"YouTube-Video-Player\" frameborder=\"0\" allow=\"accelerometer; autoplay; clipboard-write; encrypted-media; gyroscope; picture-in-picture; web-share\" referrerpolicy=\"strict-origin-when-cross-origin\" allowfullscreen><\/iframe>\n    <\/div>\n<\/div><\/div>\n\n\n\n<p><\/p>","protected":false},"excerpt":{"rendered":"<p>Situated between northern Spain and France, the Pyrenees mountians form a fence-like barrier between the two countries. Extending more than 430km from West to East there are more than 200 peaks in the Pyrenees, with Aneto reaching 3404m. On the French side there are no foothills, however on the Spanish side there are a complicated [&hellip;]<\/p>","protected":false},"author":1,"featured_media":43888,"parent":8900,"menu_order":0,"comment_status":"closed","ping_status":"closed","template":"","meta":{"_monsterinsights_skip_tracking":false,"_monsterinsights_sitenote_active":false,"_monsterinsights_sitenote_note":"","_monsterinsights_sitenote_category":0,"footnotes":""},"categories":[596],"tags":[],"class_list":["post-43959","page","type-page","status-publish","has-post-thumbnail","hentry","category-mountain-bike-holiday"],"featured_image_src":"https:\/\/www.basquemtb.com\/wp-content\/uploads\/basqueMTB-4-of-29-edited-600x400.jpg","featured_image_src_square":"https:\/\/www.basquemtb.com\/wp-content\/uploads\/basqueMTB-4-of-29-edited-600x600.jpg","_links":{"self":[{"href":"https:\/\/www.basquemtb.com\/de\/wp-json\/wp\/v2\/pages\/43959","targetHints":{"allow":["GET"]}}],"collection":[{"href":"https:\/\/www.basquemtb.com\/de\/wp-json\/wp\/v2\/pages"}],"about":[{"href":"https:\/\/www.basquemtb.com\/de\/wp-json\/wp\/v2\/types\/page"}],"author":[{"embeddable":true,"href":"https:\/\/www.basquemtb.com\/de\/wp-json\/wp\/v2\/users\/1"}],"replies":[{"embeddable":true,"href":"https:\/\/www.basquemtb.com\/de\/wp-json\/wp\/v2\/comments?post=43959"}],"version-history":[{"count":0,"href":"https:\/\/www.basquemtb.com\/de\/wp-json\/wp\/v2\/pages\/43959\/revisions"}],"up":[{"embeddable":true,"href":"https:\/\/www.basquemtb.com\/de\/wp-json\/wp\/v2\/pages\/8900"}],"wp:featuredmedia":[{"embeddable":true,"href":"https:\/\/www.basquemtb.com\/de\/wp-json\/wp\/v2\/media\/43888"}],"wp:attachment":[{"href":"https:\/\/www.basquemtb.com\/de\/wp-json\/wp\/v2\/media?parent=43959"}],"wp:term":[{"taxonomy":"category","embeddable":true,"href":"https:\/\/www.basquemtb.com\/de\/wp-json\/wp\/v2\/categories?post=43959"},{"taxonomy":"post_tag","embeddable":true,"href":"https:\/\/www.basquemtb.com\/de\/wp-json\/wp\/v2\/tags?post=43959"}],"curies":[{"name":"wp","href":"https:\/\/api.w.org\/{rel}","templated":true}]}}