{"id":44343,"date":"2024-11-25T17:55:39","date_gmt":"2024-11-25T17:55:39","guid":{"rendered":"https:\/\/www.basquemtb.com\/?page_id=44343"},"modified":"2024-12-07T14:46:09","modified_gmt":"2024-12-07T14:46:09","slug":"the-pre-pyrenees-mountains","status":"publish","type":"page","link":"https:\/\/www.basquemtb.com\/de\/mountainbike-ferien\/das-vorpyrenaengebirge\/","title":{"rendered":"Das Vorpyren\u00e4engebirge"},"content":{"rendered":"<p>Die Pyren\u00e4en liegen zwischen Nordspanien und Frankreich und bilden eine zaunartige Barriere zwischen den beiden L\u00e4ndern. Sie entstanden durch eine massive Kollision zwischen der iberischen und der eurasischen Platte. Der Aufprall warf Schockwellen nach S\u00fcden, die das Land aus dem Meer emporhoben und uns ein erstaunliches Netz von felsigen Bergen hinterlie\u00dfen, die gro\u00dfe Abfahrten und unglaubliche Platten und Felsen bieten. Im Fr\u00fchling sieht man im Norden die schneebedeckten Berge der Hochpyren\u00e4en, die den Anblick noch verst\u00e4rken. <\/p>\n\n\n\n<div class=\"spacer\"\/><\/div>\n\n\n\n<figure class=\"wp-block-image size-full\"><img decoding=\"async\" width=\"717\" height=\"403\" src=\"https:\/\/www.basquemtb.com\/wp-content\/uploads\/where-are-the-pyrenees-mountains-map.jpg\" alt=\"\" class=\"wp-image-44317\" title=\"Seitenmitte\" srcset=\"https:\/\/www.basquemtb.com\/wp-content\/uploads\/where-are-the-pyrenees-mountains-map-300x169.jpg 300w, https:\/\/www.basquemtb.com\/wp-content\/uploads\/where-are-the-pyrenees-mountains-map-150x84.jpg 150w, https:\/\/www.basquemtb.com\/wp-content\/uploads\/where-are-the-pyrenees-mountains-map.jpg 717w\" sizes=\"(max-width: 717px) 100vw, 717px\" \/><\/figure>\n\n\n\n<div class=\"spacer\"\/><\/div>\n\n\n\n<p>Die Vorpyren\u00e4en sind ein verstecktes Juwel f\u00fcr Mountainbiker und bieten eine einzigartige Kombination aus zerkl\u00fcftetem Gel\u00e4nde, malerischen Aussichten und unglaublichen Trails. Dieses Gebiet, zu dem u. a. Tremp, Sort, Ainsa, Guara, Castej\u00f3n de Sos und Riglos geh\u00f6ren, bietet ein perfektes Gleichgewicht aus technischen Herausforderungen und beeindruckenden Landschaften.<\/p>\n\n\n\n<div class=\"spacer\"\/><\/div>\n\n\n\n<div class=\"highlight-box\">\n    <h2>Unser Mountainbike-Urlaub in den Vorpyren\u00e4en<\/h2>\n    <p class=\"highlight-box-text central-text medium-text\">Hier finden Sie eine Auswahl unserer Mountainbike-Urlaube in der Region Vorpyren\u00e4en.<\/p>\n    <div class=\"spacer\"><\/div>\n    <div class=\"square-shoutouts-container page-center\">\n        \n        <a href=\"\/de\/mountainbike-ferien\/super-tremp-mountain-bike-tour\/\" class=\"square-shoutout\">\n            <div class=\"top-section\" style=\"background-image: url('https:\/\/www.basquemtb.com\/wp-content\/uploads\/basqueMTB-2-3-edited-1.jpg');\">\n            <\/div>\n            <div class=\"bottom-section\">\n                <h2 class=\"title\">Tremp gegen Ainsa<\/h2>\n                <div class=\"square-shoutout-sub-header\">Das Beste von Tremp und Ainsa<\/div>\n                <div class=\"square-shoutout-text\">Im M\u00e4rz und November fahren wir in diesen beiden Gebieten, wo das Wetter warm ist und die Trails fantastisch sind. Fahren Sie die erstaunlich flie\u00dfenden Pfade von Tremp und Ainsa's raue Enduro fahren, mit unseren Shuttles, um die maximale Menge an Abstieg zu bekommen.<\/div>\n            <\/div>\n        <\/a>\n       \n        <a href=\"\/de\/mountainbike-ferien\/mountainbike-urlaub-in-den-pyrenaen-im-hinterland\/\" class=\"square-shoutout\">\n            <div class=\"top-section\" style=\"background-image: url('https:\/\/www.basquemtb.com\/wp-content\/uploads\/backcountry-pyrenees-mountain-bike-holiday-5-1-1024x672.jpg');\">\n            <\/div>\n            <div class=\"bottom-section\">\n                <h2 class=\"title\">Backcountry Pyren\u00e4en<\/h2>\n                <div class=\"square-shoutout-sub-header\">Vor-Pyren\u00e4en-Flow-Abenteuer<\/div>\n                <div class=\"square-shoutout-text\">Die Fahrt durch die beeindruckenden Felsformationen der Vorpyren\u00e4en ist das perfekte Ziel im Fr\u00fchling. Reiten durch Tremp, Castejon, Ainsa und Guara auf einem gro\u00dfen, Shuttle unterst\u00fctzt, Mountainbike-Abenteuer.<\/div>\n            <\/div>\n        <\/a>\n\n        <a href=\"\/de\/mountainbike-ferien\/ainsa-enduro-mountain-bike-urlaub\/\" class=\"square-shoutout\">\n            <div class=\"top-section\" style=\"background-image: url('https:\/\/www.basquemtb.com\/wp-content\/uploads\/ainsa-enduro-mountain-bike-holiday-7-1024x683.jpg');\">\n            <\/div>\n            <div class=\"bottom-section\">\n                <h2 class=\"title\">Ainsa Enduro<\/h2>\n                <div class=\"square-shoutout-sub-header\">Zona Zero und das EWS<\/div>\n                <div class=\"square-shoutout-text\">Die besten Enduro-Trails in Ainsa (Zona Zero), ein regelm\u00e4\u00dfiges Ziel f\u00fcr die EWS. Mit unserem unbegrenzten Van Uplifts zu entsperren einige der besten Reiten in den Pyren\u00e4en mit einigen Klettern, um die epischsten Trails zu erreichen.<\/div>\n            <\/div>\n        <\/a>\n    <\/div>\n<\/div>\n\n\n\n<div class=\"spacer\"\/><\/div>\n\n\n\n<h2 class=\"wp-block-heading\">Sehen Sie sich einige Fotos aus den Vorpyren\u00e4en an \u2192 <\/h2>\n\n\n\n<div class=\"spacer\"\/><\/div>\n\n\n\n<div class=\"horizontal-scroll-container\">\n    <div class=\"photo-item\" style=\"background-image: url('\/wp-content\/uploads\/backcountry-pyrenees-mountain-bike-holiday-20.webp')  \">\n    <\/div>\n    <div class=\"photo-item\" style=\"background-image: url('\/wp-content\/uploads\/1277046.jpg');\">\n    <\/div>\n    <div class=\"photo-item\" style=\"background-image: url('\/wp-content\/uploads\/backcountry-pyrenees-mountain-bike-holiday-5.webp')  \">\n    <\/div>\n    <div class=\"photo-item\" style=\"background-image: url('\/wp-content\/uploads\/backcountry-pyrenees-mountain-bike-holiday-9.webp')  \">\n    <\/div>\n    <div class=\"photo-item\" style=\"background-image: url('\/wp-content\/uploads\/backcountry-pyrenees-mountain-bike-holiday-25.webp')  \">\n    <\/div>\n    <div class=\"photo-item\" style=\"background-image: url('\/wp-content\/uploads\/backcountry-pyrenees-mountain-bike-holiday-29.webp')  \">\n    <\/div>\n    <div class=\"photo-item\" style=\"background-image: url('\/wp-content\/uploads\/backcountry-pyrenees-mountain-bike-holiday-18.webp')  \">\n    <\/div>\n    <div class=\"photo-item\" style=\"background-image: url('\/wp-content\/uploads\/backcountry-pyrenees-mountain-bike-holiday-4.webp')  \">\n    <\/div>\n    <div class=\"photo-item\" style=\"background-image: url('\/wp-content\/uploads\/backcountry-pyrenees-mountain-bike-holiday-14.webp')  \">\n    <\/div>\n    <div class=\"photo-item\" style=\"background-image: url('\/wp-content\/uploads\/basqueMTB-16-1.jpg');\">\n    <\/div>\n    <div class=\"photo-item\" style=\"background-image: url('\/wp-content\/uploads\/backcountry-pyrenees-mountain-bike-holiday-20.webp');\">\n    <\/div>\n<\/div>\n\n\n\n<div class=\"accordion-container\">\n<div class=\"accordion\">\n    <div class=\"accordion-header\">\n        <span class=\"header-text\">Jahreszeiten<\/span>\n        <span class=\"arrow\">&#8680;<\/span>\n    <\/div>\n    <div class=\"accordion-content\">\n        <h3>Welches sind die besten Jahreszeiten zum Radfahren in den Vorpyren\u00e4en?<\/h3>\n<p>Die Vorpyren\u00e4en sind im Fr\u00fchjahr und im Herbst am sch\u00f6nsten. Im Sommer ist es dort einfach zu hei\u00df. Wir denken, dass die besten Monate M\u00e4rz, April, Mai und November sind. Es ist auch m\u00f6glich, im Winter zu fahren, aber die Tage sind k\u00fcrzer, so dass wir nicht so viel fahren k\u00f6nnen.<\/p>\n    <\/div>\n<\/div>\n<\/div>\n\n\n\n<div class=\"accordion-container\">\n<div class=\"accordion\">\n    <div class=\"accordion-header\">\n        <span class=\"header-text\">Wetter<\/span>\n        <span class=\"arrow\">&#8680;<\/span>\n    <\/div>\n    <div class=\"accordion-content\">\n    <p>Im Fr\u00fchling k\u00f6nnen die Temperaturen nachts unter Null fallen, aber wenn die Sonne aufgeht, steigen sie schnell in den zweistelligen Bereich. Oft beginnen wir mit einer Jacke und enden mit kurzen \u00c4rmeln. In diesen Gebieten ist es im Allgemeinen sehr trocken und es regnet nur bei s\u00fcdlichen Wetterlagen, die nicht typisch sind.<\/p><p>Im Herbst sieht es \u00e4hnlich aus: Nachts ist es kalt, aber tags\u00fcber warm. Die Tage sind ein wenig k\u00fcrzer, aber die Temperaturen ein wenig w\u00e4rmer.<\/p><p>Der Juni ist grenzwertig, aber im Juli und August kann es sehr, sehr hei\u00df werden und das Fahren ist nicht angenehm.<\/p>\n    <\/div>\n<\/div><\/div>\n\n\n\n<div class=\"accordion-container\">\n<div class=\"accordion\">\n    <div class=\"accordion-header\">\n        <span class=\"header-text\">Reisen<\/span>\n        <span class=\"arrow\">&#8680;<\/span>\n    <\/div>\n    <div class=\"accordion-content\">\n        <h3>Barcelona: Zug oder Flughafen<\/h3>\n<p>Sie k\u00f6nnen Barcelona entweder mit dem Flugzeug oder von vielen Orten in Europa mit dem Zug erreichen. G\u00e4ste berichten, dass die Anreise mit dem Zug wirklich einfach ist und dass es keine Probleme mit Fahrr\u00e4dern in Taschen gibt. Von Barcelona aus starten wir unsere Reisen Pyren\u00e4en-Odyssee, Ainsa Enduro, Backcountry Pyrenees und Tremp vs Ainsa. <\/p>\n<p>Wenn Sie von Barcelona aus mit \u00f6ffentlichen Verkehrsmitteln zum Tremp oder nach Ainsa gelangen wollen, ist das wirklich schwierig. Am besten mieten Sie ein Auto, oder ein Taxi kostet etwa 350 \u20ac pro Strecke. Wenn Sie Lust auf ein Abenteuer haben, k\u00f6nnen Sie einen Bus nehmen, aber es dauert einen ganzen Tag und Sie m\u00fcssen nach Barbastro fahren und von dort aus mit einem lokalen Busunternehmen zu Ihrem Ziel.<\/p>\n<h3>Flugh\u00e4fen an der baskischen K\u00fcste: Bilbao, Biarritz und San Sebasti\u00e1n<\/h3>\n<p>Sie k\u00f6nnen an die baskische K\u00fcste fliegen und von dort aus in die Hochpyren\u00e4en fahren. F\u00fcr unsere Reisen in die Hochpyren\u00e4en und an die baskische K\u00fcste organisieren wir von hier aus Transfers. Von den Flugh\u00e4fen gibt es spezielle Shuttle-Busse, die Sie ins Zentrum von San Sebasti\u00e1n bringen, wo wir Sie abholen.<\/p><p>Wenn Sie von der baskischen K\u00fcste aus mit \u00f6ffentlichen Verkehrsmitteln in die Hochpyren\u00e4en gelangen wollen, ist das sehr schwierig, Sie sollten besser ein Auto mieten.<\/p>\n<h3>Fahren: F\u00e4hre oder direkt<\/h3>\n<p>Von ganz Europa aus ist die Anreise einfach, und von Gro\u00dfbritannien oder Irland aus gibt es F\u00e4hren zur baskischen K\u00fcste. Bei all unseren Reisen m\u00fcssen wir uns an einem zentralen Ort treffen, damit wir Ihre Fahrradtaschen dort abstellen k\u00f6nnen, und auch, damit wir am Ende Ihrer Reise wieder bei Ihrem Auto ankommen. Am besten setzen Sie sich mit uns in Verbindung, um die Optionen zu besprechen. <\/p>\n<h3>Bahnh\u00f6fe an der baskischen K\u00fcste: Biarritz, Hendaye und San Sebasti\u00e1n<\/h3>\n<p>Von Biarritz oder Hendaye aus gibt es den TGV, der von Paris aus f\u00e4hrt und etwas mehr als vier Stunden braucht. San Sebasti\u00e1n hat gute Zugverbindungen aus ganz Spanien.<\/p>\n<h3>Andere Flugh\u00e4fen<\/h3>\n<p>Von Toulouse, Tarbes, Saragossa und Madrid aus gibt es Fl\u00fcge zu vielen Orten. Wenn dies Ihre einzigen Optionen sind, k\u00f6nnen wir einen Transfer gegen Aufpreis organisieren.<\/p>\n    <\/div>\n<\/div><\/div>\n\n\n\n<div class=\"accordion-container\">\n<div class=\"accordion\">\n    <div class=\"accordion-header\">\n        <span class=\"header-text\">Radfahren Hotspots<\/span>\n        <span class=\"arrow\">&#8680;<\/span>\n    <\/div>\n    <div class=\"accordion-content\">\n<p>Das bekannteste Gebiet ist <strong>Ainsa<\/strong>oder die Zona Zero, die sich seit etwa der gleichen Zeit wie basqueMTB einen Namen gemacht hat! <strong>Tremp<\/strong> wird auch schnell bekannt, und das aus gutem Grund... es ist fantastisch! Unser Lieblingsgebiet ist <strong>Guara<\/strong>wo es zwar tolle Wege gibt, sich aber nur wenige Biker dorthin wagen. <\/p>\n    <\/div>\n<\/div><\/div>\n\n\n\n<div class=\"accordion-container\">\n<div class=\"accordion\">\n    <div class=\"accordion-header\">\n        <span class=\"header-text\">Video-Links<\/span>\n        <span class=\"arrow\">&#8680;<\/span>\n    <\/div>\n    <div class=\"accordion-content\">\n<iframe width=\"560\" height=\"315\" src=\"https:\/\/www.youtube.com\/embed\/5L_f8zAHeF4?si=tE_UR5lfNluTOTdr\" title=\"YouTube-Video-Player\" frameborder=\"0\" allow=\"accelerometer; autoplay; clipboard-write; encrypted-media; gyroscope; picture-in-picture; web-share\" referrerpolicy=\"strict-origin-when-cross-origin\" allowfullscreen><\/iframe>\n<iframe width=\"560\" height=\"309\" src=\"https:\/\/www.youtube.com\/embed\/rtbXVYVxeIc\" title=\"PYREN\u00c4EN Tremp: mega Flow &amp; Rockslabs wie in Kanada! \/ BaskenMTB Reise \/ Mountainbike Enduro Spanien\" frameborder=\"0\" allow=\"accelerometer; autoplay; clipboard-write; encrypted-media; gyroscope; picture-in-picture; web-share\" referrerpolicy=\"strict-origin-when-cross-origin\" allowfullscreen><\/iframe>\n<iframe width=\"560\" height=\"309\" src=\"https:\/\/www.youtube.com\/embed\/74HTdvOo1dY\" title=\"Ein katastrophaler Beginn meines Urlaubs in Tremp\" frameborder=\"0\" allow=\"accelerometer; autoplay; clipboard-write; encrypted-media; gyroscope; picture-in-picture; web-share\" referrerpolicy=\"strict-origin-when-cross-origin\" allowfullscreen><\/iframe>\n<iframe width=\"560\" height=\"309\" src=\"https:\/\/www.youtube.com\/embed\/ADLeLfUhGjE\" title=\"Auf der Suche nach meinem fehlenden Mojo - von Ainsa nach Nocito\" frameborder=\"0\" allow=\"accelerometer; autoplay; clipboard-write; encrypted-media; gyroscope; picture-in-picture; web-share\" referrerpolicy=\"strict-origin-when-cross-origin\" allowfullscreen><\/iframe>\n    <\/div>\n<\/div><\/div>","protected":false},"excerpt":{"rendered":"<p>Situated between northern Spain and France, the Pyrenees mountains form a fence-like barrier between the two countries. They were formed by a massive collision between the Iberian and the Eurasian&nbsp;plates. The crash threw up shockwaves to the south, which threw the land up out of the sea and left us with an amazing network of [&hellip;]<\/p>","protected":false},"author":1,"featured_media":44355,"parent":8900,"menu_order":0,"comment_status":"closed","ping_status":"closed","template":"","meta":{"_monsterinsights_skip_tracking":false,"_monsterinsights_sitenote_active":false,"_monsterinsights_sitenote_note":"","_monsterinsights_sitenote_category":0,"footnotes":""},"categories":[596],"tags":[],"class_list":["post-44343","page","type-page","status-publish","has-post-thumbnail","hentry","category-mountain-bike-holiday"],"featured_image_src":"https:\/\/www.basquemtb.com\/wp-content\/uploads\/Backcoutry-Pre-Pyrenees-Mountain-Bike-Holidays-1-600x400.jpg","featured_image_src_square":"https:\/\/www.basquemtb.com\/wp-content\/uploads\/Backcoutry-Pre-Pyrenees-Mountain-Bike-Holidays-1-600x600.jpg","_links":{"self":[{"href":"https:\/\/www.basquemtb.com\/de\/wp-json\/wp\/v2\/pages\/44343","targetHints":{"allow":["GET"]}}],"collection":[{"href":"https:\/\/www.basquemtb.com\/de\/wp-json\/wp\/v2\/pages"}],"about":[{"href":"https:\/\/www.basquemtb.com\/de\/wp-json\/wp\/v2\/types\/page"}],"author":[{"embeddable":true,"href":"https:\/\/www.basquemtb.com\/de\/wp-json\/wp\/v2\/users\/1"}],"replies":[{"embeddable":true,"href":"https:\/\/www.basquemtb.com\/de\/wp-json\/wp\/v2\/comments?post=44343"}],"version-history":[{"count":0,"href":"https:\/\/www.basquemtb.com\/de\/wp-json\/wp\/v2\/pages\/44343\/revisions"}],"up":[{"embeddable":true,"href":"https:\/\/www.basquemtb.com\/de\/wp-json\/wp\/v2\/pages\/8900"}],"wp:featuredmedia":[{"embeddable":true,"href":"https:\/\/www.basquemtb.com\/de\/wp-json\/wp\/v2\/media\/44355"}],"wp:attachment":[{"href":"https:\/\/www.basquemtb.com\/de\/wp-json\/wp\/v2\/media?parent=44343"}],"wp:term":[{"taxonomy":"category","embeddable":true,"href":"https:\/\/www.basquemtb.com\/de\/wp-json\/wp\/v2\/categories?post=44343"},{"taxonomy":"post_tag","embeddable":true,"href":"https:\/\/www.basquemtb.com\/de\/wp-json\/wp\/v2\/tags?post=44343"}],"curies":[{"name":"wp","href":"https:\/\/api.w.org\/{rel}","templated":true}]}}