{"id":45003,"date":"2022-11-12T08:44:02","date_gmt":"2022-11-12T08:44:02","guid":{"rendered":"https:\/\/www.basquemtb.com\/ferienbuchungskalender\/"},"modified":"2026-03-26T14:40:42","modified_gmt":"2026-03-26T14:40:42","slug":"holiday-booking-calendar","status":"publish","type":"page","link":"https:\/\/www.basquemtb.com\/de\/ferienbuchungskalender\/","title":{"rendered":"Ferienbuchungskalender"},"content":{"rendered":"<p>Hier finden Sie eine Liste aller Reisen, die wir in der Mountainbike-Saison 2024 anbieten. Wenn Sie eine Gruppe haben, k\u00f6nnen wir eine ma\u00dfgeschneiderte Reise f\u00fcr jede Woche anbieten, an der Sie interessiert sind. <\/p>\n\n\n\n<p>Bitte beachten Sie, dass wir versuchen, diese Seite auf dem neuesten Stand zu halten, aber das kann schwierig sein, da wir viel unterwegs sind! Bitte schreiben Sie uns eine E-Mail und wir k\u00f6nnen Ihnen immer die aktuelle Verf\u00fcgbarkeit mitteilen. <\/p>\n\n\n\n<div class=\"wp-block-group\"><div class=\"wp-block-group__inner-container is-layout-constrained wp-block-group-is-layout-constrained\">\n<figure class=\"wp-block-table is-style-regular\"><table><thead><tr><th>Holiday<\/th><th>Start<\/th><th>Orte<\/th><th class=\"has-text-align-center\" data-align=\"center\"><\/th><\/tr><\/thead><tbody><tr><td><strong><mark style=\"background-color:rgba(0, 0, 0, 0)\" class=\"has-inline-color has-vivid-red-color\">2026<\/mark><\/strong> Trips Now Available<\/td><td><\/td><td><\/td><td class=\"has-text-align-center\" data-align=\"center\"><\/td><\/tr><tr><td><a href=\"\/de\/mountainbike-ferien\/super-tremp-mountain-bike-tour\/\"><\/a><a href=\"\/de\/mountainbike-ferien\/super-tremp-mountain-bike-tour\/\">Ainsa vs Tremp Supertour<\/a><\/td><td>11th April 2026<\/td><td>3<\/td><td class=\"has-text-align-center\" data-align=\"center\"><a href=\"\/de\/mountainbike-ferien\/super-tremp-mountain-bike-tour\/\">+ Einzelheiten<\/a><\/td><\/tr><tr><td><a href=\"\/de\/mountainbike-ferien\/super-tremp-mountain-bike-tour\/\"><\/a><a href=\"\/de\/mountainbike-ferien\/super-tremp-mountain-bike-tour\/\"><s>Ainsa vs Tremp Supertour<\/s><\/a><\/td><td>18th April 2026<\/td><td><s>Vollst\u00e4ndig<\/s><\/td><td class=\"has-text-align-center\" data-align=\"center\"><a href=\"\/de\/mountainbike-ferien\/super-tremp-mountain-bike-tour\/\">+ Einzelheiten<\/a><\/td><\/tr><tr><td><a href=\"\/de\/mountainbike-ferien\/super-tremp-mountain-bike-tour\/\">Ainsa Enduro<\/a><\/td><td>25th April 2026<\/td><td><s>Vollst\u00e4ndig<\/s><\/td><td class=\"has-text-align-center\" data-align=\"center\"><a href=\"\/de\/mountainbike-ferien\/ainsa-enduro-mountain-bike-urlaub\/\">+ Einzelheiten<\/a><\/td><\/tr><tr><td><a href=\"https:\/\/www.basquemtb.com\/de\/mountainbike-ferien\/mountainbike-urlaub-in-den-pyrenaen-im-hinterland\/\">Backcountry Pyren\u00e4en<\/a><\/td><td>2nd May 2026<\/td><td>2<\/td><td class=\"has-text-align-center\" data-align=\"center\"><a href=\"https:\/\/www.basquemtb.com\/de\/mountainbike-ferien\/mountainbike-urlaub-in-den-pyrenaen-im-hinterland\/\" data-type=\"link\" data-id=\"https:\/\/www.basquemtb.com\/mountain-bike-holidays\/backcountry-pyrenees-mountain-bike-holiday\/\">+ Einzelheiten<\/a><\/td><\/tr><tr><td><a href=\"https:\/\/www.basquemtb.com\/de\/mountainbike-ferien\/mountainbike-urlaub-in-den-pyrenaen-im-hinterland\/\">Backcountry Pyren\u00e4en<\/a><\/td><td>9th May 2026<\/td><td>1<\/td><td class=\"has-text-align-center\" data-align=\"center\"><a href=\"\/de\/mountainbike-ferien\/super-tremp-mountain-bike-tour\/\"><\/a><a href=\"https:\/\/www.basquemtb.com\/de\/mountainbike-ferien\/mountainbike-urlaub-in-den-pyrenaen-im-hinterland\/\" data-type=\"link\" data-id=\"https:\/\/www.basquemtb.com\/mountain-bike-holidays\/backcountry-pyrenees-mountain-bike-holiday\/\">+ Einzelheiten<\/a><\/td><\/tr><tr><td><a href=\"https:\/\/www.basquemtb.com\/de\/mountainbike-ferien\/mountainbike-urlaub-in-den-pyrenaen-im-hinterland\/\"><s>Backcountry Pyren\u00e4en<\/s><\/a><\/td><td><s>16th May 2026<\/s><\/td><td><s>Vollst\u00e4ndig<\/s><\/td><td class=\"has-text-align-center\" data-align=\"center\"><a href=\"\/de\/mountainbike-ferien\/super-tremp-mountain-bike-tour\/\"><\/a><a href=\"https:\/\/www.basquemtb.com\/de\/mountainbike-ferien\/mountainbike-urlaub-in-den-pyrenaen-im-hinterland\/\" data-type=\"link\" data-id=\"https:\/\/www.basquemtb.com\/mountain-bike-holidays\/backcountry-pyrenees-mountain-bike-holiday\/\"><s>+ Einzelheiten<\/s><\/a><\/td><\/tr><tr><td><a href=\"https:\/\/www.basquemtb.com\/de\/mountainbike-ferien\/mountainbike-urlaub-in-den-pyrenaen-im-hinterland\/\"><s>Backcountry Pyren\u00e4en<\/s><\/a><\/td><td><s>23rd May 2026<\/s><\/td><td><s>Vollst\u00e4ndig<\/s><\/td><td class=\"has-text-align-center\" data-align=\"center\"><a href=\"https:\/\/www.basquemtb.com\/de\/mountainbike-ferien\/mountainbike-urlaub-in-den-pyrenaen-im-hinterland\/\" data-type=\"link\" data-id=\"https:\/\/www.basquemtb.com\/mountain-bike-holidays\/backcountry-pyrenees-mountain-bike-holiday\/\"><s>+ Einzelheiten<\/s><\/a><\/td><\/tr><tr><td><a href=\"\/de\/mountainbike-ferien\/mountainbike-urlaub-spanien\/\"><s>Baskische K\u00fcste<\/s><\/a><\/td><td><s>30th May 2026<\/s><\/td><td><s>Vollst\u00e4ndig<\/s><\/td><td class=\"has-text-align-center\" data-align=\"center\"><a href=\"\/de\/mountainbike-ferien\/mountainbike-urlaub-spanien\/\"><s>+ Einzelheiten<\/s><\/a><\/td><\/tr><tr><td><a href=\"\/de\/mountainbike-ferien\/mountainbike-urlaub-spanien\/\"><s>Baskische K\u00fcste<\/s><\/a><\/td><td><s>6th June 2026<\/s><\/td><td><s>Vollst\u00e4ndig<\/s><\/td><td class=\"has-text-align-center\" data-align=\"center\"><a href=\"\/de\/mountainbike-ferien\/mountainbike-urlaub-spanien\/\">+ Einzelheiten<\/a><\/td><\/tr><tr><td><a href=\"\/de\/mountainbike-ferien\/mountainbike-urlaub-spanien\/\">Baskische K\u00fcste<\/a><\/td><td>13th June 2026<\/td><td>11<\/td><td class=\"has-text-align-center\" data-align=\"center\"><a href=\"\/de\/mountainbike-ferien\/mountainbike-urlaub-spanien\/\">+ Einzelheiten<\/a><\/td><\/tr><tr><td><a href=\"\/de\/mountainbike-ferien\/mountainbike-urlaub-spanien\/\">Baskische K\u00fcste<\/a><\/td><td>20th June 2026<\/td><td>14<\/td><td class=\"has-text-align-center\" data-align=\"center\"><a href=\"\/de\/mountainbike-ferien\/mountainbike-urlaub-spanien\/\">+ Einzelheiten<\/a><\/td><\/tr><tr><td><a href=\"\/de\/mountainbike-ferien\/mountainbike-urlaub-spanien\/\">Baskische K\u00fcste<\/a><\/td><td>27th June 2026<\/td><td>14<\/td><td class=\"has-text-align-center\" data-align=\"center\"><a href=\"\/de\/mountainbike-ferien\/mountainbike-urlaub-spanien\/\">+ Einzelheiten<\/a><\/td><\/tr><tr><td><a href=\"https:\/\/www.basquemtb.com\/de\/mountainbike-ferien\/pyrenaen-mtb-odyssee\/\">Pyren\u00e4en-Odyssee<\/a><\/td><td>4th July 2026<\/td><td>4<\/td><td class=\"has-text-align-center\" data-align=\"center\"><a href=\"https:\/\/www.basquemtb.com\/de\/mountainbike-ferien\/pyrenaen-mtb-odyssee\/\">+ Einzelheiten<\/a><\/td><\/tr><tr><td><a href=\"\/de\/mountainbike-ferien\/mountainbike-urlaub-in-den-pyrenaen\/\">High Pyrenees Summer Special<\/a><\/td><td>18th July 2026<\/td><td>14<\/td><td class=\"has-text-align-center\" data-align=\"center\"><a href=\"\/de\/mountainbike-ferien\/mountainbike-urlaub-in-den-pyrenaen\/\" data-type=\"page\" data-id=\"15391\">+ Einzelheiten<\/a><\/td><\/tr><tr><td><a href=\"\/de\/mountainbike-ferien\/mountainbike-urlaub-in-den-pyrenaen\/\"><\/a><a href=\"\/de\/mountainbike-ferien\/mountainbike-urlaub-spanien\/\">Baskische K\u00fcste<\/a><\/td><td>25th July 2026<\/td><td>14<\/td><td class=\"has-text-align-center\" data-align=\"center\"><a href=\"\/de\/mountainbike-ferien\/mountainbike-urlaub-in-den-pyrenaen\/\" data-type=\"page\" data-id=\"15391\"><\/a><a href=\"\/de\/mountainbike-ferien\/mountainbike-urlaub-spanien\/\">+ Einzelheiten<\/a><\/td><\/tr><tr><td><a href=\"\/de\/mountainbike-ferien\/mountainbike-urlaub-spanien\/\">Baskische K\u00fcste<\/a><\/td><td>29th August 2026<\/td><td>12<\/td><td class=\"has-text-align-center\" data-align=\"center\"><a href=\"\/de\/mountainbike-ferien\/mountainbike-urlaub-spanien\/\">+ Einzelheiten<\/a><\/td><\/tr><tr><td><a href=\"\/de\/mountainbike-ferien\/mountainbike-urlaub-spanien\/\"><s>Baskische K\u00fcste<\/s><\/a><\/td><td><s>5th September 2026<\/s><\/td><td>Vollst\u00e4ndig<\/td><td class=\"has-text-align-center\" data-align=\"center\"><a href=\"\/de\/mountainbike-ferien\/mountainbike-urlaub-in-den-pyrenaen\/\" data-type=\"page\" data-id=\"15391\"><\/a><a href=\"\/de\/mountainbike-ferien\/mountainbike-urlaub-spanien\/\"><s>+ Einzelheiten<\/s><\/a><\/td><\/tr><tr><td><a href=\"\/de\/mountainbike-ferien\/mountainbike-urlaub-in-den-pyrenaen\/\">Hohe Pyren\u00e4en<\/a><\/td><td>12th September 2026<\/td><td>10<\/td><td class=\"has-text-align-center\" data-align=\"center\"><a href=\"\/de\/mountainbike-ferien\/mountainbike-urlaub-in-den-pyrenaen\/\" data-type=\"page\" data-id=\"15391\">+ Einzelheiten<\/a><\/td><\/tr><tr><td><a href=\"\/de\/mountainbike-ferien\/mountainbike-urlaub-in-den-pyrenaen\/\">Hohe Pyren\u00e4en<\/a><\/td><td>19th September 2026<\/td><td>3<\/td><td class=\"has-text-align-center\" data-align=\"center\"><a href=\"\/de\/mountainbike-ferien\/mountainbike-urlaub-in-den-pyrenaen\/\" data-type=\"page\" data-id=\"15391\">+ Einzelheiten<\/a><\/td><\/tr><tr><td><a href=\"\/de\/mountainbike-ferien\/mountainbike-urlaub-in-den-pyrenaen\/\"><s>Hohe Pyren\u00e4en<\/s><\/a><\/td><td><s>26th September 2026<\/s><\/td><td>Vollst\u00e4ndig<\/td><td class=\"has-text-align-center\" data-align=\"center\"><a href=\"\/de\/mountainbike-ferien\/mountainbike-urlaub-in-den-pyrenaen\/\" data-type=\"page\" data-id=\"15391\"><s>+ Einzelheiten<\/s><\/a><\/td><\/tr><tr><td><a href=\"\/de\/mountainbike-ferien\/mountainbike-urlaub-in-den-pyrenaen\/\">Hohe Pyren\u00e4en<\/a><\/td><td><s>3rd October 2026<\/s><\/td><td>Vollst\u00e4ndig<\/td><td class=\"has-text-align-center\" data-align=\"center\"><a href=\"\/de\/mountainbike-ferien\/mountainbike-urlaub-in-den-pyrenaen\/\" data-type=\"page\" data-id=\"15391\"><s>+ Einzelheiten<\/s><\/a><\/td><\/tr><tr><td><a href=\"\/de\/mountainbike-ferien\/mountainbike-urlaub-in-den-pyrenaen\/\">Hohe Pyren\u00e4en<\/a><\/td><td>10th October 2026<\/td><td>5<\/td><td class=\"has-text-align-center\" data-align=\"center\"><a href=\"\/de\/mountainbike-ferien\/mountainbike-urlaub-in-den-pyrenaen\/\" data-type=\"page\" data-id=\"15391\">+ Einzelheiten<\/a><\/td><\/tr><tr><td><a href=\"\/de\/mountainbike-ferien\/mountainbike-urlaub-in-den-pyrenaen\/\">Hohe Pyren\u00e4en<\/a><\/td><td>17th October 2026<\/td><td>12<\/td><td class=\"has-text-align-center\" data-align=\"center\"><a href=\"\/de\/mountainbike-ferien\/mountainbike-urlaub-in-den-pyrenaen\/\" data-type=\"page\" data-id=\"15391\">+ Einzelheiten<\/a><\/td><\/tr><tr><td><a href=\"\/de\/mountainbike-ferien\/mountainbike-urlaub-in-den-pyrenaen\/\">Hohe Pyren\u00e4en<\/a><\/td><td>24th October 2026<\/td><td>6<\/td><td class=\"has-text-align-center\" data-align=\"center\"><a href=\"\/de\/mountainbike-ferien\/mountainbike-urlaub-in-den-pyrenaen\/\" data-type=\"page\" data-id=\"15391\">+ Einzelheiten<\/a><\/td><\/tr><tr><td><a href=\"\/de\/mountainbike-ferien\/mountainbike-urlaub-in-den-pyrenaen\/\">Hohe Pyren\u00e4en<\/a><\/td><td><s>31st October 2026<\/s><\/td><td>Vollst\u00e4ndig<\/td><td class=\"has-text-align-center\" data-align=\"center\"><a href=\"\/de\/mountainbike-ferien\/mountainbike-urlaub-in-den-pyrenaen\/\" data-type=\"page\" data-id=\"15391\"><s>+ Einzelheiten<\/s><\/a><\/td><\/tr><tr><td><a href=\"\/de\/mountainbike-ferien\/super-tremp-mountain-bike-tour\/\">Ainsa vs Tremp Supertour<\/a><\/td><td>6th November 2026<\/td><td>12<\/td><td class=\"has-text-align-center\" data-align=\"center\"><a href=\"\/de\/mountainbike-ferien\/mountainbike-urlaub-in-den-pyrenaen\/\" data-type=\"page\" data-id=\"15391\">+ Einzelheiten<\/a><\/td><\/tr><tr><td><a href=\"\/de\/mountainbike-ferien\/super-tremp-mountain-bike-tour\/\">Ainsa vs Tremp Supertour<\/a><\/td><td>13th November 2026<\/td><td>14<\/td><td class=\"has-text-align-center\" data-align=\"center\"><a href=\"\/de\/mountainbike-ferien\/mountainbike-urlaub-in-den-pyrenaen\/\" data-type=\"page\" data-id=\"15391\">+ Einzelheiten<\/a><\/td><\/tr><tr><td><a href=\"\/de\/mountainbike-ferien\/super-tremp-mountain-bike-tour\/\">Ainsa vs Tremp Supertour<\/a><\/td><td>20th November 2026<\/td><td>14<\/td><td class=\"has-text-align-center\" data-align=\"center\"><a href=\"\/de\/mountainbike-ferien\/mountainbike-urlaub-in-den-pyrenaen\/\" data-type=\"page\" data-id=\"15391\">+ Einzelheiten<\/a><\/td><\/tr><\/tbody><\/table><\/figure>\n<\/div><\/div>\n\n\n\n<div style=\"height:25px\" aria-hidden=\"true\" class=\"wp-block-spacer\"><\/div>\n\n\n\n<div>\n        <a href=\"https:\/\/www.basquemtb.com\/de\/buchen\/urlaubs-buchungsformular\/\" class=\"secondary-outline-cta-button\">Jetzt buchen<\/a>\n    <\/div>\n\n\n\n<div style=\"height:25px\" aria-hidden=\"true\" class=\"wp-block-spacer\"><\/div>","protected":false},"excerpt":{"rendered":"<p>Here you can find a list of all the holidays we are running in the 2024 mountain biking season. If you have a group we can discuss offering a custom trip on any week you are interested in. Please note, we try to keep this page up to date but it can be difficult as [&hellip;]<\/p>","protected":false},"author":1,"featured_media":41402,"parent":0,"menu_order":0,"comment_status":"closed","ping_status":"closed","template":"","meta":{"_monsterinsights_skip_tracking":false,"_monsterinsights_sitenote_active":false,"_monsterinsights_sitenote_note":"","_monsterinsights_sitenote_category":0,"footnotes":""},"categories":[],"tags":[],"class_list":["post-45003","page","type-page","status-publish","has-post-thumbnail","hentry"],"featured_image_src":"https:\/\/www.basquemtb.com\/wp-content\/uploads\/pyrenees-mountain-bike-holidays-600x400.jpg","featured_image_src_square":"https:\/\/www.basquemtb.com\/wp-content\/uploads\/pyrenees-mountain-bike-holidays-600x600.jpg","_links":{"self":[{"href":"https:\/\/www.basquemtb.com\/de\/wp-json\/wp\/v2\/pages\/45003","targetHints":{"allow":["GET"]}}],"collection":[{"href":"https:\/\/www.basquemtb.com\/de\/wp-json\/wp\/v2\/pages"}],"about":[{"href":"https:\/\/www.basquemtb.com\/de\/wp-json\/wp\/v2\/types\/page"}],"author":[{"embeddable":true,"href":"https:\/\/www.basquemtb.com\/de\/wp-json\/wp\/v2\/users\/1"}],"replies":[{"embeddable":true,"href":"https:\/\/www.basquemtb.com\/de\/wp-json\/wp\/v2\/comments?post=45003"}],"version-history":[{"count":0,"href":"https:\/\/www.basquemtb.com\/de\/wp-json\/wp\/v2\/pages\/45003\/revisions"}],"wp:featuredmedia":[{"embeddable":true,"href":"https:\/\/www.basquemtb.com\/de\/wp-json\/wp\/v2\/media\/41402"}],"wp:attachment":[{"href":"https:\/\/www.basquemtb.com\/de\/wp-json\/wp\/v2\/media?parent=45003"}],"wp:term":[{"taxonomy":"category","embeddable":true,"href":"https:\/\/www.basquemtb.com\/de\/wp-json\/wp\/v2\/categories?post=45003"},{"taxonomy":"post_tag","embeddable":true,"href":"https:\/\/www.basquemtb.com\/de\/wp-json\/wp\/v2\/tags?post=45003"}],"curies":[{"name":"wp","href":"https:\/\/api.w.org\/{rel}","templated":true}]}}