{"id":45013,"date":"2010-12-05T21:56:58","date_gmt":"2010-12-05T21:56:58","guid":{"rendered":"https:\/\/www.basquemtb.com\/boek\/"},"modified":"2024-12-08T10:31:45","modified_gmt":"2024-12-08T10:31:45","slug":"boek","status":"publish","type":"page","link":"https:\/\/www.basquemtb.com\/de\/boek\/","title":{"rendered":"Boek"},"content":{"rendered":"<h2 class=\"wp-block-heading\">Boek je mountain bike vakantie<\/h2>\n\n<div class=\"highlight-box\">\n<p class=\"large-text text-box-wide\">Wir haben kein vollst\u00e4ndig automatisiertes Buchsystem.  <span class=\"accent-color\">Waarom?<\/span>  Durch ein automatisiertes Buchungssystem ist es sehr wichtig, dass die Menschen in der richtigen Weise in Gruppen zusammenarbeiten k\u00f6nnen. Unter <span class=\"accent-color\">Gruppen auf verschiedenen Niveaus = wertvolle Vorteile f\u00fcr alle!<\/span> <br\/><\/p>\n<\/div>\n\n<div class=\"spacer\"><\/div>\n\n<div class=\"text-box\">\n<h2 id=\"text-fullscreen\"><strong>Wie kann ich ein Mountainbike vakant machen?<\/strong><\/h2>\n<p class=\"centrak\"><strong>STAP 1: <\/strong>Bekijk de soorten <a href=\"https:\/\/www.basquemtb.com\/de\/mountainbike-ferien\/\">Mountainbike-Vakanties<\/a> die wir anbiete. Bekijk onze   <a href=\"https:\/\/www.basquemtb.com\/de\/leitfaden-fur-mountainbike-urlaub-und-fitness\/\"><\/a><a href=\"http:\/\/%7B%7B%7Bwpml_tag_13%7D%7D%7D%7B%7B%7Bwpml_tag_14%7D%7D%7D\"><\/a><a href=\"https:\/\/www.basquemtb.com\/de\/leitfaden-fur-mountainbike-urlaub-und-fitness\/\"><\/a>Fitness- und Gesundheitsvorsorge, um zu wissen, was man tun kann. Bekijk onze <a href=\"https:\/\/www.basquemtb.com\/de\/nl\/vakantie-boekingskalender\/\">vakantiekalender <\/a>als je al data hebt gepland voor je reis.   <\/p>\n<div class=\"seperator\"><\/div>\n<p class=\"has-text-align-left text-fullscreen-list\"><strong>STAP 2: <\/strong>Als je wilt praten over een reis, <a href=\"https:\/\/www.basquemtb.com\/de\/was-enthalten-ist\/sich-melden\/\">Neem<\/a> dan <a href=\"https:\/\/www.basquemtb.com\/de\/was-enthalten-ist\/sich-melden\/\">Kontakt mit uns auf<\/a>. Wir beantragen gro\u00dfe Summen, denn mehr Summen bedeuten eine bessere Garantie! <\/p>\n<div class=\"seperator\"><\/div>\n<p class=\"has-text-align-left text-fullscreen-list\"><strong>STAP 3<\/strong>: Wenn Sie Interesse an einer Reise haben, k\u00f6nnen Sie sich \u00fcber das Internet anmelden. <a href=\"https:\/\/www.basquemtb.com\/de\/nl\/vakantie-boekingsformulier\/\">vakantieboekingsformulier<\/a>. Hier finden Sie alle Informationen, die wir Ihnen zur Verf\u00fcgung stellen k\u00f6nnen.   <\/p>\n<div class=\"seperator\"><\/div>\n<p class=\"has-text-align-left text-fullscreen-list\"><strong>STAP 4:<\/strong> Wenn wir einen Platz f\u00fcr Sie reserviert haben, geben Sie uns alle Informationen und fragen Sie uns nach einer Buchung von 25%.  <\/p>\n<div class=\"seperator\"><\/div>\n<p class=\"has-text-align-left text-fullscreen-list\"><strong>STAP 5:<\/strong> Wir bieten Ihnen einen \u00dcberblick \u00fcber die komplette Buchbesprechung. Daarmee ben je volgeboekt.   <\/p>\n<div class=\"seperator\"><\/div>\n<p class=\"has-text-align-left text-fullscreen-list\"><strong>STAP 6<\/strong>: Zes weken voor je reis betaal je het saldo.  <\/p>\n<div class=\"seperator\"><\/div>\n<p class=\"text-box\">De volledige <a class=\"rank-math-link\" href=\"https:\/\/www.basquemtb.com\/de\/bedingungen-und-konditionen\/\">voorwaarden<\/a> zijn hier beschikbaar.  <\/p>\n<\/div>\n<div class=\"spacer\"><\/div>\n\n<div class=\"highlight-box\">\n<p class=\"large-text text-box\">Kies een reis die bij je past. Mehr als <span class=\"accent-color\">60%<\/span> von unseren Gasten sind <span class=\"accent-color\">terugkerende Bezoeker<\/span>Wenn Sie also nicht wissen, in welchem Land Sie wohnen, m\u00fcssen Sie sich keine Sorgen machen, Sie werden nie wieder zur\u00fcckkommen! <br\/><\/p>\n<\/div>\n\n<div class=\"spacer\"><\/div>\n\n<h2 class=\"wp-block-heading\">OP REIS MET JE MOUNTAIN BIKE?<\/h2>\n\n<p class=\"text-box\">Es ist sehr sch\u00f6n, mit den Kindern zu leben. Sie k\u00f6nnen alles in Ihrem Haus nachlesen. <a href=\"https:\/\/www.basquemtb.com\/de\/travel-with-your-mountain-bike\/\">Reizen mit dem Mountainbike<\/a>.   <\/p>\n\n<p class=\"text-box\">Sie k\u00f6nnen auch bei uns <a class=\"rank-math-link\" href=\"https:\/\/www.basquemtb.com\/de\/was-enthalten-ist\/mountainbike-verleih\/\">mountainbikes van hoge kwaliteit huren.<\/a><\/p>\n\n<div class=\"spacer\"><\/div>\n\n<h2 class=\"wp-block-heading\">SPANJE ALLEEN BEZOEKEN?<\/h2>\n\n<p class=\"text-box\">Alle Preise werden auf der Basis von zwei Personen berechnet, die ein Zimmer bewohnen. Sie k\u00f6nnen als alleenstaande boeken, aber wir streven ernaar om twee alleenstaanden van hetzelfde geslacht in dezelfde kamer te plaatsen. Wenn Sie dies nicht w\u00fcnschen, m\u00fcssen wir einen Persoonstoeslag einrichten. Wenn Sie mit einer oder mehreren Personen anreisen, haben Sie die M\u00f6glichkeit, mit drei Personen einen Raum zu teilen, in dem eine andere Person untergebracht ist.   <\/p>\n\n<div class=\"spacer\"><\/div>","protected":false},"excerpt":{"rendered":"<p>Boek je mountain bike vakantie We hebben geen volledig geautomatiseerd boekingssysteem. Waarom? Want met een geautomatiseerd boekingssysteem is het onmogelijk om mensen op de juiste manier in groepen in te delen. En groepen op hetzelfde niveau = geweldige vakanties voor iedereen! Hoe boek je een mountainbike vakantie? STAP 1: Bekijk de soorten mountainbike vakanties die [&hellip;]<\/p>","protected":false},"author":1,"featured_media":0,"parent":0,"menu_order":20,"comment_status":"closed","ping_status":"closed","template":"","meta":{"_monsterinsights_skip_tracking":false,"_monsterinsights_sitenote_active":false,"_monsterinsights_sitenote_note":"","_monsterinsights_sitenote_category":0,"footnotes":""},"categories":[1917],"tags":[],"class_list":["post-45013","page","type-page","status-publish","hentry","category-baskischmtb"],"featured_image_src":null,"featured_image_src_square":null,"_links":{"self":[{"href":"https:\/\/www.basquemtb.com\/de\/wp-json\/wp\/v2\/pages\/45013","targetHints":{"allow":["GET"]}}],"collection":[{"href":"https:\/\/www.basquemtb.com\/de\/wp-json\/wp\/v2\/pages"}],"about":[{"href":"https:\/\/www.basquemtb.com\/de\/wp-json\/wp\/v2\/types\/page"}],"author":[{"embeddable":true,"href":"https:\/\/www.basquemtb.com\/de\/wp-json\/wp\/v2\/users\/1"}],"replies":[{"embeddable":true,"href":"https:\/\/www.basquemtb.com\/de\/wp-json\/wp\/v2\/comments?post=45013"}],"version-history":[{"count":0,"href":"https:\/\/www.basquemtb.com\/de\/wp-json\/wp\/v2\/pages\/45013\/revisions"}],"wp:attachment":[{"href":"https:\/\/www.basquemtb.com\/de\/wp-json\/wp\/v2\/media?parent=45013"}],"wp:term":[{"taxonomy":"category","embeddable":true,"href":"https:\/\/www.basquemtb.com\/de\/wp-json\/wp\/v2\/categories?post=45013"},{"taxonomy":"post_tag","embeddable":true,"href":"https:\/\/www.basquemtb.com\/de\/wp-json\/wp\/v2\/tags?post=45013"}],"curies":[{"name":"wp","href":"https:\/\/api.w.org\/{rel}","templated":true}]}}