{"id":50,"date":"2009-04-11T22:57:41","date_gmt":"2009-04-11T22:57:41","guid":{"rendered":"http:\/\/basquemtb.com\/?page_id=50"},"modified":"2024-12-07T16:55:38","modified_gmt":"2024-12-07T16:55:38","slug":"get-in-touch","status":"publish","type":"page","link":"https:\/\/www.basquemtb.com\/de\/was-enthalten-ist\/sich-melden\/","title":{"rendered":"Kontakt aufnehmen"},"content":{"rendered":"<div class=\"text-box gb-block-container\">\n<p>Wir beantworten jede E-Mail, die wir erhalten. Normalerweise bem\u00fchen wir uns, innerhalb von 24 Stunden zu antworten, aber in arbeitsreichen Zeiten sind wir oft auf Reisen und manchmal an Orten, wo es kein Telefonsignal gibt. Wenn Sie innerhalb von ein oder zwei Tagen keine Antwort erhalten, ist h\u00f6chstwahrscheinlich etwas mit unserer Post schiefgegangen. Bitte kontaktieren Sie uns \u00fcber die E-Mail Adresse doug@basquemtb.com oder \u00fcber die unten stehende Telefonnummer.<\/p>\n<div class=\"spacer\"><\/div>\n<div class=\"seperator\"><\/div>\n<div class=\"spacer\"><\/div>\n<h2 class=\"wp-block-heading\">Wie k\u00f6nnen Sie uns kontaktieren?<\/h2>\n<p>Wir sind oft als Reiseleiter unterwegs, und in der Haupturlaubszeit kann es etwas hektisch werden. Hier sind die besten M\u00f6glichkeiten, um mit uns in Kontakt zu treten.<\/p>\n<ul class=\"text-box-left\">\n<li><strong>E-Mail.<\/strong> Wir beantworten immer unsere E-Mails. <strong>Dies ist der beste Weg zur Kontaktaufnahme<\/strong> und die einzige M\u00f6glichkeit, einen Urlaub zu buchen. Wenn wir nicht auf E-Mails antworten, senden Sie bitte eine weitere E-Mail direkt an doug@basqueMTB.com. Der h\u00e4ufigste Grund f\u00fcr die Nichtbeantwortung ist, dass die falsche Antwort-E-Mail-Adresse in das Kontaktformular eingegeben wurde.<\/li>\n<\/br>\n<li><strong>Telefon.<\/strong> Wenn Sie sich am Telefon unterhalten m\u00f6chten, lassen Sie es uns per E-Mail wissen und wir k\u00f6nnen einen Termin vereinbaren. Wir lieben es, \u00fcber unsere Reisen zu sprechen, aber wenn wir unterwegs sind, ist es oft nicht m\u00f6glich, ans Telefon zu gehen. \n<\/li>\n<\/br>\n<li><strong>Whatsapp \/ Social Media Nachrichten.<\/strong> Sie eignen sich hervorragend f\u00fcr schnelle Fragen, aber oft erhalten wir viele Nachrichten, und es ist m\u00f6glich, dass wir nicht antworten. Das liegt nicht daran, dass wir nicht reden wollen, sondern einfach daran, dass es schwierig ist, den \u00dcberblick \u00fcber diese Art von Nachrichten zu behalten. Einfach ausgedr\u00fcckt, <strong>Wenn es wichtig ist, schicken Sie bitte eine E-Mail.<\/strong> <\/li>\n<\/ul>\n<p>Ich freue mich auf ein Gespr\u00e4ch mit Ihnen!<\/p>\n<div class=\"spacer\"><\/div>\n<div class=\"seperator\"><\/div>\n<div class=\"spacer\"><\/div>\n<\/div>","protected":false},"excerpt":{"rendered":"<p>We answer every email we receive. Typically we aim to reply within 24 hours, however during busy times we are often out guiding and sometimes out in places where there is no phone signal. If you don&#8217;t get a reply within a day or two then it is very likely that something has gone wrong [&hellip;]<\/p>","protected":false},"author":1,"featured_media":18760,"parent":2470,"menu_order":7,"comment_status":"open","ping_status":"closed","template":"","meta":{"_monsterinsights_skip_tracking":false,"_monsterinsights_sitenote_active":false,"_monsterinsights_sitenote_note":"","_monsterinsights_sitenote_category":0,"footnotes":""},"categories":[620],"tags":[],"class_list":["post-50","page","type-page","status-publish","has-post-thumbnail","hentry","category-basquemtb"],"featured_image_src":"https:\/\/www.basquemtb.com\/wp-content\/uploads\/Plastic-Adventure-Basque-Coast-Mountain-Bike-Tour-28-600x400.jpg","featured_image_src_square":"https:\/\/www.basquemtb.com\/wp-content\/uploads\/Plastic-Adventure-Basque-Coast-Mountain-Bike-Tour-28-600x600.jpg","_links":{"self":[{"href":"https:\/\/www.basquemtb.com\/de\/wp-json\/wp\/v2\/pages\/50","targetHints":{"allow":["GET"]}}],"collection":[{"href":"https:\/\/www.basquemtb.com\/de\/wp-json\/wp\/v2\/pages"}],"about":[{"href":"https:\/\/www.basquemtb.com\/de\/wp-json\/wp\/v2\/types\/page"}],"author":[{"embeddable":true,"href":"https:\/\/www.basquemtb.com\/de\/wp-json\/wp\/v2\/users\/1"}],"replies":[{"embeddable":true,"href":"https:\/\/www.basquemtb.com\/de\/wp-json\/wp\/v2\/comments?post=50"}],"version-history":[{"count":0,"href":"https:\/\/www.basquemtb.com\/de\/wp-json\/wp\/v2\/pages\/50\/revisions"}],"up":[{"embeddable":true,"href":"https:\/\/www.basquemtb.com\/de\/wp-json\/wp\/v2\/pages\/2470"}],"wp:featuredmedia":[{"embeddable":true,"href":"https:\/\/www.basquemtb.com\/de\/wp-json\/wp\/v2\/media\/18760"}],"wp:attachment":[{"href":"https:\/\/www.basquemtb.com\/de\/wp-json\/wp\/v2\/media?parent=50"}],"wp:term":[{"taxonomy":"category","embeddable":true,"href":"https:\/\/www.basquemtb.com\/de\/wp-json\/wp\/v2\/categories?post=50"},{"taxonomy":"post_tag","embeddable":true,"href":"https:\/\/www.basquemtb.com\/de\/wp-json\/wp\/v2\/tags?post=50"}],"curies":[{"name":"wp","href":"https:\/\/api.w.org\/{rel}","templated":true}]}}