{"id":6769,"date":"2013-04-29T15:15:42","date_gmt":"2013-04-29T15:15:42","guid":{"rendered":"http:\/\/localhost\/basquemtb\/?page_id=6769"},"modified":"2022-05-18T10:14:58","modified_gmt":"2022-05-18T10:14:58","slug":"mountain-bike-holiday-feedback","status":"publish","type":"page","link":"https:\/\/www.basquemtb.com\/de\/feedback-zum-mountainbike-urlaub\/","title":{"rendered":"Mountainbike-Urlaub Feedback"},"content":{"rendered":"<p class=\"text-fullscreen\">Wir hoffen sehr, dass Sie Ihren Mountainbike-Urlaub in Spanien mit Basque MTB genossen haben, sei es an der baskischen K\u00fcste oder bei der Backcountry Pyren\u00e4en-Tour. Wenn irgendetwas nicht in Ordnung war, hoffen wir, dass Sie w\u00e4hrend Ihres Aufenthalts mit uns dar\u00fcber gesprochen haben und dass wir es geschafft haben, die Dinge zu beheben. Wir sind jedoch immer bestrebt, unsere Mountainbike-Urlaube zu verbessern und w\u00fcrden uns \u00fcber jedes Feedback freuen, das Sie uns geben k\u00f6nnen.<\/p>\n\n\n\n<div class=\"wp-block-genesis-blocks-gb-container text-fullscreen gb-block-container\"><div class=\"gb-container-inside\"><div class=\"gb-container-content\"><\/div><\/div><\/div>","protected":false},"excerpt":{"rendered":"<p>We really hope that you enjoyed your mountain bike holiday in Spain with Basque MTB, whether that was on the Basque coast or the Backcountry Pyrenees tour. If anything was wrong then we really hope that you talked to us about it during your stay\u00a0and that we managed to fix things, however we are always [&hellip;]<\/p>","protected":false},"author":1,"featured_media":0,"parent":0,"menu_order":0,"comment_status":"open","ping_status":"closed","template":"","meta":{"_monsterinsights_skip_tracking":false,"_monsterinsights_sitenote_active":false,"_monsterinsights_sitenote_note":"","_monsterinsights_sitenote_category":0,"footnotes":""},"categories":[],"tags":[],"class_list":["post-6769","page","type-page","status-publish","hentry"],"featured_image_src":null,"featured_image_src_square":null,"_links":{"self":[{"href":"https:\/\/www.basquemtb.com\/de\/wp-json\/wp\/v2\/pages\/6769","targetHints":{"allow":["GET"]}}],"collection":[{"href":"https:\/\/www.basquemtb.com\/de\/wp-json\/wp\/v2\/pages"}],"about":[{"href":"https:\/\/www.basquemtb.com\/de\/wp-json\/wp\/v2\/types\/page"}],"author":[{"embeddable":true,"href":"https:\/\/www.basquemtb.com\/de\/wp-json\/wp\/v2\/users\/1"}],"replies":[{"embeddable":true,"href":"https:\/\/www.basquemtb.com\/de\/wp-json\/wp\/v2\/comments?post=6769"}],"version-history":[{"count":0,"href":"https:\/\/www.basquemtb.com\/de\/wp-json\/wp\/v2\/pages\/6769\/revisions"}],"wp:attachment":[{"href":"https:\/\/www.basquemtb.com\/de\/wp-json\/wp\/v2\/media?parent=6769"}],"wp:term":[{"taxonomy":"category","embeddable":true,"href":"https:\/\/www.basquemtb.com\/de\/wp-json\/wp\/v2\/categories?post=6769"},{"taxonomy":"post_tag","embeddable":true,"href":"https:\/\/www.basquemtb.com\/de\/wp-json\/wp\/v2\/tags?post=6769"}],"curies":[{"name":"wp","href":"https:\/\/api.w.org\/{rel}","templated":true}]}}