{"id":7806,"date":"2014-03-07T09:03:39","date_gmt":"2014-03-07T09:03:39","guid":{"rendered":"http:\/\/localhost\/basquemtb\/?page_id=7806"},"modified":"2025-05-04T19:23:21","modified_gmt":"2025-05-04T19:23:21","slug":"mountain-bike-hire","status":"publish","type":"page","link":"https:\/\/www.basquemtb.com\/de\/was-enthalten-ist\/mountainbike-verleih\/","title":{"rendered":"Mountainbike-Verleih"},"content":{"rendered":"<h2 class=\"wp-block-heading\">Vollgefederter Mountainbike-Verleih: 85 \u20ac pro Tag oder 425 \u20ac pro Woche.<\/h2>\n\n\n\n<p>Dieses Jahr freuen wir uns, die fantastischen Orbea Occam Mountainbikes zum Verleih f\u00fcr unsere Kunden anbieten zu k\u00f6nnen. <a class=\"rank-math-link\" href=\"https:\/\/www.basquemtb.com\/de\/\">Mountainbike-Urlaub<\/a> G\u00e4ste. Wie immer sind diese Fahrr\u00e4der in unserem Besitz und werden jede Woche \u00fcberpr\u00fcft und gewartet, was bedeutet, dass sie gut gepflegt werden und immer in einem Top-Zustand sein sollten.<\/p>\n\n\n\n<div class=\"spacer\"><\/div>\n\n\n\n<p>Es ist erw\u00e4hnenswert, dass <strong>wir bieten keinen Mountainbike-Verleih an, es sei denn, Sie nehmen an einer Reise mit uns teil<\/strong>. Und warum? Der Grund ist einfach: wir machen keinen Gewinn mit den Leihfahrr\u00e4dern, sie sind f\u00fcr unsere Ferieng\u00e4ste gedacht. <\/p>\n\n\n\n<div class=\"spacer\"><\/div>\n\n\n\n<p>Wir haben unsere eigenen Fahrr\u00e4der gekauft, nachdem wir mehrere unbefriedigende Erfahrungen mit schlecht gewarteten Fahrr\u00e4dern mit geringer Reichweite gemacht haben, und wir bieten diesen Service nur Leuten an, die <a href=\"https:\/\/www.basquemtb.com\/de\/mountainbike-ferien\/\">Buchen Sie einen unserer Mountainbike-Urlaube<\/a>. Es tut uns leid, dass wir Ihnen kein Fahrrad ohne F\u00fchrung vermieten k\u00f6nnen, aber so haben wir uns entschieden zu arbeiten und wir wollen das bestm\u00f6gliche Angebot f\u00fcr unsere G\u00e4ste halten und sicherstellen, dass unsere Fahrr\u00e4der im bestm\u00f6glichen Zustand sind.<\/p>\n\n\n\n<div class=\"spacer\"><\/div>\n\n\n\n<p>Alle Details zu den Orbea Occam Leihfahrr\u00e4dern sind:<\/p>\n\n\n<div class=\"wp-block-image photo-fullwidth\">\n<figure class=\"aligncenter size-large\"><img decoding=\"async\" width=\"1024\" height=\"640\" src=\"https:\/\/www.basquemtb.com\/wp-content\/uploads\/R257TTCC-P3-SIDE-OCCAM_LT_H20_over-edited-1024x640.jpg\" alt=\"orbea occam LT\" class=\"wp-image-44114\" srcset=\"https:\/\/www.basquemtb.com\/wp-content\/uploads\/R257TTCC-P3-SIDE-OCCAM_LT_H20_over-edited-1024x640.jpg 1024w, https:\/\/www.basquemtb.com\/wp-content\/uploads\/R257TTCC-P3-SIDE-OCCAM_LT_H20_over-edited-300x188.jpg 300w, https:\/\/www.basquemtb.com\/wp-content\/uploads\/R257TTCC-P3-SIDE-OCCAM_LT_H20_over-edited-150x94.jpg 150w, https:\/\/www.basquemtb.com\/wp-content\/uploads\/R257TTCC-P3-SIDE-OCCAM_LT_H20_over-edited-1536x960.jpg 1536w, https:\/\/www.basquemtb.com\/wp-content\/uploads\/R257TTCC-P3-SIDE-OCCAM_LT_H20_over-edited.jpg 1739w\" sizes=\"(max-width: 1024px) 100vw, 1024px\" \/><\/figure><\/div>\n\n\n<div class=\"spacer\"><\/div>\n\n\n\n<h2 class=\"wp-block-heading\">Orbea Occam | Sonderanfertigung<\/h2>\n\n\n\n<ul class=\"wp-block-list text-fullscreen-list\">\n<li>Orbea Occam LT H10 | Aluminium | Blau<\/li>\n\n\n\n<li>29\u2033-Laufr\u00e4der, 150\/160 mm Federweg und 64,5\u00ba Lenkkopfwinkel<\/li>\n\n\n\n<li>Wir werden 1 Small, 2 Medium, 2 Large und 2 Extra Large zur Verf\u00fcgung stellen.<\/li>\n\n\n\n<li>D\u00e4mpfer: FOX FLOAT X PERFORMANCE 2<\/li>\n\n\n\n<li>Gabel: FOX 36 FLOAT PERFORMANCE 160 GRIP<\/li>\n\n\n\n<li>Bremsen: Shimano XT M8120<\/li>\n\n\n\n<li>Dropper Post: OC Dropper 150 - 200mm je nach Fahrradgr\u00f6\u00dfe<\/li>\n\n\n\n<li>Pedale: Entweder SPD's oder Flats, lassen Sie es uns einfach wissen<\/li>\n<\/ul>\n\n\n\n<div class=\"spacer\"><\/div>","protected":false},"excerpt":{"rendered":"<p>Mountainbike-Verleih f\u00fcr unsere Mountainbike-Ferien in Spanien<\/p>","protected":false},"author":1,"featured_media":27828,"parent":2470,"menu_order":0,"comment_status":"open","ping_status":"closed","template":"","meta":{"_monsterinsights_skip_tracking":false,"_monsterinsights_sitenote_active":false,"_monsterinsights_sitenote_note":"","_monsterinsights_sitenote_category":0,"footnotes":""},"categories":[620],"tags":[],"class_list":["post-7806","page","type-page","status-publish","has-post-thumbnail","hentry","category-basquemtb"],"featured_image_src":"https:\/\/www.basquemtb.com\/wp-content\/uploads\/mountain-bike-holiday-basquemtb-got-600x400.jpg","featured_image_src_square":"https:\/\/www.basquemtb.com\/wp-content\/uploads\/mountain-bike-holiday-basquemtb-got-600x600.jpg","_links":{"self":[{"href":"https:\/\/www.basquemtb.com\/de\/wp-json\/wp\/v2\/pages\/7806","targetHints":{"allow":["GET"]}}],"collection":[{"href":"https:\/\/www.basquemtb.com\/de\/wp-json\/wp\/v2\/pages"}],"about":[{"href":"https:\/\/www.basquemtb.com\/de\/wp-json\/wp\/v2\/types\/page"}],"author":[{"embeddable":true,"href":"https:\/\/www.basquemtb.com\/de\/wp-json\/wp\/v2\/users\/1"}],"replies":[{"embeddable":true,"href":"https:\/\/www.basquemtb.com\/de\/wp-json\/wp\/v2\/comments?post=7806"}],"version-history":[{"count":0,"href":"https:\/\/www.basquemtb.com\/de\/wp-json\/wp\/v2\/pages\/7806\/revisions"}],"up":[{"embeddable":true,"href":"https:\/\/www.basquemtb.com\/de\/wp-json\/wp\/v2\/pages\/2470"}],"wp:featuredmedia":[{"embeddable":true,"href":"https:\/\/www.basquemtb.com\/de\/wp-json\/wp\/v2\/media\/27828"}],"wp:attachment":[{"href":"https:\/\/www.basquemtb.com\/de\/wp-json\/wp\/v2\/media?parent=7806"}],"wp:term":[{"taxonomy":"category","embeddable":true,"href":"https:\/\/www.basquemtb.com\/de\/wp-json\/wp\/v2\/categories?post=7806"},{"taxonomy":"post_tag","embeddable":true,"href":"https:\/\/www.basquemtb.com\/de\/wp-json\/wp\/v2\/tags?post=7806"}],"curies":[{"name":"wp","href":"https:\/\/api.w.org\/{rel}","templated":true}]}}