{"id":8900,"date":"2015-03-26T11:25:26","date_gmt":"2015-03-26T11:25:26","guid":{"rendered":"http:\/\/localhost\/basquemtb\/?page_id=8900"},"modified":"2024-12-07T14:57:21","modified_gmt":"2024-12-07T14:57:21","slug":"mountain-bike-holidays","status":"publish","type":"page","link":"https:\/\/www.basquemtb.com\/de\/mountainbike-ferien\/","title":{"rendered":"Mountainbike-Urlaub"},"content":{"rendered":"<h2 class=\"wp-block-heading has-large-font-size\">W\u00e4hlen Sie Ihren Traum-Pyren\u00e4en-Mountainbike-Urlaub<\/h2>\n\n\n\n<p class=\"text-box\">Die Pyren\u00e4en bieten ein unvergessliches MTB-Erlebnis mit Trails, die perfekt f\u00fcr begeisterte Mountainbiker sind. Ob Sie K\u00fcstenfahrten mit Meerblick, alpine Herausforderungen in hochalpinem Gel\u00e4nde oder sonnenverw\u00f6hnte Routen durch zerkl\u00fcftete T\u00e4ler suchen, unsere gef\u00fchrten MTB-Urlaube bieten das Abenteuer Ihres Lebens in einigen der atemberaubendsten Landschaften Europas. <\/p>\n\n\n\n<div class=\"spacer\"\/><\/div>\n\n\n\n<div class=\"highlight-box large-text\">\n<h3>MTB-Urlaub: Erkundung nach Region<\/h3>\n<p class=\"text-box\">Die drei Pyren\u00e4enregionen bieten <span class=\"accent-color\">einzigartige MTB-Erlebnisse<\/span>. Ganz gleich, ob Sie die steilen, lehmigen K\u00fcstenwege, die weiten Aussichten und die alpinen H\u00f6hen der Hochpyren\u00e4en oder die fantastischen felsigen Wege der Vorpyren\u00e4en bevorzugen, es gibt einen Weg f\u00fcr Sie.<\/p>\n<\/div>\n\n\n\n<div class=\"spacer\"\/><\/div>\n\n\n\n<div class=\"square-shoutouts-container page-center\">\n    <a href=\"\/de\/mountainbike-ferien\/mountainbike-urlaub-in-den-pyrenaen\/\" class=\"square-shoutout\"> \n        <div class=\"top-section with-overlay\" style=\"background-image: url('\/wp-content\/uploads\/Plastic-Adventure-Basque-Coast-Mountain-Bike-Tour-20-edited.webp')  \">\n            <h2 class=\"title\">MTB-Urlaub an der baskischen K\u00fcste<\/h2>\n        <\/div>\n        <div class=\"bottom-section\">\n            <div class=\"square-shoutout-text\">Wo die Pyren\u00e4en auf den Atlantik treffen. Die baskische K\u00fcste ist gr\u00fcn, lehmig und steil. <\/div>\n        <\/div>\n<\/a>\n\n <a href=\"\/de\/mountainbike-ferien\/das-hochgebirge-der-pyrenaen\/\" class=\"square-shoutout\">\n        <div class=\"top-section with-overlay\" style=\"background-image: url('\/wp-content\/uploads\/ultimate-pyrenees-mountain-bike-holiday-34-edited.webp')  \">\n            <h2 class=\"title\">Hochpyren\u00e4en MTB-Urlaub<\/h2>\n        <\/div>\n        <div class=\"bottom-section\">\n            <div class=\"square-shoutout-text\">Die h\u00f6chsten Berge der Pyren\u00e4en bieten fantastische, alpine Radfahrm\u00f6glichkeiten und herrliche Wanderwege. Sowohl auf der spanischen als auch auf der franz\u00f6sischen Seite.<\/div>\n        <\/div>\n<\/a>\n\n <a href=\"\/de\/mountainbike-ferien\/das-vorpyrenaengebirge\/\" class=\"square-shoutout\">\n        <div class=\"top-section with-overlay\" style=\"background-image: url('\/wp-content\/uploads\/basqueMTB-4-of-29-edited.webp')  \">\n            <h2 class=\"title\">MTB-Urlaub in den S\u00fcdpyren\u00e4en<\/h2>\n        <\/div>\n        <div class=\"bottom-section\">\n            <div class=\"square-shoutout-text\">Die s\u00fcdlich der Pyren\u00e4en gelegenen Vorpyren\u00e4en bieten fantastische, felsige Wanderwege mit einem Hauch von Backcountry. <\/div>\n        <\/div>\n<\/div><\/a>\n\n\n\n<div class=\"spacer\"\/><\/div>\n\n\n\n<p class=\"text-box has-medium-font-size\">Wenn Ihre Termine begrenzt sind, k\u00f6nnen Sie auch unseren Mountainbike-Urlaubskalender konsultieren, um zu sehen, welche Touren wir in einer bestimmten Woche planen. <\/p>\n\n\n\n<a href=\"\/de\/ferienbuchungskalender\/\" class=\"outline-cta-button\">Ferienkalender<\/a>\n\n\n\n<div class=\"spacer\"\/><\/div>\n\n\n\n<div class=\"spacer\"\/><\/div>\n\n\n\n<div class=\"whighlight-box\">\n<h2 id=\"eBike-Tours\">Und was ist mit <span class=\"h2 accent-color\">Elektrische Fahrr\u00e4der<\/span> In den Pyren\u00e4en?<\/h2>\n<p class=\"text-box large-text has-medium-font-size\">Alle unsere Touren sind f\u00fcr eMTBs geeignet. Wenn alle in der Gruppe elektrisch sind, k\u00f6nnen wir die Trails anpassen, wenn nicht, fahren wir die gleichen Trails. <\/p>\n<\/div>\n\n\n\n<div class=\"spacer\"\/><\/div>\n\n\n\n<div class=\"spacer\"\/><\/div>\n\n\n\n<div class=\"highlight-box text-large\">\n<h2 id=\"Single-Center\">Ein Urlaub in einem einzigen Zentrum bietet mehr M\u00f6glichkeiten f\u00fcr <span class=\"h2 accent-color\">entspannend<\/span> in den Abendstunden. <\/h2>\n<\/div>\n\n\n\n<div class=\"spacer\"\/><\/div>\n\n\n\n<div class=\"spacer\"\/><\/div>\n\n\n\n<div class=\"square-shoutouts-container page-center\">\n    <a href=\"\/de\/mountainbike-ferien\/mountainbike-urlaub-spanien\/\" class=\"square-shoutout\">\n        <div class=\"top-section with-overlay\" style=\"background-image: url('https:\/\/www.basquemtb.com\/wp-content\/uploads\/basque-coast-mountain-bike-holiday-spain.jpg');\">\n            <h2 class=\"title\">Baskische K\u00fcste<\/h2>\n              <h3 class=\"square-shoutout-sub-header\">Einzelnes Zentrum<\/h3>\n              <div class=\"square-shoutout-sub-header\">K\u00fcsten-Enduro-Himmel<\/div>\n        <\/div>\n<\/a> \n\n <a href=\"\/de\/mountainbike-ferien\/super-tremp-mountain-bike-tour\/\" class=\"square-shoutout\">\n        <div class=\"top-section with-overlay\" style=\"background-image: url('https:\/\/www.basquemtb.com\/wp-content\/uploads\/basqueMTB-2-3-edited-1.jpg');\">\n            <h2 class=\"title\">Tremp gegen Ainsa<\/h2>\n             <h3 class=\"square-shoutout-sub-header\">Einzelnes Zentrum.<\/h3>\n             <div class=\"square-shoutout-sub-header\">Das Beste von Tremp und Ainsa<\/div>\n        <\/div>\n<\/a>\n <a href=\"\/de\/mountainbike-ferien\/ainsa-enduro-mountain-bike-urlaub\/\" class=\"square-shoutout\">\n        <div class=\"top-section with-overlay\" style=\"background-image: url('https:\/\/www.basquemtb.com\/wp-content\/uploads\/ainsa-enduro-mountain-bike-holiday-7-1024x683.jpg');\">\n            <h2 class=\"title\">Ainsa Enduro<\/h2>\n            <h3 class=\"square-shoutout-sub-header\">Einzelnes Zentrum.<\/h3>\n            <div class=\"square-shoutout-sub-header\">Zona Zero und das FWS<\/div>\n        <\/div>\n<\/a><\/div>\n\n\n\n<div class=\"spacer\"\/><\/div>\n\n\n\n<div class=\"spacer\"\/><\/div>\n\n\n\n<div class=\"spacer\"\/><\/div>\n\n\n\n<div class=\"spacer\"\/><\/div>\n\n\n\n<div class=\"highlight-box text-large\">\n<h2 id=\"Multi-Center\">Ein Urlaub in mehreren Zentren bietet mehr <span class=\"h2 accent-color\">Abenteuer<\/span> w\u00e4hrend wir verschiedene Bereiche erkunden. <\/h2>\n<\/div>\n\n\n\n<div class=\"spacer\"\/><\/div>\n\n\n\n<div class=\"spacer\"\/><\/div>\n\n\n\n<div class=\"spacer\"\/><\/div>\n\n\n\n<div class=\"spacer\"\/><\/div>\n\n\n\n<div class=\"square-shoutouts-container page-center\">\n    <a href=\"\/de\/mountainbike-ferien\/mountainbike-urlaub-in-den-pyrenaen\/\" class=\"square-shoutout\"> \n        <div class=\"top-section with-overlay\" style=\"background-image: url('https:\/\/www.basquemtb.com\/wp-content\/uploads\/High-Pyrenees-Mountain-Bike-Adventure-small.jpg');\">\n            <h2 class=\"title\">Hohe Pyren\u00e4en<\/h2>\n            <h3 class=\"square-shoutout-sub-header\">Mehrere Zentren<\/h3>\n            <div class=\"square-shoutout-sub-header\">Gro\u00dfe Berg-Enduro<\/div>\n        <\/div>\n<\/a>\n\n <a href=\"\/de\/mountainbike-ferien\/mountainbike-urlaub-in-den-pyrenaen-im-hinterland\/\" class=\"square-shoutout\">\n        <div class=\"top-section with-overlay\" style=\"background-image: url('https:\/\/www.basquemtb.com\/wp-content\/uploads\/backcountry-pyrenees-mountain-bike-holiday-5-1-1024x672.jpg');\">\n            <h2 class=\"title\">Backcountry Pyren\u00e4en<\/h2>\n            <h3 class=\"square-shoutout-sub-header\">Mehrere Zentren<\/h3>\n            <div class=\"square-shoutout-sub-header\">Vor-Pyren\u00e4en-Flow-Abenteuer<\/div>\n        <\/div>\n<\/a>\n\n <a href=\"\/de\/mountainbike-ferien\/pyrenaen-mtb-odyssee\/\" class=\"square-shoutout\">\n        <div class=\"top-section with-overlay\" style=\"background-image: url('https:\/\/www.basquemtb.com\/wp-content\/uploads\/basqueMTB-Pyrenees-Odyssey-51-1-1024x768.jpg');\">\n            <h2 class=\"title\">Pyren\u00e4en-Odyssee<\/h2>\n            <h3 class=\"square-shoutout-sub-header\">Mehrere Zentren<\/h3>\n            <div class=\"square-shoutout-sub-header\">H\u00f6her, Tiefer, Wilder<\/div>\n        <\/div>\n<\/div><\/a>\n\n\n\n<div class=\"spacer\"\/><\/div>\n\n\n\n<div class=\"spacer\"\/><\/div>\n\n\n\n<div class=\"spacer\"\/><\/div>\n\n\n\n<div class=\"spacer\"\/><\/div>\n\n\n\n<div class=\"highlight-box\">\n<h2 id=\"CustomTrips\"><span class=\"h2 accent-color\">Privat<\/span> Gruppen, <span class=\"h2 accent-color\">Benutzerdefiniert<\/span> Fahrten, <span class=\"h2 accent-color\">Besonderes<\/span> Touren<\/h2>\n<p class=\"text-box large-text has-medium-font-size\"><span class=\"accent-color\">Camping<\/span> hoch in den Pyren\u00e4en, mit voll ausgestatteten Camps und einem Team von <span class=\"accent-color\">Maultiere?<\/span> Eine ma\u00dfgeschneiderte Reise f\u00fcr Ihre Gruppe? Termine, die nicht im Kalender stehen? Sprechen Sie uns einfach an!<\/p>\n<div class=\"square-shoutouts-container page-center\">\n <a href=\"\/de\/mountainbike-ferien\/tour-des-aneto-mountainbike-abenteuers\/\">\n    <div class=\"square-shoutout\">\n        <div class=\"top-section with-overlay\" style=\"background-image: url('\/wp-content\/uploads\/tour-of-aneto-mountain-bike-adventure-22.webp')  \">\n            <h2 class=\"title\">Rundgang durch Aneto<\/h2>\n        <\/div>\n        <div class=\"bottom-section\">\n            <div class=\"square-shoutout-sub-header\">Camping, Reiten und Maultiere<\/div>\n            <div class=\"square-shoutout-text\">Reiten Sie \u00fcber und um die h\u00f6chsten Berge, einschlie\u00dflich einer Tour um Aneto mit Hochgebirgslagern, die von einem Maultiergespann versorgt werden.\n<\/div>\n            <a href=\"\/de\/mountainbike-ferien\/tour-des-aneto-mountainbike-abenteuers\/\" class=\"cta-button\">Jetzt buchen<\/a>\n        <\/div>\n    <\/div><\/a>\n<\/div>\n<\/div>\n\n\n\n<div class=\"spacer\"\/><\/div>\n\n\n\n<div class=\"spacer\"\/><\/div>\n\n\n\n<div style=\"padding-bottom:2%\" class=\"highlight-box\">\n<p class=\"text-box central-text large-text\">Nehmen Sie Kontakt auf, wenn Sie eine dieser Reisen buchen m\u00f6chten. <\/p>\n<a href=\"\/de\/was-enthalten-ist\/sich-melden\/\" class=\"outline-cta-button\">Kontakt aufnehmen<\/a>\n<div class=\"spacer\"><\/div>\n<div class=\"spacer\"><\/div>\n<\/div>\n\n\n\n<div class=\"spacer\"><\/div>\n\n\n\n<div class=\"spacer\"><\/div>\n\n\n\n<h3 class=\"wp-block-heading h2_frontpage has-large-font-size\">Glauben Sie nicht an unser Wort<\/h3>\n\n\n\n<p class=\"text-fullscreen\">Wir von basqueMTB messen uns an dem, was unsere Kunden uns sagen. Das ist entscheidend f\u00fcr uns und hat im Laufe der Jahre unsere Mountainbike-Reisen gepr\u00e4gt. Reisen haben sich ge\u00e4ndert oder wurden ganz gestrichen, und im Laufe der Jahre haben wir unsere Reisen weiterentwickelt. Schauen Sie sich an, was unsere Mountainbike-G\u00e4ste uns sagen. <\/p>\n\n\n\n<div class=\"two-column-section\">\n    <div class=\"image-column\">\n        <figure>\n            <img decoding=\"async\" src=\"https:\/\/www.basquemtb.com\/wp-content\/uploads\/mountain-bike-holiday-spain-8-4.jpg\" alt=\"Erlebnis Mountainbike\" \/>\n        <\/figure>\n    <\/div>\n    <div class=\"text-column\">\n        <h2>MTB-Erlebnisse<\/h2>\n        <p>Wir beurteilen uns selbst nach dem, was unsere G\u00e4ste uns sagen. Das sollten Sie wahrscheinlich auch!<\/p>\n        <div style=\"height:25px;\"><\/div>\n        <a href=\"\/de\/uber-basquemtb\/#Testimonials\" class=\"outline-cta-button\">Mehr lesen<\/a>\n    <\/div>\n<\/div>","protected":false},"excerpt":{"rendered":"<p>Alle unsere Mountainbike-Reisen an einem Ort mit einem Filter, der Ihnen hilft, die Reise auszuw\u00e4hlen, die Sie am liebsten machen w\u00fcrden. <\/p>","protected":false},"author":1,"featured_media":28898,"parent":0,"menu_order":1,"comment_status":"closed","ping_status":"closed","template":"","meta":{"_monsterinsights_skip_tracking":false,"_monsterinsights_sitenote_active":false,"_monsterinsights_sitenote_note":"","_monsterinsights_sitenote_category":0,"footnotes":""},"categories":[596],"tags":[],"class_list":["post-8900","page","type-page","status-publish","has-post-thumbnail","hentry","category-mountain-bike-holiday"],"featured_image_src":"https:\/\/www.basquemtb.com\/wp-content\/uploads\/basquemtb-mountain-bike-holidays-pyrenees-600x400.jpg","featured_image_src_square":"https:\/\/www.basquemtb.com\/wp-content\/uploads\/basquemtb-mountain-bike-holidays-pyrenees-600x600.jpg","_links":{"self":[{"href":"https:\/\/www.basquemtb.com\/de\/wp-json\/wp\/v2\/pages\/8900","targetHints":{"allow":["GET"]}}],"collection":[{"href":"https:\/\/www.basquemtb.com\/de\/wp-json\/wp\/v2\/pages"}],"about":[{"href":"https:\/\/www.basquemtb.com\/de\/wp-json\/wp\/v2\/types\/page"}],"author":[{"embeddable":true,"href":"https:\/\/www.basquemtb.com\/de\/wp-json\/wp\/v2\/users\/1"}],"replies":[{"embeddable":true,"href":"https:\/\/www.basquemtb.com\/de\/wp-json\/wp\/v2\/comments?post=8900"}],"version-history":[{"count":0,"href":"https:\/\/www.basquemtb.com\/de\/wp-json\/wp\/v2\/pages\/8900\/revisions"}],"wp:featuredmedia":[{"embeddable":true,"href":"https:\/\/www.basquemtb.com\/de\/wp-json\/wp\/v2\/media\/28898"}],"wp:attachment":[{"href":"https:\/\/www.basquemtb.com\/de\/wp-json\/wp\/v2\/media?parent=8900"}],"wp:term":[{"taxonomy":"category","embeddable":true,"href":"https:\/\/www.basquemtb.com\/de\/wp-json\/wp\/v2\/categories?post=8900"},{"taxonomy":"post_tag","embeddable":true,"href":"https:\/\/www.basquemtb.com\/de\/wp-json\/wp\/v2\/tags?post=8900"}],"curies":[{"name":"wp","href":"https:\/\/api.w.org\/{rel}","templated":true}]}}