{"id":12200,"date":"2015-02-12T11:42:09","date_gmt":"2015-02-12T11:42:09","guid":{"rendered":"https:\/\/www.basquemtb.com\/?page_id=12200"},"modified":"2018-11-06T12:55:11","modified_gmt":"2018-11-06T12:55:11","slug":"ainsa-enduro-itinerary","status":"publish","type":"page","link":"https:\/\/www.basquemtb.com\/es\/vacaciones-en-bicicleta-de-montana\/ainsa-enduro-vacaciones-en-bicicleta-de-montana\/ainsa-enduro-itinerario\/","title":{"rendered":"Enduro de A\u00ednsa: Itinerario"},"content":{"rendered":"<h2>Vacaciones en bicicleta de monta\u00f1a Ainsa Enduro | Ejemplo de itinerario<\/h2>\r\n<p>En realidad no hacemos itinerarios para nuestros <a href=\"https:\/\/www.basquemtb.com\/es\/\" target=\"_blank\">vacaciones en bicicleta de monta\u00f1a<\/a>Intentamos que sean lo m\u00e1s flexibles posible para poder adaptarlas a los grupos que tenemos. El <a href=\"https:\/\/www.basquemtb.com\/es\/ainsa-enduro-vacaciones-en-bicicleta-de-montana\/\" target=\"_blank\">Ainsa Enduro<\/a> tiene montones y montones de opciones para lo que montamos en un \u00e1rea muy peque\u00f1a por lo que estaremos cambi\u00e1ndolo constantemente para que se adapte a usted y a su grupo. Dicho esto, un itinerario aproximado para este viaje podr\u00eda ser<\/p>\r\n\r\n<p>Este es un viaje t\u00edpico.<\/p>\r\n\r\n<div class=\"responsive-tabs\">\n<h2 class=\"tabtitle\">S\u00e1bado<\/h2>\n<div class=\"tabcontent\">\n\r\n\r\n<h3>Ainsa Enduro Mountain Bike Holiday | D\u00eda de traslado<\/h3>\r\n<p>Habr\u00e1 un autob\u00fas de traslado desde Barcelona para este viaje. Saldr\u00e1 despu\u00e9s de que llegue el \u00faltimo vuelo y trasladar\u00e1 al grupo 3 horas hasta Ainsa, donde le estaremos esperando.<\/p>\r\n<table style=\"vertical-align: middle;\" width=\"100%\">\r\n<colgroup width=\"5%\">\r\n<colgroup width=\"25%\">\r\n<colgroup width=\"15%\">\r\n<tbody>\r\n<tr>\r\n<td><i class=\"fa fa-road fa-2x\"><\/i><\/td>\r\n<td><em>Distancia recorrida<\/em><\/td>\r\n<td>0km<\/td>\r\n<\/tr>\r\n<tr>\r\n<td><i class=\"fa fa-clock-o fa-2x\"><\/i><\/td>\r\n<td><em>Tiempo de conducci\u00f3n<\/em><\/td>\r\n<td>0 horas<\/td>\r\n<\/tr>\r\n<tr>\r\n<td><i class=\"fa fa-arrow-up fa-2x\"><\/i><\/td>\r\n<td><em>Escalada<\/em><\/td>\r\n<td>0m<\/td>\r\n<\/tr>\r\n<tr>\r\n<td><i class=\"fa fa-arrow-down fa-2x\"><\/i><\/td>\r\n<td><em>Descendente<\/em><\/td>\r\n<td>0m<\/td>\r\n<\/tr>\r\n<tr>\r\n<td><i class=\"fa fa-bicycle fa-2x\"><\/i><\/td>\r\n<td><em>Dificultades t\u00e9cnicas<\/em><\/td>\r\n<td>n\/a<\/td>\r\n<\/tr>\r\n<tr>\r\n<td><i class=\"fa fa-heartbeat fa-2x\"><\/i><\/td>\r\n<td><em>Dificultad f\u00edsica<\/em><\/td>\r\n<td>n\/a<\/td>\r\n<\/tr>\r\n<tr>\r\n<td><i class=\"fa fa-bus fa-2x\"><\/i><\/td>\r\n<td><em>Tiempo en furgoneta (excluidos los ascensores)<\/em><\/td>\r\n<td>3:00<\/td>\r\n<\/tr>\r\n<\/tbody>\r\n<\/table>\r\n<\/p>\r\n\r\n\n<\/div><h2 class=\"tabtitle\">Domingo<\/h2>\n<div class=\"tabcontent\">\n\r\n<h3>Ainsa Enduro Mountain Bike Holiday | D\u00eda 1<\/h3>\r\n<p>Hoy realizaremos algunos recorridos en lanzadera cerca de nuestra base. Empezaremos con una lanzadera para recorrer un fant\u00e1stico sendero con vistas a los Pirineos y una superficie formada por millones de f\u00f3siles. Esto nos lleva a una subida dura pero bastante corta antes de otra bajada empinada y arcillosa que nos lleva de vuelta al pueblo. Desde all\u00ed almorzamos y luego hacemos dos lanzaderas m\u00e1s para recorrer un par de senderos cl\u00e1sicos con unos 700 metros de descenso cada uno. Es un d\u00eda completo para ser el primero y llegaremos a la base justo a tiempo para una bebida fr\u00eda y una ducha caliente. Hoy hemos corrido dos etapas EWS y dos etapas no EWS. <\/p>\r\n<table style=\"vertical-align: middle;\" width=\"100%\">\r\n<colgroup width=\"5%\">\r\n<colgroup width=\"25%\">\r\n<colgroup width=\"15%\">\r\n<tbody>\r\n<tr>\r\n<td><i class=\"fa fa-road fa-2x\"><\/i><\/td>\r\n<td><em>Distancia recorrida<\/em><\/td>\r\n<td>35 km<\/td>\r\n<\/tr>\r\n<tr>\r\n<td><i class=\"fa fa-clock-o fa-2x\"><\/i><\/td>\r\n<td><em>Tiempo de conducci\u00f3n<\/em><\/td>\r\n<td>6 horas<\/td>\r\n<\/tr>\r\n<tr>\r\n<td><i class=\"fa fa-arrow-up fa-2x\"><\/i><\/td>\r\n<td><em>Escalada<\/em><\/td>\r\n<td>500m<\/td>\r\n<\/tr>\r\n<tr>\r\n<td><i class=\"fa fa-arrow-down fa-2x\"><\/i><\/td>\r\n<td><em>Descendente<\/em><\/td>\r\n<td>2000m<\/td>\r\n<\/tr>\r\n<tr>\r\n<td><i class=\"fa fa-bicycle fa-2x\"><\/i><\/td>\r\n<td><em>Dificultades t\u00e9cnicas<\/em><\/td>\r\n<td>Alta<\/td>\r\n<\/tr>\r\n<tr>\r\n<td><i class=\"fa fa-heartbeat fa-2x\"><\/i><\/td>\r\n<td><em>Dificultad f\u00edsica<\/em><\/td>\r\n<td>Moderado - Alto<\/td>\r\n<\/tr>\r\n<tr>\r\n<td><i class=\"fa fa-bus fa-2x\"><\/i><\/td>\r\n<td><em>Tiempo en furgoneta (excluidos los ascensores)<\/em><\/td>\r\n<td>15 minutos.<\/td>\r\n<\/tr>\r\n<\/tbody>\r\n<\/table>\r\n<\/p>\r\n\r\n\n<\/div><h2 class=\"tabtitle\">Lunes<\/h2>\n<div class=\"tabcontent\">\n\r\n<h3>Ainsa Enduro Mountain Bike Holiday | D\u00eda 2<\/h3>\r\n<p>Hoy empezamos con una gran subida hasta un pueblo alto. Desde all\u00ed descenderemos unos 600 metros hasta el fondo del valle, pasando por algunos de los cl\u00e1sicos senderos de tierra gris de la Zona Zero. Desde aqu\u00ed tenemos una dura subida de unos 400 metros para llegar a una cresta donde comienza uno de los mejores descensos. Este fue el sendero favorito de la mayor\u00eda de los participantes en las EWS y es una forma incre\u00edble de terminar la ma\u00f1ana. Por la tarde, subimos un par de cuestas m\u00e1s en la zona para seguir descendiendo antes de que acabe el d\u00eda. <\/p>\r\n<table style=\"vertical-align: middle;\" width=\"100%\">\r\n<colgroup width=\"5%\">\r\n<colgroup width=\"25%\">\r\n<colgroup width=\"15%\">\r\n<tbody>\r\n<tr>\r\n<td><i class=\"fa fa-road fa-2x\"><\/i><\/td>\r\n<td><em>Distancia recorrida<\/em><\/td>\r\n<td>35 km<\/td>\r\n<\/tr>\r\n<tr>\r\n<td><i class=\"fa fa-clock-o fa-2x\"><\/i><\/td>\r\n<td><em>Tiempo de conducci\u00f3n<\/em><\/td>\r\n<td>7 horas<\/td>\r\n<\/tr>\r\n<tr>\r\n<td><i class=\"fa fa-arrow-up fa-2x\"><\/i><\/td>\r\n<td><em>Escalada<\/em><\/td>\r\n<td>750m<\/td>\r\n<\/tr>\r\n<tr>\r\n<td><i class=\"fa fa-arrow-down fa-2x\"><\/i><\/td>\r\n<td><em>Descendente<\/em><\/td>\r\n<td>2000m<\/td>\r\n<\/tr>\r\n<tr>\r\n<td><i class=\"fa fa-bicycle fa-2x\"><\/i><\/td>\r\n<td><em>Dificultades t\u00e9cnicas<\/em><\/td>\r\n<td>Alta<\/td>\r\n<\/tr>\r\n<tr>\r\n<td><i class=\"fa fa-heartbeat fa-2x\"><\/i><\/td>\r\n<td><em>Dificultad f\u00edsica<\/em><\/td>\r\n<td>Muy alta<\/td>\r\n<\/tr>\r\n<tr>\r\n<td><i class=\"fa fa-bus fa-2x\"><\/i><\/td>\r\n<td><em>Tiempo en furgoneta (excluidos los ascensores)<\/em><\/td>\r\n<td>Ninguna.<\/td>\r\n<\/tr>\r\n<\/tbody>\r\n<\/table>\r\n<\/p>\r\n\r\n\r\n\n<\/div><h2 class=\"tabtitle\">Martes<\/h2>\n<div class=\"tabcontent\">\n\r\n<h3>Ainsa Enduro Mountain Bike Holiday | D\u00eda 3<\/h3>\r\n<p>Hoy recorreremos un par de grandes subidas por la ma\u00f1ana, empezando por Muchas Rocas y luego la tristemente c\u00e9lebre etapa 2 de las EWS, que se cobr\u00f3 la vida de muchos ciclistas debido a su longitud. Despu\u00e9s de comer, tomamos otra subida y empezamos un gran punto a punto que nos lleva a trav\u00e9s de un enorme sistema de ca\u00f1ones con vistas incre\u00edbles y grandes descensos hasta el final de nuestro viaje. La furgoneta nos espera con una cerveza fr\u00eda en un pueblo desierto y luego tenemos que conducir un par de horas de vuelta a la base. <\/p>\r\n\r\n<table style=\"vertical-align: middle;\" width=\"100%\">\r\n<colgroup width=\"5%\">\r\n<colgroup width=\"25%\">\r\n<colgroup width=\"15%\">\r\n<tbody>\r\n<tr>\r\n<td><i class=\"fa fa-road fa-2x\"><\/i><\/td>\r\n<td><em>Distancia recorrida<\/em><\/td>\r\n<td>31 km<\/td>\r\n<\/tr>\r\n<tr>\r\n<td><i class=\"fa fa-clock-o fa-2x\"><\/i><\/td>\r\n<td><em>Tiempo de conducci\u00f3n<\/em><\/td>\r\n<td>7 horas<\/td>\r\n<\/tr>\r\n<tr>\r\n<td><i class=\"fa fa-arrow-up fa-2x\"><\/i><\/td>\r\n<td><em>Escalada<\/em><\/td>\r\n<td>600m<\/td>\r\n<\/tr>\r\n<tr>\r\n<td><i class=\"fa fa-arrow-down fa-2x\"><\/i><\/td>\r\n<td><em>Descendente<\/em><\/td>\r\n<td>1800m<\/td>\r\n<\/tr>\r\n<tr>\r\n<td><i class=\"fa fa-bicycle fa-2x\"><\/i><\/td>\r\n<td><em>Dificultades t\u00e9cnicas<\/em><\/td>\r\n<td>Moderado-alto<\/td>\r\n<\/tr>\r\n<tr>\r\n<td><i class=\"fa fa-heartbeat fa-2x\"><\/i><\/td>\r\n<td><em>Dificultad f\u00edsica<\/em><\/td>\r\n<td>Muy alta<\/td>\r\n<\/tr>\r\n<tr>\r\n<td><i class=\"fa fa-bus fa-2x\"><\/i><\/td>\r\n<td><em>Tiempo en furgoneta (excluidos los ascensores)<\/em><\/td>\r\n<td>2 horas.<\/td>\r\n<\/tr>\r\n<\/tbody>\r\n<\/table>\r\n<\/p>\r\n\r\n\r\n\n<\/div><h2 class=\"tabtitle\">Mi\u00e9rcoles<\/h2>\n<div class=\"tabcontent\">\n\r\n<h3>Ainsa Enduro Mountain Bike Holiday | D\u00eda 4<\/h3>\r\n<p>Hoy volvemos a salir de la Zona Zero para hacer dos grandes descensos que la mayor\u00eda de la gente nunca hace. El primero es casi todo subida, con un ascenso de 50 metros en la parte superior, y luego un descenso de 900 metros con algunos de los senderos m\u00e1s rocosos de cualquier lugar. Es un reto t\u00e9cnico, pero muy divertido. Despu\u00e9s de almorzar, subimos unos 500 metros y luego tenemos que subir otros 500 en bicicleta. El sendero que nos lleva de vuelta es incre\u00edble. Comienza en la cara sur de la monta\u00f1a, con unas vistas impresionantes del valle de Ordesa, y serpentea alrededor de la colina pasando por pueblos abandonados, antes de descender por la cara norte de la colina en una serie h\u00fameda y arcillosa de las mejores curvas que he hecho nunca. Un d\u00eda incre\u00edble. Al volver a la ciudad, tenemos la opci\u00f3n de darnos un masaje con un fisioterapeuta. <\/p> \r\n\r\n<table style=\"vertical-align: middle;\" width=\"100%\">\r\n<colgroup width=\"5%\">\r\n<colgroup width=\"25%\">\r\n<colgroup width=\"15%\">\r\n<tbody>\r\n<tr>\r\n<td><i class=\"fa fa-road fa-2x\"><\/i><\/td>\r\n<td><em>Distancia recorrida<\/em><\/td>\r\n<td>25 km<\/td>\r\n<\/tr>\r\n<tr>\r\n<td><i class=\"fa fa-clock-o fa-2x\"><\/i><\/td>\r\n<td><em>Tiempo de conducci\u00f3n<\/em><\/td>\r\n<td>6 horas<\/td>\r\n<\/tr>\r\n<tr>\r\n<td><i class=\"fa fa-arrow-up fa-2x\"><\/i><\/td>\r\n<td><em>Escalada<\/em><\/td>\r\n<td>725m<\/td>\r\n<\/tr>\r\n<tr>\r\n<td><i class=\"fa fa-arrow-down fa-2x\"><\/i><\/td>\r\n<td><em>Descendente<\/em><\/td>\r\n<td>1900m<\/td>\r\n<\/tr>\r\n<tr>\r\n<td><i class=\"fa fa-bicycle fa-2x\"><\/i><\/td>\r\n<td><em>Dificultades t\u00e9cnicas<\/em><\/td>\r\n<td>Alta - Muy alta<\/td>\r\n<\/tr>\r\n<tr>\r\n<td><i class=\"fa fa-heartbeat fa-2x\"><\/i><\/td>\r\n<td><em>Dificultad f\u00edsica<\/em><\/td>\r\n<td>Moderado - Alto<\/td>\r\n<\/tr>\r\n<tr>\r\n<td><i class=\"fa fa-bus fa-2x\"><\/i><\/td>\r\n<td><em>Tiempo en furgoneta (excluidos los ascensores)<\/em><\/td>\r\n<td>40 minutos.<\/td>\r\n<\/tr>\r\n<\/tbody>\r\n<\/table>\r\n<\/p>\r\n\r\n\n<\/div><h2 class=\"tabtitle\">Jueves<\/h2>\n<div class=\"tabcontent\">\n\r\n<h3>Ainsa Mountain Bike Holiday | D\u00eda 5<\/h3>\r\n<p>Hoy es un gran d\u00eda. Empezamos con una buena subida en la furgoneta y nos adentramos en un sendero realmente antiguo que ahora une una serie de pueblos abandonados y semiabandonados. Son unos 15 km, con unos 250 m de desnivel, por lo que hay que trabajar, ya que sigue un antiguo r\u00edo r\u00edo abajo. Sin embargo, el camino es incre\u00edble, un singletrack salvaje que nos recuerda para qu\u00e9 se inventaron nuestras bicicletas. Despu\u00e9s de esta ruta, almorzamos en la furgoneta y recorremos 3 \u00f3 4 rutas m\u00e1s por la tarde, con una mezcla de pedaleo y subida. Es un d\u00eda muy duro, pero uno de los mejores.<\/p> \r\n\r\n<table style=\"vertical-align: middle;\" width=\"100%\">\r\n<colgroup width=\"5%\">\r\n<colgroup width=\"25%\">\r\n<colgroup width=\"15%\">\r\n<tbody>\r\n<tr>\r\n<td><i class=\"fa fa-road fa-2x\"><\/i><\/td>\r\n<td><em>Distancia recorrida<\/em><\/td>\r\n<td>30 km<\/td>\r\n<\/tr>\r\n<tr>\r\n<td><i class=\"fa fa-clock-o fa-2x\"><\/i><\/td>\r\n<td><em>Tiempo de conducci\u00f3n<\/em><\/td>\r\n<td>7 horas<\/td>\r\n<\/tr>\r\n<tr>\r\n<td><i class=\"fa fa-arrow-up fa-2x\"><\/i><\/td>\r\n<td><em>Escalada<\/em><\/td>\r\n<td>500m<\/td>\r\n<\/tr>\r\n<tr>\r\n<td><i class=\"fa fa-arrow-down fa-2x\"><\/i><\/td>\r\n<td><em>Descendente<\/em><\/td>\r\n<td>1700m<\/td>\r\n<\/tr>\r\n<tr>\r\n<td><i class=\"fa fa-bicycle fa-2x\"><\/i><\/td>\r\n<td><em>Dificultades t\u00e9cnicas<\/em><\/td>\r\n<td>Moderado a muy alto<\/td>\r\n<\/tr>\r\n<tr>\r\n<td><i class=\"fa fa-heartbeat fa-2x\"><\/i><\/td>\r\n<td><em>Dificultad f\u00edsica<\/em><\/td>\r\n<td>Muy alta<\/td>\r\n<\/tr>\r\n<tr>\r\n<td><i class=\"fa fa-bus fa-2x\"><\/i><\/td>\r\n<td><em>Tiempo en furgoneta (excluidos los ascensores)<\/em><\/td>\r\n<td>1 hora y 30 minutos.<\/td>\r\n<\/tr>\r\n<\/tbody>\r\n<\/table>\r\n<\/p>\r\n\r\n\r\n\n<\/div><h2 class=\"tabtitle\">Viernes<\/h2>\n<div class=\"tabcontent\">\n\r\n<h3>Ainsa Enduro Mountain Bike Holiday | D\u00eda 6<\/h3>\r\n<p>Hoy es nuestro \u00faltimo d\u00eda y nos quedaremos recorriendo los senderos cercanos a la base. Haremos algunas subidas y utilizaremos las furgonetas para recorrer algunos senderos de punto a punto. Recorremos un sendero cl\u00e1sico al rev\u00e9s para disfrutar de la subida como un descenso, lo que funciona mucho, mucho mejor y es como lo recorren los lugare\u00f1os. Luego, para terminar, tomamos una gran subida para volver a la ciudad en la \u00faltima etapa de las EWS. Es un final incre\u00edble y complicado, y cuando llegamos a la plaza principal es el momento de tomar unas cervezas y chocar los cinco, ya que hemos terminado nuestra semana recorriendo los incre\u00edbles senderos de esta parte del mundo. <\/p>\r\n\r\n<table style=\"vertical-align: middle;\" width=\"100%\">\r\n<colgroup width=\"5%\">\r\n<colgroup width=\"25%\">\r\n<colgroup width=\"15%\">\r\n<tbody>\r\n<tr>\r\n<td><i class=\"fa fa-road fa-2x\"><\/i><\/td>\r\n<td><em>Distancia recorrida<\/em><\/td>\r\n<td>30 km<\/td>\r\n<\/tr>\r\n<tr>\r\n<td><i class=\"fa fa-clock-o fa-2x\"><\/i><\/td>\r\n<td><em>Tiempo de conducci\u00f3n<\/em><\/td>\r\n<td>6 horas<\/td>\r\n<\/tr>\r\n<tr>\r\n<td><i class=\"fa fa-arrow-up fa-2x\"><\/i><\/td>\r\n<td><em>Escalada<\/em><\/td>\r\n<td>500m<\/td>\r\n<\/tr>\r\n<tr>\r\n<td><i class=\"fa fa-arrow-down fa-2x\"><\/i><\/td>\r\n<td><em>Descendente<\/em><\/td>\r\n<td>2000m<\/td>\r\n<\/tr>\r\n<tr>\r\n<td><i class=\"fa fa-bicycle fa-2x\"><\/i><\/td>\r\n<td><em>Dificultades t\u00e9cnicas<\/em><\/td>\r\n<td>Alta<\/td>\r\n<\/tr>\r\n<tr>\r\n<td><i class=\"fa fa-heartbeat fa-2x\"><\/i><\/td>\r\n<td><em>Dificultad f\u00edsica<\/em><\/td>\r\n<td>Moderado - Alto<\/td>\r\n<\/tr>\r\n<tr>\r\n<td><i class=\"fa fa-bus fa-2x\"><\/i><\/td>\r\n<td><em>Tiempo en furgoneta (excluidos los ascensores)<\/em><\/td>\r\n<td>0 horas.<\/td>\r\n<\/tr>\r\n<\/tbody>\r\n<\/table>\r\n<\/p>\r\n\r\n\n<\/div><h2 class=\"tabtitle\">S\u00e1bado<\/h2>\n<div class=\"tabcontent\">\n\r\nLo sentimos amigos pero este es el final del viaje. Esta ma\u00f1ana el autob\u00fas de traslado os llevar\u00e1 de vuelta a Bilbao y recoger\u00e1 al siguiente grupo afortunado.\r\n\r\n\r\n<\/div><\/div>","protected":false},"excerpt":{"rendered":"<p>Los senderos que recorremos durante nuestras vacaciones en bicicleta de monta\u00f1a Ainsa Enduro. <\/p>","protected":false},"author":1,"featured_media":12225,"parent":11485,"menu_order":99,"comment_status":"closed","ping_status":"closed","template":"","meta":{"_monsterinsights_skip_tracking":false,"_monsterinsights_sitenote_active":false,"_monsterinsights_sitenote_note":"","_monsterinsights_sitenote_category":0,"footnotes":""},"categories":[136],"tags":[1029],"class_list":["post-12200","page","type-page","status-publish","has-post-thumbnail","hentry","category-route-guides","tag-ainsa-enduro-mountain-bike-holiday"],"featured_image_src":"https:\/\/www.basquemtb.com\/wp-content\/uploads\/enduro-mountain-bike-holiday.jpg","featured_image_src_square":"https:\/\/www.basquemtb.com\/wp-content\/uploads\/enduro-mountain-bike-holiday.jpg","_links":{"self":[{"href":"https:\/\/www.basquemtb.com\/es\/wp-json\/wp\/v2\/pages\/12200","targetHints":{"allow":["GET"]}}],"collection":[{"href":"https:\/\/www.basquemtb.com\/es\/wp-json\/wp\/v2\/pages"}],"about":[{"href":"https:\/\/www.basquemtb.com\/es\/wp-json\/wp\/v2\/types\/page"}],"author":[{"embeddable":true,"href":"https:\/\/www.basquemtb.com\/es\/wp-json\/wp\/v2\/users\/1"}],"replies":[{"embeddable":true,"href":"https:\/\/www.basquemtb.com\/es\/wp-json\/wp\/v2\/comments?post=12200"}],"version-history":[{"count":0,"href":"https:\/\/www.basquemtb.com\/es\/wp-json\/wp\/v2\/pages\/12200\/revisions"}],"up":[{"embeddable":true,"href":"https:\/\/www.basquemtb.com\/es\/wp-json\/wp\/v2\/pages\/11485"}],"wp:featuredmedia":[{"embeddable":true,"href":"https:\/\/www.basquemtb.com\/es\/wp-json\/wp\/v2\/media\/12225"}],"wp:attachment":[{"href":"https:\/\/www.basquemtb.com\/es\/wp-json\/wp\/v2\/media?parent=12200"}],"wp:term":[{"taxonomy":"category","embeddable":true,"href":"https:\/\/www.basquemtb.com\/es\/wp-json\/wp\/v2\/categories?post=12200"},{"taxonomy":"post_tag","embeddable":true,"href":"https:\/\/www.basquemtb.com\/es\/wp-json\/wp\/v2\/tags?post=12200"}],"curies":[{"name":"wp","href":"https:\/\/api.w.org\/{rel}","templated":true}]}}