{"id":13826,"date":"2018-01-28T16:09:36","date_gmt":"2018-01-28T16:09:36","guid":{"rendered":"https:\/\/www.basquemtb.com\/?page_id=13826"},"modified":"2021-01-10T12:16:32","modified_gmt":"2021-01-10T12:16:32","slug":"ultimate-pyrenees-mountain-bike-holiday-itinerary","status":"publish","type":"page","link":"https:\/\/www.basquemtb.com\/es\/vacaciones-en-bicicleta-de-montana\/itinerario-de-vacaciones-en-bicicleta-de-montana-por-los-pirineos\/","title":{"rendered":"Vacaciones en bicicleta de monta\u00f1a por los Pirineos: Itinerario"},"content":{"rendered":"<h2 class=\"wp-block-heading\">Vacaciones en bicicleta de monta\u00f1a en los Pirineos | Ejemplo de itinerario<\/h2>\n\n\n\n<p class=\"text-fullscreen\">En realidad no hacemos itinerarios para nuestros <a rel=\"noopener\" href=\"https:\/\/www.basquemtb.com\/es\/\" target=\"_blank\">vacaciones en bicicleta de monta\u00f1a<\/a>Intentamos que sean lo m\u00e1s flexibles posible para poder adaptarlas a los grupos que tenemos. El <a rel=\"noopener\" href=\"https:\/\/www.basquemtb.com\/es\/vacaciones-en-bicicleta-de-montana\/ultimate-pyrenees-mountain-bike-tour\/\" target=\"_blank\">Vuelta a los Pirineos<\/a>&nbsp;tiene un itinerario, sin embargo es de muy alto nivel para los Pirineos por lo que siempre existe la posibilidad de que tengamos que cambiar algunos de los senderos para garantizar la seguridad del grupo. Usted debe saber el nivel de este viaje antes de venir, y es para las personas que ya han completado una de nuestras vacaciones en bicicleta de monta\u00f1a, por lo que no ofrecer\u00e1 opciones m\u00e1s f\u00e1ciles en cualquiera de los d\u00edas.<\/p>\n\n\n\n<div class=\"wp-block-genesis-blocks-gb-container holiday_tabbed_tab gb-block-container\"><div class=\"gb-container-inside\"><div class=\"gb-container-content\"><div class=\"responsive-tabs\">\n<h2 class=\"tabtitle\">S\u00e1bado<\/h2>\n<div class=\"tabcontent\">\n\n\n\n\n<h3 class=\"wp-block-heading\">D\u00eda 0 | D\u00eda del traslado<\/h3>\n\n\n\n<p class=\"holiday_tabbed_text\">Recogeremos a todo el mundo para estas vacaciones en bicicleta de monta\u00f1a en San Sebasti\u00e1n, por favor p\u00f3ngase en contacto para organizar los horarios de vuelo que se adapten. Es importante que llegues temprano, ya que tenemos que montar en nuestro alojamiento primera noche de hoy. <\/p>\n\n\n\n<figure class=\"wp-block-table\"><table class=\"has-fixed-layout\"><tbody><tr><td class=\"has-text-align-right\" data-align=\"right\"><em>Distancia recorrida<\/em>:  <\/td><td>5 km<\/td><\/tr><tr><td class=\"has-text-align-right\" data-align=\"right\"><em>Tiempo de conducci\u00f3n<\/em>:<\/td><td>1 hora<\/td><\/tr><tr><td class=\"has-text-align-right\" data-align=\"right\"><em>Escalada:<\/em><\/td><td>200m<\/td><\/tr><tr><td class=\"has-text-align-right\" data-align=\"right\"><em>Descendente<\/em>:<\/td><td>100m<\/td><\/tr><tr><td class=\"has-text-align-right\" data-align=\"right\"><em>Dificultades t\u00e9cnicas<\/em>:<\/td><td>F\u00e1cil<\/td><\/tr><tr><td class=\"has-text-align-right\" data-align=\"right\"><em>Dificultad f\u00edsica<\/em>:<\/td><td>F\u00e1cil<\/td><\/tr><tr><td class=\"has-text-align-right\" data-align=\"right\"><em>Tiempo en furgoneta (excluidos los ascensores)<\/em>:<\/td><td>3:00<\/td><\/tr><\/tbody><\/table><\/figure>\n\n\n\n<\/div><h2 class=\"tabtitle\">Domingo<\/h2>\n<div class=\"tabcontent\">\n\n\n\n\n<h3 class=\"wp-block-heading\">D\u00eda 1 | A trav\u00e9s de Ordessa<\/h3>\n\n\n\n<p class=\"holiday_tabbed_text\">Hoy tomaremos varios ascensos, atravesando el magn\u00edfico Valle de Ordesa por medio de algunas grandes elevaciones. Con algunas subidas duras y algunos descensos incre\u00edbles, tendremos un d\u00eda muy largo. Solemos llegar al final de la \u00faltima bajada justo cuando se va la luz y nos tomamos algo contemplando las impresionantes monta\u00f1as en la terraza de un peque\u00f1o hotel.<\/p>\n\n\n\n<figure class=\"wp-block-table\"><table class=\"has-fixed-layout\"><tbody><tr><td class=\"has-text-align-right\" data-align=\"right\"><em>Distancia recorrida<\/em>:<\/td><td>50 km<\/td><\/tr><tr><td class=\"has-text-align-right\" data-align=\"right\"><em>Tiempo de montar:<\/em><\/td><td>9 horas<\/td><\/tr><tr><td class=\"has-text-align-right\" data-align=\"right\"><em>Escalada<\/em>:<\/td><td>2000m<\/td><\/tr><tr><td class=\"has-text-align-right\" data-align=\"right\"><em>Descendente<\/em>:<\/td><td>3000m<\/td><\/tr><tr><td class=\"has-text-align-right\" data-align=\"right\"><em>Dificultades t\u00e9cnicas<\/em>:<\/td><td>Muy alta<\/td><\/tr><tr><td class=\"has-text-align-right\" data-align=\"right\"><em>Dificultad f\u00edsica<\/em>:<\/td><td>Extremo (pero no te preocupes, \u00a1tus piernas estar\u00e1n frescas!)<\/td><\/tr><tr><td class=\"has-text-align-right\" data-align=\"right\"><em>Tiempo en furgoneta (excluidos los ascensores)<\/em>:<\/td><td>0 minutos.<\/td><\/tr><\/tbody><\/table><\/figure>\n\n\n\n<\/div><h2 class=\"tabtitle\">Lunes<\/h2>\n<div class=\"tabcontent\">\n\n\n\n\n<h3 class=\"wp-block-heading\">D\u00eda 2 | Exposici\u00f3n y flujo<\/h3>\n\n\n\n<p class=\"holiday_tabbed_text\">Hoy empezamos con un descenso corto pero pronunciado. Desde all\u00ed, una corta subida en furgoneta nos lleva por un antiguo acueducto a lo alto de las monta\u00f1as, con unas vistas y una exposici\u00f3n impresionantes. Disfrutamos de un descenso corto, pero muy intenso, hasta un pueblo de la zona, donde conseguimos una subida especial que s\u00f3lo es posible porque un amigo nuestro bebe con el alcalde local. El descenso a partir de aqu\u00ed es largo, t\u00e9cnico e implacable, con muchos tramos comprometidos de alta velocidad. Volvemos al pueblo anterior y conseguimos otro largo (largo) ascenso. A partir de aqu\u00ed tenemos unos 45 minutos de subida en bicicleta para llegar a la cima de una alta monta\u00f1a. El descenso desde aqu\u00ed es actualmente uno de los mejores de los Pirineos, seg\u00fan nosotros y los ciclistas locales. Recorremos un largo singletrack que nos deja justo en un bar, donde pasaremos la noche en unos peque\u00f1os chalets con fant\u00e1sticas vistas de las monta\u00f1as m\u00e1s grandes de los Pirineos.<\/p>\n\n\n\n<figure class=\"wp-block-table\"><table class=\"has-fixed-layout\"><tbody><tr><td class=\"has-text-align-right\" data-align=\"right\"><em>Distancia recorrida<\/em>:<\/td><td>35 km<\/td><\/tr><tr><td class=\"has-text-align-right\" data-align=\"right\"><em>Tiempo de conducci\u00f3n<\/em>:<\/td><td>8 horas<\/td><\/tr><tr><td class=\"has-text-align-right\" data-align=\"right\"><em>Escalada<\/em>:<\/td><td>600m<\/td><\/tr><tr><td class=\"has-text-align-right\" data-align=\"right\"><em>Descendente<\/em>:<\/td><td>3000m<\/td><\/tr><tr><td class=\"has-text-align-right\" data-align=\"right\"><em>Dificultades t\u00e9cnicas<\/em>:<\/td><td>Alta<\/td><\/tr><tr><td class=\"has-text-align-right\" data-align=\"right\"><em>Dificultad f\u00edsica<\/em>:<\/td><td>Muy alto, debido principalmente a la longitud de los descensos.<\/td><\/tr><tr><td class=\"has-text-align-right\" data-align=\"right\"><em>Tiempo en furgoneta (excluidos los ascensores)<\/em>:<\/td><td>30 minutos.<\/td><\/tr><\/tbody><\/table><\/figure>\n\n\n\n<\/div><h2 class=\"tabtitle\">Martes<\/h2>\n<div class=\"tabcontent\">\n\n\n\n\n<h3 class=\"wp-block-heading\">D\u00eda 3 | El primer gran transporte y campamento<\/h3>\n\n\n\n<p class=\"holiday_tabbed_text\">A la ma\u00f1ana siguiente disfrutaremos de un desayuno temprano antes de partir, pedaleando desde nuestro alojamiento. El comienzo es relajado, serpenteando a lo largo de enormes monta\u00f1as por una suave pista doble. R\u00e1pidamente eso cambia y disfrutamos de un intenso descenso hasta el fondo del valle. Desde aqu\u00ed tenemos una subida muy larga y dif\u00edcil. Tuvimos que convencer a los conductores para que nos llevaran hasta aqu\u00ed, porque la pista es muy dura para los veh\u00edculos. Llegamos a un puerto en lo alto de las monta\u00f1as, pero eso es s\u00f3lo el principio de nuestro viaje. Tenemos unas 2,5 horas desde aqu\u00ed, con muchos tramos en los que se puede pedalear, pero tambi\u00e9n muchos en los que hay que caminar y cargar. Llegamos a 2700 m, muy por encima de la l\u00ednea de \u00e1rboles, donde pedaleamos por un paisaje lunar con una sensaci\u00f3n de aire muy fino en los pulmones.<\/p>\n\n\n\n<p class=\"holiday_tabbed_text\">Cuando lleguemos a la cima, haremos un picnic (cada uno lleva su propia comida cuando los senderos son tan altos) y contemplaremos el descenso. \u00a1Menudo descenso! Parece interminable a medida que descendemos hacia un valle de monta\u00f1a. A diferencia de muchos senderos de alta monta\u00f1a, este es muy fluido y la velocidad media es alta casi todo el camino. Cuando lleguemos abajo, tomaremos algo y nos dirigiremos a la siguiente subida. Idealmente tendremos otro descenso, otro monstruo de 1000m, sin embargo necesitamos vigilar nuestro tiempo y llegar al campamento antes del anochecer. Esta noche dormiremos en lo alto de las monta\u00f1as, con el campamento abastecido gracias a un equipo local de mulas. Nos suben la comida, la bebida y las tiendas, y esta noche dormimos en un hotel de mil millones de estrellas. A menos que tenga mucha suerte y haya vivido una vida repleta de excelencia, apuesto a que \u00e9sta ser\u00e1 una de las noches m\u00e1s memorables de su vida.<\/p>\n\n\n\n<figure class=\"wp-block-table\"><table class=\"has-fixed-layout\"><tbody><tr><td class=\"has-text-align-right\" data-align=\"right\"><em>Distancia recorrida<\/em>:<\/td><td>30 km<\/td><\/tr><tr><td class=\"has-text-align-right\" data-align=\"right\"><em>Tiempo de conducci\u00f3n<\/em>:<\/td><td>7 horas<\/td><\/tr><tr><td class=\"has-text-align-right\" data-align=\"right\"><em>Escalada<\/em>:<\/td><td>500m<\/td><\/tr><tr><td class=\"has-text-align-right\" data-align=\"right\"><em>Descendente<\/em>:<\/td><td>2500m<\/td><\/tr><tr><td class=\"has-text-align-right\" data-align=\"right\"><em>Dificultades t\u00e9cnicas<\/em>:<\/td><td>Moderado-alto<\/td><\/tr><tr><td class=\"has-text-align-right\" data-align=\"right\"><em>Dificultad f\u00edsica<\/em>:<\/td><td>Alta. La caminata es dura y los descensos largos.<\/td><\/tr><tr><td class=\"has-text-align-right\" data-align=\"right\"><em>Tiempo en furgoneta (excluidos los ascensores)<\/em>:<\/td><td>Ninguna.<\/td><\/tr><\/tbody><\/table><\/figure>\n\n\n\n<\/div><h2 class=\"tabtitle\">Mi\u00e9rcoles<\/h2>\n<div class=\"tabcontent\">\n\n\n\n\n<h3 class=\"wp-block-heading\">D\u00eda 4 | Antiflujo y flujo<\/h3>\n\n\n\n<p class=\"holiday_tabbed_text\">Seamos sinceros, aqu\u00ed arriba puede hacer fr\u00edo. Por la ma\u00f1ana es una sensaci\u00f3n fant\u00e1stica meterse en la tienda y que nos preparen caf\u00e9. Ataremos las bicicletas a las mulas (no te preocupes, es un trabajo muy f\u00e1cil para ellas) y subiremos unos 600 metros hasta el paso de alta monta\u00f1a. Desde aqu\u00ed tendremos unas vistas espectaculares del lago junto al que acampamos y de las monta\u00f1as que nos rodean. El descenso os va a abrir los ojos. Es mi favorito absoluto (\u00a1lo dice Doug!), pero esto no es enduro. Esto es la vieja escuela, all mountain, con largas secciones de antiflujo en algunos de los terrenos m\u00e1s t\u00e9cnicos en los que he montado nunca. Es inmenso. S\u00f3lo es posible gracias a que estos grupos son m\u00e1s reducidos y la entrada est\u00e1 limitada a los invitados previos, \u00a1no ser\u00eda responsable ofrecer algo tan duro en un viaje normal! Y es interminable. Tendremos un picnic m\u00e1s tarde y una peque\u00f1a subida, pero pasaremos todo el d\u00eda luchando por bajar esta monta\u00f1a. En el bar del final sirven la mejor cerveza que he probado nunca. Las cifras no hacen justicia a este d\u00eda. Esta noche cenaremos en el mejor hotel de la regi\u00f3n.<\/p>\n\n\n\n<figure class=\"wp-block-table\"><table class=\"has-fixed-layout\"><tbody><tr><td class=\"has-text-align-right\" data-align=\"right\">Distancia recorrida:<\/td><td>35 km<\/td><\/tr><tr><td class=\"has-text-align-right\" data-align=\"right\"><em>Tiempo de conducci\u00f3n<\/em>:<\/td><td>8 horas<\/td><\/tr><tr><td class=\"has-text-align-right\" data-align=\"right\"><em>Escalada<\/em>:<\/td><td>800m<\/td><\/tr><tr><td class=\"has-text-align-right\" data-align=\"right\"><em>Descendiendo:<\/em><\/td><td>2200m<\/td><\/tr><tr><td class=\"has-text-align-right\" data-align=\"right\"><em>Dificultades t\u00e9cnicas<\/em>:<\/td><td>Este sube a 11.<\/td><\/tr><tr><td class=\"has-text-align-right\" data-align=\"right\"><em>Dificultad f\u00edsica<\/em>:<\/td><td>Intenso<\/td><\/tr><tr><td class=\"has-text-align-right\" data-align=\"right\"><em>Tiempo en furgoneta (excluidos los ascensores)<\/em>:<\/td><td>Ninguna.<\/td><\/tr><\/tbody><\/table><\/figure>\n\n\n\n<\/div><h2 class=\"tabtitle\">Jueves<\/h2>\n<div class=\"tabcontent\">\n\n\n\n\n<h3 class=\"wp-block-heading\">D\u00eda 5 | Subidas y bajadas<\/h3>\n\n\n\n<p class=\"holiday_tabbed_text\">Tras el antiflujo de ayer, hoy cambiaremos un poco de marcha y tendremos un d\u00eda de subidas. Si est\u00e1s en forma, tendr\u00e1s que subir unos 4.000 metros antes de que nos lleven a un valle vac\u00edo. Desde aqu\u00ed tenemos una hora de caminata para reunirnos con nuestros amigos, las mulas, para otro campamento de alta monta\u00f1a, esta vez a la sombra de las monta\u00f1as m\u00e1s altas de los Pirineos en un parque protegido. A estas alturas est\u00e1s cansado, realmente cansado, pero sabes que ma\u00f1ana te tendremos preparado un d\u00eda especial y \u00a1dormir\u00e1s bien!<\/p>\n\n\n\n<figure class=\"wp-block-table\"><table class=\"has-fixed-layout\"><tbody><tr><td class=\"has-text-align-right\" data-align=\"right\"><em>Distancia recorrida<\/em>:<\/td><td>40 km<\/td><\/tr><tr><td class=\"has-text-align-right\" data-align=\"right\"><em>Tiempo de conducci\u00f3n<\/em>:<\/td><td>6 horas<\/td><\/tr><tr><td class=\"has-text-align-right\" data-align=\"right\"><em>Escalada<\/em>:<\/td><td>700m<\/td><\/tr><tr><td class=\"has-text-align-right\" data-align=\"right\"><em>Descendente<\/em>:<\/td><td>4000m<\/td><\/tr><tr><td class=\"has-text-align-right\" data-align=\"right\"><em>Dificultades t\u00e9cnicas<\/em>:<\/td><td>Alta<\/td><\/tr><tr><td class=\"has-text-align-right\" data-align=\"right\"><em>Dificultad f\u00edsica<\/em>:<\/td><td>Moderado<\/td><\/tr><tr><td class=\"has-text-align-right\" data-align=\"right\"><em>Tiempo en furgoneta (excluidos los ascensores)<\/em>:<\/td><td>45 minutos.<\/td><\/tr><\/tbody><\/table><\/figure>\n\n\n\n<\/div><h2 class=\"tabtitle\">Viernes<\/h2>\n<div class=\"tabcontent\">\n\n\n\n\n<h3 class=\"wp-block-heading\">D\u00eda 6 | Heli-bike y alta monta\u00f1a<\/h3>\n\n\n\n<p class=\"holiday_tabbed_text\">Hoy es nuestro \u00faltimo d\u00eda y es especial. Desayunaremos con nuestras mulas antes de una corta caminata hasta una grieta en la cadena de los Pirineos justo en la frontera entre Espa\u00f1a y Francia. Desde aqu\u00ed tenemos un descenso loco hacia Francia, un verdadero sendero de alta monta\u00f1a con alrededor de un mill\u00f3n de curvas y casi 2000m de descenso absoluto. Almorzaremos en Francia antes de la mayor subida de la semana en un helic\u00f3ptero que fletaremos. Sobrevolando las monta\u00f1as m\u00e1s altas de los Pirineos, nos dejar\u00e1n a poco menos de 3.000 metros, donde nos espera un descenso de 2.000 metros hasta el hotel. Hoy habremos descendido m\u00e1s de 5 kil\u00f3metros verticales, uno de los mayores d\u00edas en bicicleta que creo que he hecho nunca. Disfrutaremos juntos de unas cervezas en el pueblo local mientras revivimos las experiencias que hemos compartido esta semana.<\/p>\n\n\n\n<figure class=\"wp-block-table\"><table class=\"has-fixed-layout\"><tbody><tr><td class=\"has-text-align-right\" data-align=\"right\"><em>Distancia recorrida<\/em>:<\/td><td>40 km<\/td><\/tr><tr><td class=\"has-text-align-right\" data-align=\"right\"><em>Tiempo de conducci\u00f3n<\/em>:<\/td><td>8 horas<\/td><\/tr><tr><td class=\"has-text-align-right\" data-align=\"right\"><em>Escalada<\/em>:<\/td><td>800m<\/td><\/tr><tr><td class=\"has-text-align-right\" data-align=\"right\"><em>Descendente<\/em>:<\/td><td>5000m<\/td><\/tr><tr><td class=\"has-text-align-right\" data-align=\"right\"><em>Dificultades t\u00e9cnicas<\/em>:<\/td><td>10\/10<\/td><\/tr><tr><td class=\"has-text-align-right\" data-align=\"right\"><em>Dificultad f\u00edsica<\/em>:<\/td><td>10\/10, m\u00e1s por los descensos que por otra cosa.<\/td><\/tr><tr><td class=\"has-text-align-right\" data-align=\"right\"><em>Tiempo en furgoneta (excluidos los ascensores)<\/em>:<\/td><td>0.<\/td><\/tr><\/tbody><\/table><\/figure>\n\n\n\n<p class=\"holiday_tabbed_text\">\n<\/div><h2 class=\"tabtitle\">S\u00e1bado<\/h2>\n<div class=\"tabcontent\">\n<br>Lo sentimos amigos pero este es el final del viaje. Esta ma\u00f1ana os llevaremos al aeropuerto de Barcelona.<\/p>\n\n\n<\/div><\/div>\n<\/div><\/div><\/div>\n\n\n\n<div style=\"text-align:center\" class=\"wp-block-genesis-blocks-gb-cta gb-block-cta\"><div class=\"gb-cta-content\"><h2 class=\"gb-cta-title gb-font-size-32\" style=\"color:#32373c\">M\u00e1s informaci\u00f3n sobre Ultimate Pyrenees<\/h2><div class=\"gb-cta-text gb-font-size-32\" style=\"color:#32373c\"><p><\/p><\/div><\/div><div class=\"gb-cta-button\"><a href=\"https:\/\/www.basquemtb.com\/es\/vacaciones-en-bicicleta-de-montana\/ultimate-pyrenees-mountain-bike-tour\/\" target=\"_self\" rel=\"noopener noreferrer\" class=\"gb-button gb-button-shape-rounded gb-button-size-medium\" style=\"color:#ffffff;background-color:#3373dc\">M\u00e1s informaci\u00f3n<\/a><\/div><\/div>","protected":false},"excerpt":{"rendered":"<p>Ultimate Pyrenees Mountain Bike Holiday | Sample Itinerary We don\u00b4t really do itineraries for our mountain bike holidays, we try to keep them as flexible as possible so we can tailor them to the groups we have. The Ultimate Pyrenees tour&nbsp;does have an itinerary, however it is very high level for the Pyrenees so there [&hellip;]<\/p>","protected":false},"author":1,"featured_media":13758,"parent":8900,"menu_order":99,"comment_status":"closed","ping_status":"closed","template":"","meta":{"_monsterinsights_skip_tracking":false,"_monsterinsights_sitenote_active":false,"_monsterinsights_sitenote_note":"","_monsterinsights_sitenote_category":0,"footnotes":""},"categories":[136],"tags":[687,777,749,706,778,654],"class_list":["post-13826","page","type-page","status-publish","has-post-thumbnail","hentry","category-route-guides","tag-pyrenees","tag-heli-biking","tag-helicopter","tag-high-pyrenees","tag-mules","tag-uplift"],"featured_image_src":"https:\/\/www.basquemtb.com\/wp-content\/uploads\/High-Pyrenees-VIP-Mountain-Bike-Holiday-1-of-1-1.jpg","featured_image_src_square":"https:\/\/www.basquemtb.com\/wp-content\/uploads\/High-Pyrenees-VIP-Mountain-Bike-Holiday-1-of-1-1.jpg","_links":{"self":[{"href":"https:\/\/www.basquemtb.com\/es\/wp-json\/wp\/v2\/pages\/13826","targetHints":{"allow":["GET"]}}],"collection":[{"href":"https:\/\/www.basquemtb.com\/es\/wp-json\/wp\/v2\/pages"}],"about":[{"href":"https:\/\/www.basquemtb.com\/es\/wp-json\/wp\/v2\/types\/page"}],"author":[{"embeddable":true,"href":"https:\/\/www.basquemtb.com\/es\/wp-json\/wp\/v2\/users\/1"}],"replies":[{"embeddable":true,"href":"https:\/\/www.basquemtb.com\/es\/wp-json\/wp\/v2\/comments?post=13826"}],"version-history":[{"count":0,"href":"https:\/\/www.basquemtb.com\/es\/wp-json\/wp\/v2\/pages\/13826\/revisions"}],"up":[{"embeddable":true,"href":"https:\/\/www.basquemtb.com\/es\/wp-json\/wp\/v2\/pages\/8900"}],"wp:featuredmedia":[{"embeddable":true,"href":"https:\/\/www.basquemtb.com\/es\/wp-json\/wp\/v2\/media\/13758"}],"wp:attachment":[{"href":"https:\/\/www.basquemtb.com\/es\/wp-json\/wp\/v2\/media?parent=13826"}],"wp:term":[{"taxonomy":"category","embeddable":true,"href":"https:\/\/www.basquemtb.com\/es\/wp-json\/wp\/v2\/categories?post=13826"},{"taxonomy":"post_tag","embeddable":true,"href":"https:\/\/www.basquemtb.com\/es\/wp-json\/wp\/v2\/tags?post=13826"}],"curies":[{"name":"wp","href":"https:\/\/api.w.org\/{rel}","templated":true}]}}