{"id":14716,"date":"2019-11-28T09:31:49","date_gmt":"2019-11-28T09:31:49","guid":{"rendered":"https:\/\/www.basquemtb.com\/?page_id=14716"},"modified":"2024-06-24T15:44:34","modified_gmt":"2024-06-24T15:44:34","slug":"terms-and-conditions","status":"publish","type":"page","link":"https:\/\/www.basquemtb.com\/es\/condiciones-generales\/","title":{"rendered":"Condiciones generales"},"content":{"rendered":"<div class=\"wp-block-genesis-blocks-gb-container text-fullscreen gb-block-container\"><div class=\"gb-container-inside\"><div class=\"gb-container-content\">\n<h3 class=\"wp-block-heading\">Dep\u00f3sitos, devoluciones, pagos<\/h3>\n\n\n\n<p>Se requiere un dep\u00f3sito para garantizar la reserva y el pago del resto 6 semanas antes del viaje. Todos los pagos son no reembolsables en caso de cancelaci\u00f3n por parte del cliente. Le recomendamos encarecidamente que contrate un seguro de viaje en el momento de la reserva que le proteja en caso de cancelaci\u00f3n por cualquier motivo. <\/p>\n\n\n\n<p>Una reserva no est\u00e1 confirmada hasta que le hayamos enviado un recibo completo. Por favor, no reserve ning\u00fan viaje antes de recibir el recibo, ya que no est\u00e1 totalmente reservado en el viaje y utilizamos estos detalles como nuestro contrato con usted y organizar el viaje de acuerdo con este recibo. <\/p>\n\n\n\n<p>Es responsabilidad del cliente asegurarse de que los datos del recibo coinciden con sus necesidades. No nos hacemos responsables de nada que no figure en el recibo.<\/p>\n\n\n\n<div style=\"height:25px\" aria-hidden=\"true\" class=\"wp-block-spacer\"><\/div>\n\n\n\n<h3 class=\"wp-block-heading\">Aviso legal<\/h3>\n\n\n\n<p><strong>T\u00c9RMINOS Y CONDICIONES DEL SERVICIO<\/strong><\/p>\n\n\n\n<p>Al efectuar una reserva, el cliente acepta someterse a las presentes Condiciones Generales. La empresa se reserva el derecho de rechazar cualquier reserva. El servicio que se prestar\u00e1 son las actividades mencionadas en la confirmaci\u00f3n de la reserva.<\/p>\n\n\n\n<p>Por favor, lea atentamente los t\u00e9rminos y condiciones que se detallan a continuaci\u00f3n y que regir\u00e1n la prestaci\u00f3n del servicio.<\/p>\n\n\n\n<p>Al comprar un viaje con La Empresa usted realiza un contrato vinculante para realizar las actividades detalladas en la web con todas sus inclusiones y exclusiones, al precio fijado en la web. Este contrato no ser\u00e1 plenamente efectivo hasta que el pago del importe total del precio haya sido depositado en la cuenta bancaria de La Empresa.<\/p>\n\n\n\n<p>Para asegurar el viaje es necesario un dep\u00f3sito. El importe del dep\u00f3sito puede consultarse en www.basquemtb.com.<\/p>\n\n\n\n<p>Este contrato se rige e interpreta de acuerdo con las Leyes de Espa\u00f1a.<\/p>\n\n\n\n<p><strong>Asunci\u00f3n de riesgos. Limitaci\u00f3n de responsabilidad.<\/strong><\/p>\n\n\n\n<p>(Este descargo se aceptar\u00e1 S\u00d3LO una vez y permanecer\u00e1 vigente y vinculante para CUALQUIERA O TODAS LAS ACTIVIDADES DE LA EMPRESA QUE EL PARTICIPANTE HAYA SELECCIONADO durante toda su estancia en Espa\u00f1a).<\/p>\n\n\n\n<p>En relaci\u00f3n con mi inscripci\u00f3n en las actividades de la compa\u00f1\u00eda, traslados y cualquier servicio de esta reserva a otro viaje, incluidas las ampliaciones previas y posteriores al viaje en las que participe, (definidas colectivamente como el \"Viaje\"):<\/p>\n\n\n\n<p>El participante declara ser consciente de que la bicicleta de monta\u00f1a es peligrosa y puede tener consecuencias imprevisibles. El participante reconoce que participa con pleno conocimiento de ello. Por lo tanto, el participante es consciente de los riesgos que conlleva esta actividad y lo hace voluntariamente. El participante entiende que aunque la empresa tomar\u00e1 todas las precauciones para garantizar su seguridad, la empresa no se hace responsable de ninguna p\u00e9rdida o da\u00f1o sufrido por cualquier persona y propiedad como resultado de su participaci\u00f3n en dicha actividad y del viaje en general.<\/p>\n\n\n\n<p>El participante entiende y ha considerado cuidadosamente los riesgos que conlleva la realizaci\u00f3n de un viaje de esta naturaleza. Acepta dichos riesgos y asume plena responsabilidad por cualquier p\u00e9rdida, lesi\u00f3n o da\u00f1o que se produzca en relaci\u00f3n con su participaci\u00f3n en el Viaje. Asimismo, declara disponer de un seguro adecuado para dicha actividad con respecto a tales p\u00e9rdidas, lesiones o da\u00f1os. La empresa no puede aceptar responsabilidad alguna por da\u00f1os o p\u00e9rdidas de equipo durante este viaje o resultantes de las actividades del mismo; el participante deber\u00e1 disponer de un seguro que le proteja de cualquier p\u00e9rdida.<\/p>\n\n\n\n<p>El participante se compromete a contratar un seguro antes de su viaje que le cubra, entre otros, los gastos de lesi\u00f3n, p\u00e9rdida, evacuaci\u00f3n y repatriaci\u00f3n.<\/p>\n\n\n\n<p>Si el participante conoce alguna condici\u00f3n f\u00edsica o m\u00e9dica que pueda interferir con la participaci\u00f3n segura o el disfrute de las actividades contratadas durante el viaje, se compromete a comunicarlo a la empresa.<\/p>\n\n\n\n<p>Las personas bajo los efectos del alcohol o de cualquier otro tipo de drogas no pueden participar en ninguno de los viajes. Cualquier problema de salud o f\u00edsico debe comunicarse a la empresa en el momento de la reserva.<\/p>\n\n\n\n<p>La empresa se reserva el derecho de modificar el horario y el itinerario sin previo aviso en caso de retrasos de tr\u00e1fico, cortes de carretera, obstrucciones de senderos o cualquier otra situaci\u00f3n imprevisible, como condiciones meteorol\u00f3gicas adversas o situaciones de fuerza mayor. La empresa no aceptar\u00e1 la responsabilidad causada por el cambio de horario o itinerario fuera del control de los organizadores.<\/p>\n\n\n\n<p><strong>Pol\u00edtica de anulaci\u00f3n<\/strong><\/p>\n\n\n\n<p>No se reembolsar\u00e1 el importe del dep\u00f3sito o el precio total a pagar por cualquier viaje a la empresa cuando las condiciones, causas de fuerza mayor o cualquier cosa que afecte a la seguridad del viaje obliguen a cancelarlo.<\/p>\n\n\n\n<p>Los dep\u00f3sitos se pagan para asegurar el viaje y no son reembolsables. El resto del viaje se abonar\u00e1 seis semanas antes del inicio del mismo y no es reembolsable. Si la empresa cancela el viaje por causas de fuerza mayor o condiciones meteorol\u00f3gicas, el dep\u00f3sito y el resto del precio del viaje no ser\u00e1n reembolsables.<\/p>\n\n\n\n<p><strong>CONDICIONES DE USO DE LA WEB<\/strong><\/p>\n\n\n\n<p><strong>Introducci\u00f3n<\/strong><\/p>\n\n\n\n<p>Las presentes condiciones generales de uso de la p\u00e1gina web, regulan los t\u00e9rminos y condiciones de acceso y uso de www.basquemtb.com, propiedad de Douglas McDonald Y1739108T, en adelante \"la Empresa\", que el usuario de la web debe leer y aceptar para utilizar todos los servicios e informaciones que se facilitan desde el portal. El mero acceso y\/o utilizaci\u00f3n de la web, la totalidad o parte de sus contenidos y\/o servicios supone la plena aceptaci\u00f3n de las presentes condiciones generales de uso.<\/p>\n\n\n\n<p><strong>Condiciones de uso<\/strong><\/p>\n\n\n\n<p>Las presentes condiciones generales de uso de la web regulan el acceso y la utilizaci\u00f3n de la web, incluidos los contenidos y los servicios puestos a disposici\u00f3n de los usuarios en y\/o a trav\u00e9s de la web, ya sea por la web, por sus usuarios, o por terceros. No obstante, el acceso y la utilizaci\u00f3n de determinados contenidos y\/o servicios puede encontrarse sometido a determinadas condiciones particulares.<\/p>\n\n\n\n<p><strong>Modificaciones<\/strong><\/p>\n\n\n\n<p>La empresa se reserva el derecho a modificar en cualquier momento las condiciones generales de uso de la web. En cualquier caso, se recomienda consultar peri\u00f3dicamente estas condiciones de uso de la web, ya que pueden ser modificadas.<\/p>\n\n\n\n<p><strong>Obligaciones del usuario<\/strong><\/p>\n\n\n\n<p>El usuario deber\u00e1 respetar en todo momento los t\u00e9rminos y condiciones establecidos en las presentes condiciones generales de uso de la web. El usuario manifiesta expresamente que realizar\u00e1 un uso diligente del portal y asumir\u00e1 cualquier responsabilidad que pudiera derivarse del incumplimiento de las normas.<\/p>\n\n\n\n<p>Asimismo, el usuario no podr\u00e1 utilizar la web para transmitir, almacenar, difundir, promocionar o distribuir datos o contenidos que sean portadores de virus o cualquier otro c\u00f3digo inform\u00e1tico, archivos o programas dise\u00f1ados para interrumpir, destruir o deteriorar el funcionamiento de cualquier programa o equipo inform\u00e1tico o de telecomunicaciones.<\/p>\n\n\n\n<p><strong>Responsabilidad de la web<\/strong><\/p>\n\n\n\n<p>Salvo en los casos en que la Ley imponga expresamente lo contrario, y exclusivamente con la medida y extensi\u00f3n en que lo imponga, web no garantiza ni asume responsabilidad alguna por cualesquiera da\u00f1os y perjuicios causados por el uso y utilizaci\u00f3n de la informaci\u00f3n, datos y Servicios de la web.<\/p>\n\n\n\n<p>En todo caso, la web excluye cualquier responsabilidad por los da\u00f1os y perjuicios que puedan deberse a la informaci\u00f3n y\/o servicios prestados o suministrados por terceras personas distintas de la Empresa. Toda la responsabilidad ser\u00e1 del tercero, ya sea proveedor o colaborador.<\/p>\n\n\n\n<p><strong>Propiedad intelectual e industrial<\/strong><\/p>\n\n\n\n<p>Todos los contenidos, marcas, logos, dibujos, documentaci\u00f3n, programas de ordenador o cualquier otro elemento susceptible de protecci\u00f3n por las leyes de propiedad intelectual o industrial, que sean accesibles en el portal corresponden en exclusiva a la empresa o a sus leg\u00edtimos titulares y quedan expresamente reservados todos los derechos sobre los mismos.<\/p>\n\n\n\n<p>En cualquier caso, la web se reserva todos los derechos sobre los contenidos, datos de informaci\u00f3n y servicios que tiene sobre los mismos. La web no concede ninguna licencia o autorizaci\u00f3n de uso al usuario sobre sus contenidos, datos o servicios, distinta de la que expresamente se detalle en las presentes condiciones generales de uso del portal.<\/p>\n\n\n\n<p><strong>Legislaci\u00f3n aplicable, jurisdicci\u00f3n y notificaciones<\/strong><\/p>\n\n\n\n<p>Las presentes condiciones se rigen e interpretan de acuerdo con las Leyes de Espa\u00f1a. Todas las notificaciones, requerimientos y otras comunicaciones que el Usuario desee efectuar a la Empresa titular de la web deber\u00e1n realizarse por escrito y se entender\u00e1 que han sido correctamente realizadas cuando hayan sido recibidas en la siguiente direcci\u00f3n Calle San Jose Langilea 2, 1A, Irun 20303, Gipuzkoa.<\/p>\n<\/div><\/div><\/div>","protected":false},"excerpt":{"rendered":"","protected":false},"author":1,"featured_media":0,"parent":0,"menu_order":0,"comment_status":"closed","ping_status":"closed","template":"","meta":{"_monsterinsights_skip_tracking":false,"_monsterinsights_sitenote_active":false,"_monsterinsights_sitenote_note":"","_monsterinsights_sitenote_category":0,"footnotes":""},"categories":[110],"tags":[],"class_list":["post-14716","page","type-page","status-publish","hentry","category-general-mountain-bike"],"featured_image_src":null,"featured_image_src_square":null,"_links":{"self":[{"href":"https:\/\/www.basquemtb.com\/es\/wp-json\/wp\/v2\/pages\/14716","targetHints":{"allow":["GET"]}}],"collection":[{"href":"https:\/\/www.basquemtb.com\/es\/wp-json\/wp\/v2\/pages"}],"about":[{"href":"https:\/\/www.basquemtb.com\/es\/wp-json\/wp\/v2\/types\/page"}],"author":[{"embeddable":true,"href":"https:\/\/www.basquemtb.com\/es\/wp-json\/wp\/v2\/users\/1"}],"replies":[{"embeddable":true,"href":"https:\/\/www.basquemtb.com\/es\/wp-json\/wp\/v2\/comments?post=14716"}],"version-history":[{"count":0,"href":"https:\/\/www.basquemtb.com\/es\/wp-json\/wp\/v2\/pages\/14716\/revisions"}],"wp:attachment":[{"href":"https:\/\/www.basquemtb.com\/es\/wp-json\/wp\/v2\/media?parent=14716"}],"wp:term":[{"taxonomy":"category","embeddable":true,"href":"https:\/\/www.basquemtb.com\/es\/wp-json\/wp\/v2\/categories?post=14716"},{"taxonomy":"post_tag","embeddable":true,"href":"https:\/\/www.basquemtb.com\/es\/wp-json\/wp\/v2\/tags?post=14716"}],"curies":[{"name":"wp","href":"https:\/\/api.w.org\/{rel}","templated":true}]}}