{"id":2470,"date":"2010-12-05T21:56:58","date_gmt":"2010-12-05T21:56:58","guid":{"rendered":"http:\/\/localhost\/basquemtb\/?page_id=2470"},"modified":"2024-12-07T16:50:57","modified_gmt":"2024-12-07T16:50:57","slug":"whats-included","status":"publish","type":"page","link":"https:\/\/www.basquemtb.com\/es\/que-incluye\/","title":{"rendered":"Reservas"},"content":{"rendered":"<h2 class=\"wp-block-heading\">Reserve sus vacaciones en bicicleta de monta\u00f1a<\/h2>\n\n\n\n<div class=\"highlight-box\">\n<p class=\"large-text text-box-wide\">No tenemos un sistema de reservas totalmente automatizado. <span class=\"accent-color\">\u00bfPor qu\u00e9?<\/span> Porque es imposible distribuir adecuadamente a las personas en los grupos adecuados con un sistema automatizado de reservas. Y <span class=\"accent-color\">grupos de nivel similar = \u00a1buenas vacaciones para todos!<\/span><br><\/p>\n<\/div>\n\n\n\n<div class=\"spacer\"><\/div>\n\n\n\n<div class=\"text-box\">\n<h2 id=\"text-fullscreen\"><strong>C\u00f3mo reservar sus vacaciones en bicicleta de monta\u00f1a:<\/strong><\/h2>\n<p class=\"centrak\"><strong>PASO 1: <\/strong>Eche un vistazo a los tipos de <a href=\"\/es\/vacaciones-en-bicicleta-de-montana\/\">vacaciones en bicicleta de monta\u00f1a<\/a> que ofrecemos. Consulte nuestra <a href=\"\/es\/guia-de-aptitudes-y-forma-fisica-para-las-vacaciones-en-bicicleta-de-montana\/\"><a href=\"http:\/\/<div class=&quot;cta-button-container&quot;&gt;<a href=&quot;\/mountain-bike-holiday-skills-and-fitness-guide\/&quot; class=&quot;cta-button&quot;&gt;\"><\/a><a href=\"\/es\/guia-de-aptitudes-y-forma-fisica-para-las-vacaciones-en-bicicleta-de-montana\/\"><\/a>gu\u00eda de aptitudes y habilidades<\/a> para ver qu\u00e9 viaje le conviene. Consulte nuestra <a href=\"\/es\/calendario-de-reservas-de-vacaciones\/\">calendario festivo <\/a>si ya tiene previstas las fechas de su viaje. <\/p>\n<div class=\"seperator\"><\/div>\n<p class=\"has-text-align-left text-fullscreen-list\"><strong>PASO 2: <\/strong>Si quieres hablar de un viaje <a href=\"\/es\/que-incluye\/ponerse-en-contacto\/\">p\u00f3ngase en contacto con<\/a>. Estaremos encantados de responder a sus preguntas, porque cuantas m\u00e1s preguntas, mejores vacaciones.<\/p>\n<div class=\"seperator\"><\/div>\n<p class=\"has-text-align-left text-fullscreen-list\"><strong>PASO 3<\/strong>: Cuando est\u00e9 preparado, registre su inter\u00e9s por un viaje utilizando el bot\u00f3n <a href=\"\/es\/que-incluye\/formulario-de-reserva-de-vacaciones\/\">formulario de reserva de vacaciones<\/a>. Que obtenga toda su informaci\u00f3n y le confirmaremos la disponibilidad. <\/p>\n<div class=\"seperator\"><\/div>\n<p class=\"has-text-align-left text-fullscreen-list\"><strong>PASO 4:<\/strong> Una vez que tengamos una plaza reservada para usted, obtendremos toda su informaci\u00f3n y le solicitaremos un dep\u00f3sito de 25%. <\/p>\n<div class=\"seperator\"><\/div>\n<p class=\"has-text-align-left text-fullscreen-list\"><strong>PASO 5:<\/strong> Le enviaremos un recibo de confirmaci\u00f3n de reserva. Esto significa que la reserva est\u00e1 completa. <\/p>\n<div class=\"seperator\"><\/div>\n<p class=\"has-text-align-left text-fullscreen-list\"><strong>PASO 6<\/strong>: Seis semanas antes del viaje se paga el saldo. <\/p>\n<div class=\"seperator\"><\/div>\n<p class=\"text-box\">Completo <a class=\"rank-math-link\" href=\"https:\/\/www.basquemtb.com\/es\/condiciones-generales\/\">condiciones generales<\/a> est\u00e1n disponibles aqu\u00ed. <\/p>\n<\/div>\n\n\n\n<div class=\"spacer\"><\/div>\n\n\n\n<div class=\"highlight-box\">\n<p class=\"large-text text-box\">Elija el viaje que m\u00e1s le convenga. M\u00e1s de <span class=\"accent-color\">60%<\/span> de nuestros hu\u00e9spedes son <span class=\"accent-color\">visitantes habituales<\/span> as\u00ed que si no est\u00e1 seguro de qu\u00e9 vacaciones le interesan, no se preocupe, \u00a1seguro que vuelve otra vez!<br><\/p>\n<\/div>\n\n\n\n<div class=\"spacer\"><\/div>\n\n\n\n<h2 class=\"wp-block-heading\">\u00bfVIAJA CON SU BICICLETA DE MONTA\u00d1A?<\/h2>\n\n\n\n<p class=\"text-box\">Volar con tu moto es f\u00e1cil. Puedes leerlo todo en nuestro <a href=\"https:\/\/www.basquemtb.com\/es\/travel-with-your-mountain-bike\/\">Viaja con tu bicicleta de monta\u00f1a<\/a> gu\u00eda. <\/p>\n\n\n\n<p class=\"text-box\">Tambi\u00e9n podemos <a class=\"rank-math-link\" href=\"https:\/\/www.basquemtb.com\/es\/que-incluye\/alquiler-de-bicicletas-de-montana\/\">alquiler de bicicletas de monta\u00f1a de alta calidad.<\/a><\/p>\n\n\n\n<div class=\"spacer\"><\/div>\n\n\n\n<h2 class=\"wp-block-heading\">\u00bfVISITAR ESPA\u00d1A SOLO?<\/h2>\n\n\n\n<p class=\"text-box\">Todos nuestros precios se calculan sobre la base de dos personas compartiendo habitaci\u00f3n. Puede reservar como persona individual, pero intentaremos alojar a dos personas del mismo sexo en la misma habitaci\u00f3n. Si no lo desea, tendremos que cobrarle un suplemento por persona sola; p\u00f3ngase en contacto con nosotros para informarse al respecto. Si viajas en un grupo impar, te ofreceremos la opci\u00f3n de 3 personas por habitaci\u00f3n en lugar de compartirla con un extra\u00f1o.<\/p>\n\n\n\n<div class=\"spacer\"><\/div>","protected":false},"excerpt":{"rendered":"<p>Booking Your Mountain Bike Holiday We don&#8217;t have a fully automated booking system. Why? Because it is impossible to properly stream people into appropriate groups with an automated booking system. And groups at a similar level = great holidays for everyone! How to book your mountain bike holiday: STEP 1: Have a look at the [&hellip;]<\/p>","protected":false},"author":1,"featured_media":27820,"parent":0,"menu_order":20,"comment_status":"closed","ping_status":"closed","template":"","meta":{"_monsterinsights_skip_tracking":false,"_monsterinsights_sitenote_active":false,"_monsterinsights_sitenote_note":"","_monsterinsights_sitenote_category":0,"footnotes":""},"categories":[620],"tags":[],"class_list":["post-2470","page","type-page","status-publish","has-post-thumbnail","hentry","category-basquemtb"],"featured_image_src":"https:\/\/www.basquemtb.com\/wp-content\/uploads\/mountain-bike-holidays-spain-basquemtb-600x400.jpg","featured_image_src_square":"https:\/\/www.basquemtb.com\/wp-content\/uploads\/mountain-bike-holidays-spain-basquemtb-600x600.jpg","_links":{"self":[{"href":"https:\/\/www.basquemtb.com\/es\/wp-json\/wp\/v2\/pages\/2470","targetHints":{"allow":["GET"]}}],"collection":[{"href":"https:\/\/www.basquemtb.com\/es\/wp-json\/wp\/v2\/pages"}],"about":[{"href":"https:\/\/www.basquemtb.com\/es\/wp-json\/wp\/v2\/types\/page"}],"author":[{"embeddable":true,"href":"https:\/\/www.basquemtb.com\/es\/wp-json\/wp\/v2\/users\/1"}],"replies":[{"embeddable":true,"href":"https:\/\/www.basquemtb.com\/es\/wp-json\/wp\/v2\/comments?post=2470"}],"version-history":[{"count":0,"href":"https:\/\/www.basquemtb.com\/es\/wp-json\/wp\/v2\/pages\/2470\/revisions"}],"wp:featuredmedia":[{"embeddable":true,"href":"https:\/\/www.basquemtb.com\/es\/wp-json\/wp\/v2\/media\/27820"}],"wp:attachment":[{"href":"https:\/\/www.basquemtb.com\/es\/wp-json\/wp\/v2\/media?parent=2470"}],"wp:term":[{"taxonomy":"category","embeddable":true,"href":"https:\/\/www.basquemtb.com\/es\/wp-json\/wp\/v2\/categories?post=2470"},{"taxonomy":"post_tag","embeddable":true,"href":"https:\/\/www.basquemtb.com\/es\/wp-json\/wp\/v2\/tags?post=2470"}],"curies":[{"name":"wp","href":"https:\/\/api.w.org\/{rel}","templated":true}]}}