{"id":373,"date":"2009-08-26T10:36:36","date_gmt":"2009-08-26T10:36:36","guid":{"rendered":"http:\/\/basquemtb.com\/?page_id=373"},"modified":"2024-12-07T17:04:34","modified_gmt":"2024-12-07T17:04:34","slug":"news-and-views","status":"publish","type":"page","link":"https:\/\/www.basquemtb.com\/es\/noticias-y-opiniones\/","title":{"rendered":"Noticias y opiniones"},"content":{"rendered":"<div style=\"padding-left:5%;padding-right:5%\" class=\"wp-block-genesis-blocks-gb-container gb-block-container\"><div class=\"gb-container-inside\"><div class=\"gb-container-content\">\n<h2>NOTICIAS Y OPINIONES<\/h2>\n<p class=\"frontpage_text\">Bienvenido a la secci\u00f3n de noticias de BasqueMTB. Aqu\u00ed podr\u00e1s encontrar noticias de lo que hemos estado haciendo, informes de viajes recientes, rese\u00f1as del equipo que hemos estado usando y cualquier otra cosa que surja.<\/p>\n<p class=\"frontpage_text\">Si desea que le enviemos estas historias, junto con cualquier noticia sobre las vacaciones, por favor <a aria-label=\"suscr\u00edbase a nuestro bolet\u00edn.  (se abre en una nueva pesta\u00f1a)\" rel=\"noreferrer noopener\" href=\"http:\/\/eepurl.com\/bMcEH\" target=\"_blank\" class=\"rank-math-link\">suscr\u00edbete a nuestro bolet\u00edn. <\/a><\/p>\n<div class=\"spacer\"><\/div>\n<div class=\"seperator\"><\/div>\n<div class=\"spacer\"><\/div>\n<div class=\"pt-cv-wrapper\"><div class=\"cvp-live-filter cvp-button\" id=\"\" data-name=\"tx_category\" data-sid=\"6c8ca02bmg\"><label class=\"cvp-label\">Categor\u00eda<\/label><div class=\"btn\"><label><input type=\"radio\" name=\"tx_category\" value=\"\" checked><div>All<\/div><\/label><\/div><div class=\"btn\"><label><input type=\"radio\" name=\"tx_category\" value=\"mtb-holiday\" \/><div>vacaciones en bicicleta de monta\u00f1a<span class=\"cvp-count\"> (26)<\/span><\/div><\/label><\/div><div class=\"btn\"><label><input type=\"radio\" name=\"tx_category\" value=\"mountain-bike-equipment-reviews\" \/><div>Rese\u00f1as<span class=\"cvp-count\"> (24)<\/span><\/div><\/label><\/div><div class=\"btn\"><label><input type=\"radio\" name=\"tx_category\" value=\"mountain-bike-images\" \/><div>Foto y v\u00eddeo<span class=\"cvp-count\"> (21)<\/span><\/div><\/label><\/div><div class=\"btn\"><label><input type=\"radio\" name=\"tx_category\" value=\"singletrack-news\" \/><div>Sendero<span class=\"cvp-count\"> (10)<\/span><\/div><\/label><\/div><div class=\"btn\"><label><input type=\"radio\" name=\"tx_category\" value=\"mountain-bike-holiday-advice\" \/><div>Consejos para unas vacaciones en bicicleta de monta\u00f1a<span class=\"cvp-count\"> (7)<\/span><\/div><\/label><\/div><div class=\"btn\"><label><input type=\"radio\" name=\"tx_category\" value=\"general-mountain-bike\" \/><div>General<span class=\"cvp-count\"> (3)<\/span><\/div><\/label><\/div><div class=\"btn\"><label><input type=\"radio\" name=\"tx_category\" value=\"mountain-bike-repair\" \/><div>Mec\u00e1nica<span class=\"cvp-count\"> (3)<\/span><\/div><\/label><\/div><div class=\"btn\"><label><input type=\"radio\" name=\"tx_category\" value=\"route-guides\" \/><div>Gu\u00edas de rutas<span class=\"cvp-count\"> (3)<\/span><\/div><\/label><\/div><\/div><div class=\"pt-cv-view pt-cv-masonry pt-cv-pinterest pt-cv-shadow pt-cv-bb pt-cv-pgregular cvp-lfres\" id=\"pt-cv-view-6c8ca02bmg\"><div data-id=\"pt-cv-page-1\" class=\"pt-cv-page\" data-cvc=\"1\"><div class=\"col-md-3 col-sm-4 col-xs-12 pt-cv-content-item pt-cv-1-col\"  data-pid=\"45776\"><div class='pt-cv-pinmas'><a href=\"https:\/\/www.basquemtb.com\/es\/building-mtb-trails-in-the-basque-country\/\" class=\"_self pt-cv-href-thumbnail pt-cv-thumb-default cvplbd\" target=\"_self\"><img decoding=\"async\" width=\"1024\" height=\"683\" src=\"https:\/\/www.basquemtb.com\/wp-content\/uploads\/RP-80-80-1024x683.jpg\" class=\"pt-cv-thumbnail img-none skip-lazy  no-lazyload\" alt=\"Bera Bike Park\" data-no-lazy=\"1\" \/><\/a>\n<h4 class=\"pt-cv-title\"><a href=\"https:\/\/www.basquemtb.com\/es\/building-mtb-trails-in-the-basque-country\/\" class=\"_self cvplbd\" target=\"_self\">Building MTB Trails In The Basque Country and Building Community<\/a><\/h4><\/div><\/div>\n<div class=\"col-md-3 col-sm-4 col-xs-12 pt-cv-content-item pt-cv-1-col\"  data-pid=\"45777\"><div class='pt-cv-pinmas'><a href=\"https:\/\/www.basquemtb.com\/es\/essentials-for-mtb-holidays\/\" class=\"_self pt-cv-href-thumbnail pt-cv-thumb-default cvplbd\" target=\"_self\"><img decoding=\"async\" width=\"1024\" height=\"576\" src=\"https:\/\/www.basquemtb.com\/wp-content\/uploads\/Essential-Spares-for-MTB-Holidays-1-1-1024x576.jpg\" class=\"pt-cv-thumbnail img-none skip-lazy  no-lazyload\" alt=\"Essentials for MTB Holidays\" data-no-lazy=\"1\" \/><\/a>\n<h4 class=\"pt-cv-title\"><a href=\"https:\/\/www.basquemtb.com\/es\/essentials-for-mtb-holidays\/\" class=\"_self cvplbd\" target=\"_self\">Essentials for MTB Holidays<\/a><\/h4><\/div><\/div>\n<div class=\"col-md-6 col-sm-4 col-xs-12 pt-cv-content-item pt-cv-1-col\"  data-pid=\"45369\"><div class='pt-cv-pinmas'><a href=\"https:\/\/www.basquemtb.com\/es\/nuestros-viajes-en-btt-pirineos-en-primavera-2025\/\" class=\"_self pt-cv-href-thumbnail pt-cv-thumb-default cvplbd\" target=\"_self\"><img decoding=\"async\" width=\"1024\" height=\"576\" src=\"https:\/\/www.basquemtb.com\/wp-content\/uploads\/Backcountry-Pyrenees-Feedback-1-1-1024x576.jpg\" class=\"pt-cv-thumbnail img-none skip-lazy  no-lazyload\" alt=\"En marcha: \u00danete a una excursi\u00f3n en BTT por los Pirineos en primavera de 2025\" data-no-lazy=\"1\" \/><\/a>\n<h4 class=\"pt-cv-title\"><a href=\"https:\/\/www.basquemtb.com\/es\/nuestros-viajes-en-btt-pirineos-en-primavera-2025\/\" class=\"_self cvplbd\" target=\"_self\">En marcha: \u00danete a una excursi\u00f3n en BTT por los Pirineos en primavera de 2025<\/a><\/h4><\/div><\/div>\n<div class=\"col-md-3 col-sm-4 col-xs-12 pt-cv-content-item pt-cv-1-col\"  data-pid=\"45177\"><div class='pt-cv-pinmas'><a href=\"https:\/\/www.basquemtb.com\/es\/bicicleta-de-montana-en-los-pirineos-senderos-locales\/\" class=\"_self pt-cv-href-thumbnail pt-cv-thumb-default cvplbd\" target=\"_self\"><img decoding=\"async\" width=\"1024\" height=\"682\" src=\"https:\/\/www.basquemtb.com\/wp-content\/uploads\/Pyrenees-Mountain-Bike-Evolution-Trail-Tales-18-1024x682.jpg\" class=\"pt-cv-thumbnail img-none skip-lazy  no-lazyload\" alt=\"Bicicleta de monta\u00f1a en los Pirineos: Senderos y h\u00e9roes locales\" data-no-lazy=\"1\" \/><\/a>\n<h4 class=\"pt-cv-title\"><a href=\"https:\/\/www.basquemtb.com\/es\/bicicleta-de-montana-en-los-pirineos-senderos-locales\/\" class=\"_self cvplbd\" target=\"_self\">Bicicleta de monta\u00f1a en los Pirineos: Senderos y h\u00e9roes locales<\/a><\/h4><\/div><\/div>\n<div class=\"col-md-3 col-sm-4 col-xs-12 pt-cv-content-item pt-cv-1-col\"  data-pid=\"42532\"><div class='pt-cv-pinmas'><a href=\"https:\/\/www.basquemtb.com\/es\/preparacion-de-un-gran-viaje-en-bicicleta-de-montana\/\" class=\"_self pt-cv-href-thumbnail pt-cv-thumb-default cvplbd\" target=\"_self\"><img decoding=\"async\" width=\"1024\" height=\"576\" src=\"https:\/\/www.basquemtb.com\/wp-content\/uploads\/Pyrenees-Odyssey-108-1024x576.jpg\" class=\"pt-cv-thumbnail img-none skip-lazy  no-lazyload\" alt=\"Bicicleta de monta\u00f1a Pyrenees Odyssey\" data-no-lazy=\"1\" \/><\/a>\n<h4 class=\"pt-cv-title\"><a href=\"https:\/\/www.basquemtb.com\/es\/preparacion-de-un-gran-viaje-en-bicicleta-de-montana\/\" class=\"_self cvplbd\" target=\"_self\">C\u00f3mo prepararse para un gran viaje en bicicleta de monta\u00f1a<\/a><\/h4><\/div><\/div>\n<div class=\"col-md-3 col-sm-4 col-xs-12 pt-cv-content-item pt-cv-1-col\"  data-pid=\"41966\"><div class='pt-cv-pinmas'><a href=\"https:\/\/www.basquemtb.com\/es\/pirineos-de-bc-nuevos-senderos-fantasticos-en-tremp\/\" class=\"_self pt-cv-href-thumbnail pt-cv-thumb-default cvplbd\" target=\"_self\"><img decoding=\"async\" width=\"1024\" height=\"672\" src=\"https:\/\/www.basquemtb.com\/wp-content\/uploads\/backcountry-pyrenees-mountain-bike-holiday-5-1-1024x672.jpg\" class=\"pt-cv-thumbnail img-none skip-lazy  no-lazyload\" alt=\"Vacaciones en bicicleta de monta\u00f1a por los Pirineos\" data-no-lazy=\"1\" \/><\/a>\n<h4 class=\"pt-cv-title\"><a href=\"https:\/\/www.basquemtb.com\/es\/pirineos-de-bc-nuevos-senderos-fantasticos-en-tremp\/\" class=\"_self cvplbd\" target=\"_self\">BC Pirineos: Nuevos y fant\u00e1sticos senderos en Tremp<\/a><\/h4><\/div><\/div>\n<div class=\"col-md-6 col-sm-4 col-xs-12 pt-cv-content-item pt-cv-1-col\"  data-pid=\"31060\"><div class='pt-cv-pinmas'><a href=\"https:\/\/www.basquemtb.com\/es\/the-amazing-orbea-occam-lt-master-of-adventure\/\" class=\"_self pt-cv-href-thumbnail pt-cv-thumb-default cvplbd\" target=\"_self\"><img decoding=\"async\" width=\"1024\" height=\"683\" src=\"https:\/\/www.basquemtb.com\/wp-content\/uploads\/Orbea-Occam-LT-Review-8-1024x683.jpg\" class=\"pt-cv-thumbnail img-none skip-lazy  no-lazyload\" alt=\"Orbea Occam LT\" data-no-lazy=\"1\" \/><\/a>\n<h4 class=\"pt-cv-title\"><a href=\"https:\/\/www.basquemtb.com\/es\/the-amazing-orbea-occam-lt-master-of-adventure\/\" class=\"_self cvplbd\" target=\"_self\">El asombroso Orbea Occam LT - Maestro de la aventura<\/a><\/h4><\/div><\/div>\n<div class=\"col-md-3 col-sm-4 col-xs-12 pt-cv-content-item pt-cv-1-col\"  data-pid=\"30561\"><div class='pt-cv-pinmas'><a href=\"https:\/\/www.basquemtb.com\/es\/5-mejores-rutas-para-bicicleta-de-montana-en-los-pirineos\/\" class=\"_self pt-cv-href-thumbnail pt-cv-thumb-default cvplbd\" target=\"_self\"><img decoding=\"async\" width=\"1024\" height=\"768\" src=\"https:\/\/www.basquemtb.com\/wp-content\/uploads\/Pyrenees-Ladies-Mountain-Bike-Tour-11-1024x768.jpg\" class=\"pt-cv-thumbnail img-none skip-lazy  no-lazyload\" alt=\"5 mejores rutas para bicicleta de monta\u00f1a en los Pirineos?\" data-no-lazy=\"1\" \/><\/a>\n<h4 class=\"pt-cv-title\"><a href=\"https:\/\/www.basquemtb.com\/es\/5-mejores-rutas-para-bicicleta-de-montana-en-los-pirineos\/\" class=\"_self cvplbd\" target=\"_self\">5 mejores rutas para bicicleta de monta\u00f1a en los Pirineos?<\/a><\/h4><\/div><\/div>\n<div class=\"col-md-3 col-sm-4 col-xs-12 pt-cv-content-item pt-cv-1-col\"  data-pid=\"30634\"><div class='pt-cv-pinmas'><a href=\"https:\/\/www.basquemtb.com\/es\/viaje-en-bicicleta-de-montana-para-mujeres-en-los-pirineos\/\" class=\"_self pt-cv-href-thumbnail pt-cv-thumb-default cvplbd\" target=\"_self\"><img decoding=\"async\" width=\"1024\" height=\"478\" src=\"https:\/\/www.basquemtb.com\/wp-content\/uploads\/Pyrenees-Ladies-Mountain-Bike-Trip_2-1024x478.jpg\" class=\"pt-cv-thumbnail img-none skip-lazy  no-lazyload\" alt=\"Riders on the Storm | Un viaje en bicicleta de monta\u00f1a para mujeres en los Pirineos\" data-no-lazy=\"1\" \/><\/a>\n<h4 class=\"pt-cv-title\"><a href=\"https:\/\/www.basquemtb.com\/es\/viaje-en-bicicleta-de-montana-para-mujeres-en-los-pirineos\/\" class=\"_self cvplbd\" target=\"_self\">Riders on the Storm | Un viaje en bicicleta de monta\u00f1a para mujeres en los Pirineos<\/a><\/h4><\/div><\/div>\n<div class=\"col-md-6 col-sm-4 col-xs-12 pt-cv-content-item pt-cv-1-col\"  data-pid=\"30455\"><div class='pt-cv-pinmas'><a href=\"https:\/\/www.basquemtb.com\/es\/pyrenees-odyssey-amazing-pyrenees-mtb-adventures\/\" class=\"_self pt-cv-href-thumbnail pt-cv-thumb-default cvplbd\" target=\"_self\"><img decoding=\"async\" width=\"1024\" height=\"576\" src=\"https:\/\/www.basquemtb.com\/wp-content\/uploads\/Pyrenees-Odyssey-Mountain-Bike-1-1024x576.jpg\" class=\"pt-cv-thumbnail img-none skip-lazy  no-lazyload\" alt=\"Bicicleta de monta\u00f1a Pyrenees Odyssey\" data-no-lazy=\"1\" \/><\/a>\n<h4 class=\"pt-cv-title\"><a href=\"https:\/\/www.basquemtb.com\/es\/pyrenees-odyssey-amazing-pyrenees-mtb-adventures\/\" class=\"_self cvplbd\" target=\"_self\">Pyrenees Odyssey | Aventuras en BTT por los Pirineos<\/a><\/h4><\/div><\/div><\/div><\/div>\n<div class=\"text-left pt-cv-pagination-wrapper\"><ul class=\"pt-cv-pagination pt-cv-ajax pagination\" data-totalpages=\"10\" data-currentpage=\"1\" data-sid=\"6c8ca02bmg\" data-unid=\"\" data-isblock=\"\" data-postid=\"\"><li class=\"active\"><a href=\"#\">1<\/a><\/li>\n\t<li ><a class=\"\" href=\"https:\/\/www.basquemtb.com\/es\/wp-json\/wp\/v2\/pages\/373\/?_page=2\">2<\/a><\/li>\n\t<li ><a class=\"\" href=\"https:\/\/www.basquemtb.com\/es\/wp-json\/wp\/v2\/pages\/373\/?_page=3\">3<\/a><\/li>\n\t<li ><a href=\"#\">&hellip;<\/a><\/li>\n\t<li ><a class=\"\" href=\"https:\/\/www.basquemtb.com\/es\/wp-json\/wp\/v2\/pages\/373\/?_page=10\">10<\/a><\/li>\n\t<li ><a class=\"\" href=\"https:\/\/www.basquemtb.com\/es\/wp-json\/wp\/v2\/pages\/373\/?_page=2\">'<\/a><\/li>\n\t<\/ul><img decoding=\"async\" width=\"15\" height=\"15\" class=\"pt-cv-spinner\" alt=\"Cargando...\" src=\"data:image\/gif;base64,R0lGODlhDwAPALMPAMrKygwMDJOTkz09PZWVla+vr3p6euTk5M7OzuXl5TMzMwAAAJmZmWZmZszMzP\/\/\/yH\/C05FVFNDQVBFMi4wAwEAAAAh+QQFCgAPACwAAAAADwAPAAAEQvDJaZaZOIcV8iQK8VRX4iTYoAwZ4iCYoAjZ4RxejhVNoT+mRGP4cyF4Pp0N98sBGIBMEMOotl6YZ3S61Bmbkm4mAgAh+QQFCgAPACwAAAAADQANAAAENPDJSRSZeA418itN8QiK8BiLITVsFiyBBIoYqnoewAD4xPw9iY4XLGYSjkQR4UAUD45DLwIAIfkEBQoADwAsAAAAAA8ACQAABC\/wyVlamTi3nSdgwFNdhEJgTJoNyoB9ISYoQmdjiZPcj7EYCAeCF1gEDo4Dz2eIAAAh+QQFCgAPACwCAAAADQANAAAEM\/DJBxiYeLKdX3IJZT1FU0iIg2RNKx3OkZVnZ98ToRD4MyiDnkAh6BkNC0MvsAj0kMpHBAAh+QQFCgAPACwGAAAACQAPAAAEMDC59KpFDll73HkAA2wVY5KgiK5b0RRoI6MuzG6EQqCDMlSGheEhUAgqgUUAFRySIgAh+QQFCgAPACwCAAIADQANAAAEM\/DJKZNLND\/kkKaHc3xk+QAMYDKsiaqmZCxGVjSFFCxB1vwy2oOgIDxuucxAMTAJFAJNBAAh+QQFCgAPACwAAAYADwAJAAAEMNAs86q1yaWwwv2Ig0jUZx3OYa4XoRAfwADXoAwfo1+CIjyFRuEho60aSNYlOPxEAAAh+QQFCgAPACwAAAIADQANAAAENPA9s4y8+IUVcqaWJ4qEQozSoAzoIyhCK2NFU2SJk0hNnyEOhKR2AzAAj4Pj4GE4W0bkJQIAOw==\" \/><div class=\"clear pt-cv-clear-pagination\"><\/div><\/div><\/div>\t\t\t<style type=\"text\/css\" id=\"pt-cv-inline-style-e65e207gax\">#pt-cv-view-6c8ca02bmg .pt-cv-title a, #pt-cv-view-6c8ca02bmg  .panel-title { font-weight: 600 !important; }\n#pt-cv-view-6c8ca02bmg .pt-cv-carousel-caption  { background-color: rgba(51,51,51,.6) !important; }\n#pt-cv-view-6c8ca02bmg .pt-cv-specialp { background-color: #CC3333 !important }\n#pt-cv-view-6c8ca02bmg .pt-cv-specialp * { color: #fff !important; }\n#pt-cv-view-6c8ca02bmg .pt-cv-pficon  { color: #bbb !important; }\n#pt-cv-view-6c8ca02bmg .pt-cv-readmore  { color: #ffffff !important; background-color: #00aeef !important; }\n#pt-cv-view-6c8ca02bmg .pt-cv-readmore:hover  { color: #ffffff !important; background-color: #00aeef !important; }\n#pt-cv-view-6c8ca02bmg  + .pt-cv-pagination-wrapper .pt-cv-more-inactive , #pt-cv-view-6c8ca02bmg  + .pt-cv-pagination-wrapper .pagination a, .pt-cv-pagination[data-sid='6c8ca02bmg'] a { color: #00465c !important; }\n#pt-cv-view-6c8ca02bmg  + .pt-cv-pagination-wrapper .pt-cv-more , #pt-cv-view-6c8ca02bmg  + .pt-cv-pagination-wrapper .pagination .active a, .pt-cv-pagination[data-sid='6c8ca02bmg'] .active a { color: #ffffff !important; background-color: #00465c !important; }\n.cvp-live-filter[data-sid='6c8ca02bmg'] .cvp-label   { color: #00465c !important; font-weight: 600 !important; }\n.cvp-live-filter[data-sid='6c8ca02bmg'] input[type=radio]:checked~div   { color: #ffffff !important; background-color: #00465c !important; }<\/style>\r\n\t\t\t\n<\/div><\/div><\/div>\n\n\n\n<p><\/p>","protected":false},"excerpt":{"rendered":"<p>NEWS AND VIEWS Welcome to the BasqueMTB news section. Here you can find news what we&#8217;ve been up to, reports from recent trips, reviews of the equipment we\u00b4ve been using along with anything else which comes up. If you would like to get these stories sent to you, along with any holiday news, then please [&hellip;]<\/p>","protected":false},"author":1,"featured_media":27816,"parent":0,"menu_order":8,"comment_status":"closed","ping_status":"closed","template":"page-Landing.php","meta":{"_monsterinsights_skip_tracking":false,"_monsterinsights_sitenote_active":false,"_monsterinsights_sitenote_note":"","_monsterinsights_sitenote_category":0,"footnotes":""},"categories":[620],"tags":[],"class_list":["post-373","page","type-page","status-publish","has-post-thumbnail","hentry","category-basquemtb"],"featured_image_src":"https:\/\/www.basquemtb.com\/wp-content\/uploads\/mountain-bike-holidays-spain-e1615475725437-600x400.jpg","featured_image_src_square":"https:\/\/www.basquemtb.com\/wp-content\/uploads\/mountain-bike-holidays-spain-e1615475725437-600x600.jpg","_links":{"self":[{"href":"https:\/\/www.basquemtb.com\/es\/wp-json\/wp\/v2\/pages\/373","targetHints":{"allow":["GET"]}}],"collection":[{"href":"https:\/\/www.basquemtb.com\/es\/wp-json\/wp\/v2\/pages"}],"about":[{"href":"https:\/\/www.basquemtb.com\/es\/wp-json\/wp\/v2\/types\/page"}],"author":[{"embeddable":true,"href":"https:\/\/www.basquemtb.com\/es\/wp-json\/wp\/v2\/users\/1"}],"replies":[{"embeddable":true,"href":"https:\/\/www.basquemtb.com\/es\/wp-json\/wp\/v2\/comments?post=373"}],"version-history":[{"count":0,"href":"https:\/\/www.basquemtb.com\/es\/wp-json\/wp\/v2\/pages\/373\/revisions"}],"wp:featuredmedia":[{"embeddable":true,"href":"https:\/\/www.basquemtb.com\/es\/wp-json\/wp\/v2\/media\/27816"}],"wp:attachment":[{"href":"https:\/\/www.basquemtb.com\/es\/wp-json\/wp\/v2\/media?parent=373"}],"wp:term":[{"taxonomy":"category","embeddable":true,"href":"https:\/\/www.basquemtb.com\/es\/wp-json\/wp\/v2\/categories?post=373"},{"taxonomy":"post_tag","embeddable":true,"href":"https:\/\/www.basquemtb.com\/es\/wp-json\/wp\/v2\/tags?post=373"}],"curies":[{"name":"wp","href":"https:\/\/api.w.org\/{rel}","templated":true}]}}