{"id":4202,"date":"2011-11-22T09:45:16","date_gmt":"2011-11-22T09:45:16","guid":{"rendered":"http:\/\/localhost\/basquemtb\/?page_id=4202"},"modified":"2025-02-15T12:33:42","modified_gmt":"2025-02-15T12:33:42","slug":"trail-guide-itinerary","status":"publish","type":"page","link":"https:\/\/www.basquemtb.com\/es\/vacaciones-en-bicicleta-de-montana\/vacaciones-en-bicicleta-de-montana-por-los-pirineos\/itinerario-de-la-guia-de-senderos\/","title":{"rendered":"Pirineos de traves\u00eda: Itinerario"},"content":{"rendered":"<h2 class=\"wp-block-heading\">Backcountry Pirineos | Ejemplo de itinerario<\/h2>\n\n\n\n<p class=\"text-fullscreen\">En realidad no hacemos itinerarios para nuestros <a href=\"https:\/\/www.basquemtb.com\/es\/\" target=\"_blank\" rel=\"noopener\">vacaciones en bicicleta de monta\u00f1a<\/a>Intentamos que sean lo m\u00e1s flexibles posible para poder adaptarlas a los grupos que tenemos. El <a href=\"https:\/\/www.basquemtb.com\/es\/pyrenees-mountain-bike-tours-spain\/\" target=\"_blank\" rel=\"noopener\">Pirineos de monta\u00f1a<\/a> tiene un itinerario aproximado impuesto ya que paramos en diferentes lugares la mayor\u00eda de las noches y eso selecciona las zonas en las que montamos. A\u00fan as\u00ed, hacemos al menos un par de d\u00edas de ciclismo de monta\u00f1a en cada zona, por lo que cada viaje es diferente. Adem\u00e1s de esto tenemos algunas \u00e1reas diferentes en las que montamos y \u00e9stas var\u00edan en cada viaje, ya que adaptamos los viajes a los clientes que quieren unas vacaciones en bicicleta de monta\u00f1a m\u00e1s, o menos, t\u00e9cnicas, o tal vez grupos que vuelven para otras vacaciones con nosotros y quieren algo diferente. Los senderos tambi\u00e9n var\u00edan entre primavera y oto\u00f1o, dependiendo de la cantidad de nieve que quede en primavera.<\/p>\n\n\n\n<div class=\"highlight-box\"><h2>AVISO IMPORTANTE | ESTE ES UN ITINERARIO DE MUESTRA<\/h2>\n<div class=\"highlight-box-text\">Este es un viaje m\u00e1s antiguo. El esquema general del viaje es el mismo, sin embargo hemos a\u00f1adido nuevas zonas y los traslados son ahora desde Barcelona para reducir los tiempos de viaje. <\/div><\/div>\n\n\n\n<p class=\"text-fullscreen\">Este es un viaje t\u00edpico que realizamos en oto\u00f1o.<\/p>\n\n\n\n<div class=\"wp-block-genesis-blocks-gb-container holiday_tabbed_tab holiday_tabbed_text gb-block-container\"><div class=\"gb-container-inside\"><div class=\"gb-container-content\"><div class=\"responsive-tabs\">\n<h2 class=\"tabtitle\">S\u00e1bado<\/h2>\n<div class=\"tabcontent\">\n\n\n\n\n<h3 class=\"wp-block-heading h2_post\">Backcountry Pirineos Mountain Bike Vacaciones | D\u00eda de traslado<\/h3>\n\n\n\n<p>Recogeremos a todos los participantes en estas vacaciones en bicicleta de monta\u00f1a en San Sebasti\u00e1n. P\u00f3ngase en contacto con nosotros para acordar los horarios de vuelo que m\u00e1s le convengan. Una vez que todo el mundo ha llegado nos dirigiremos a la primera parada de nuestro recorrido donde nos alojamos en un hotel agradable para la primera noche.<\/p>\n\n\n\n<figure class=\"wp-block-table\"><table><tbody><tr><td><em>Distancia recorrida<\/em><\/td><td>0km<\/td><\/tr><tr><td><em>Tiempo de conducci\u00f3n<\/em><\/td><td>0 horas<\/td><\/tr><tr><td><em>Escalada<\/em><\/td><td>0m<\/td><\/tr><tr><td><em>Descendente<\/em><\/td><td>0m<\/td><\/tr><tr><td><em>Dificultades t\u00e9cnicas<\/em><\/td><td>n\/a<\/td><\/tr><tr><td><em>Dificultad f\u00edsica<\/em><\/td><td>n\/a<\/td><\/tr><tr><td><em>Tiempo en furgoneta (excluidos los ascensores)<\/em><\/td><td>3:00<\/td><\/tr><\/tbody><\/table><\/figure>\n\n\n\n<\/div><h2 class=\"tabtitle\">Domingo<\/h2>\n<div class=\"tabcontent\">\n\n\n\n\n<h3 class=\"wp-block-heading h2_post\">Vacaciones en bicicleta de monta\u00f1a por los Pirineos | D\u00eda 1<\/h3>\n\n\n\n<p>El primer d\u00eda de nuestras vacaciones comienza con una subida, por un camino de tierra incre\u00edblemente pintoresco, para que nos vayamos acostumbrando al ciclismo. Una vez que dejamos el camino, nos adentramos en unas rocas incre\u00edbles y el sendero se vuelve un poco t\u00e9cnico antes de abrirse y volverse m\u00e1s fluido. El paisaje es incre\u00edble mientras descendemos 700 metros hasta el fondo del valle, listos para tomar algo fr\u00edo. Despu\u00e9s nos trasladaremos en furgoneta durante 45 minutos hasta la cima del siguiente sendero, donde nos preparar\u00e1n un picnic. Los dos siguientes senderos son muy diferentes, el primero suelto y t\u00e9cnico ya que recorremos un sendero empinado entre enormes acantilados rocosos que suelen estar llenos de escaladores. Despu\u00e9s tenemos un sendero que no se usa mucho pero que es uno de los puntos culminantes de la semana y nos deja en el siguiente valle. Otros 20 minutos en la furgoneta nos llevan al \u00faltimo sendero del d\u00eda y descendemos hasta el alojamiento para esa noche.<\/p>\n\n\n\n<figure class=\"wp-block-table\"><table><tbody><tr><td><em>Distancia recorrida<\/em><\/td><td>35 km<\/td><\/tr><tr><td><em>Tiempo de conducci\u00f3n<\/em><\/td><td>7 horas<\/td><\/tr><tr><td><em>Escalada<\/em><\/td><td>750m<\/td><\/tr><tr><td><em>Descendente<\/em><\/td><td>2400m<\/td><\/tr><tr><td><em>Dificultades t\u00e9cnicas<\/em><\/td><td>Moderado<\/td><\/tr><tr><td><em>Dificultad f\u00edsica<\/em><\/td><td>Alta<\/td><\/tr><tr><td><em>Tiempo en furgoneta (excluidos los ascensores)<\/em><\/td><td>30 minutos.<\/td><\/tr><\/tbody><\/table><\/figure>\n\n\n\n<\/div><h2 class=\"tabtitle\">Lunes<\/h2>\n<div class=\"tabcontent\">\n\n\n\n\n<h3 class=\"wp-block-heading h2_post\">Vacaciones en bicicleta de monta\u00f1a por los Pirineos | D\u00eda 2<\/h3>\n\n\n\n<p>Hoy empezamos con dos grandes subidas para recorrer un par de grandes descensos de 800 metros. El primer descenso es menos t\u00e9cnico, aunque en absoluto f\u00e1cil, y puede que a algunos les suponga un reto. A medida que el sendero atraviesa las laderas norte y sur de la monta\u00f1a, el singletrack cambia entre h\u00famedo y suelto, y terminamos bajando en zigzag por una ladera rocosa con mucha exposici\u00f3n. Despu\u00e9s de este sendero, montamos en Spunkkentrakken, sin duda uno de los mejores senderos del mundo, y disfrutamos de infinitas curvas hasta el fondo del siguiente valle. A partir de aqu\u00ed pasamos el resto del d\u00eda montando enormes losas de roca, con curvas y pasos t\u00e9cnicos, es el para\u00edso de la bicicleta de monta\u00f1a. El \u00faltimo descenso nos lleva a la puerta de nuestro alojamiento, donde la furgoneta hab\u00eda dejado nuestras maletas y hay bebidas fr\u00edas en la nevera esper\u00e1ndonos.<\/p>\n\n\n\n<figure class=\"wp-block-table\"><table><tbody><tr><td><em>Distancia recorrida<\/em><\/td><td>40 km<\/td><\/tr><tr><td><em>Tiempo de conducci\u00f3n<\/em><\/td><td>8 horas<\/td><\/tr><tr><td><em>Escalada<\/em><\/td><td>700m<\/td><\/tr><tr><td><em>Descendente<\/em><\/td><td>3500m<\/td><\/tr><tr><td><em>Dificultades t\u00e9cnicas<\/em><\/td><td>Alta<\/td><\/tr><tr><td><em>Dificultad f\u00edsica<\/em><\/td><td>Muy alta<\/td><\/tr><tr><td><em>Tiempo en furgoneta (excluidos los ascensores)<\/em><\/td><td>Ninguna.<\/td><\/tr><\/tbody><\/table><\/figure>\n\n\n\n<\/div><h2 class=\"tabtitle\">Martes<\/h2>\n<div class=\"tabcontent\">\n\n\n\n\n<h3 class=\"wp-block-heading h2_post\">Vacaciones en bicicleta de monta\u00f1a por los Pirineos | D\u00eda 3<\/h3>\n\n\n\n<p>Nos despertamos con un desayuno fant\u00e1stico y unas vistas impresionantes sobre un valle con pocos rastros de humanos. Comenzamos el d\u00eda con una subida de 500 metros hasta un collado donde empezamos subiendo otros 150 metros en bicicleta hasta el comienzo de nuestro sendero. El paisaje aqu\u00ed es incre\u00edble, con extra\u00f1as formaciones rocosas y grandes lechos de roca que ofrecen m\u00faltiples opciones de l\u00edneas y saltos y ca\u00eddas por todas partes.<\/p>\n\n\n\n<p>La furgoneta nos esperar\u00e1 al final del sendero, lista para llevarnos al siguiente punto de partida, que est\u00e1 a unos 45 minutos. Un gran descenso de 700 metros con vistas panor\u00e1micas de los Pirineos nos llevar\u00e1 hasta el almuerzo. Despu\u00e9s seleccionaremos una variedad de senderos, cada uno entre 500m y 800m de descenso, para llenar toda la tarde. Esta noche nos alojaremos en un impresionante pueblo medieval, en un precioso apartamento propiedad de un jinete.<\/p>\n\n\n\n<figure class=\"wp-block-table\"><table class=\"has-background\" style=\"background-color:#f3f4f5\"><tbody><tr><td><em>Distancia recorrida<\/em><\/td><td>40 km<\/td><\/tr><tr><td><em>Tiempo de conducci\u00f3n<\/em><\/td><td>7 horas<\/td><\/tr><tr><td><em>Escalada<\/em><\/td><td>600m<\/td><\/tr><tr><td><em>Descendente<\/em><\/td><td>3000m<\/td><\/tr><tr><td><em>Dificultades t\u00e9cnicas<\/em><\/td><td>Moderado-alto<\/td><\/tr><tr><td><em>Dificultad f\u00edsica<\/em><\/td><td>Moderado<\/td><\/tr><tr><td><em>Tiempo en furgoneta (excluidos los ascensores)<\/em><\/td><td>Ninguna.<\/td><\/tr><\/tbody><\/table><\/figure>\n\n\n\n<\/div><h2 class=\"tabtitle\">Mi\u00e9rcoles<\/h2>\n<div class=\"tabcontent\">\n\n\n\n\n<h3 class=\"wp-block-heading h2_post\">Vacaciones en bicicleta de monta\u00f1a por los Pirineos | D\u00eda 4<\/h3>\n\n\n\n<p>Esta ma\u00f1ana nos despertaremos con vistas a la monta\u00f1a que recorreremos al d\u00eda siguiente. Un 4\u00d74 especial nos llevar\u00e1 hasta el collado m\u00e1s alto y pasaremos el resto del d\u00eda volviendo a nuestro apartamento, donde pasaremos la segunda noche. La ruta podr\u00eda hacerse en pocas horas, pero hemos organizado una paella especial en un pueblecito y nos tomaremos nuestro tiempo. Si alguien quiere cabalgar m\u00e1s esa tarde, podemos ofrecerle m\u00e1s subidas para que pueda probar m\u00e1s de los fant\u00e1sticos senderos de esta zona. Despu\u00e9s tenemos un fisioterapeuta local que viene para masajes opcionales o fisioterapia y luego tenemos una degustaci\u00f3n de vinos locales organizado para todo el mundo.<\/p>\n\n\n\n<figure class=\"wp-block-table\"><table><tbody><tr><td><em>Distancia recorrida<\/em><\/td><td>40 km<\/td><\/tr><tr><td><em>Tiempo de conducci\u00f3n<\/em><\/td><td>5 horas<\/td><\/tr><tr><td><em>Escalada<\/em><\/td><td>300m<\/td><\/tr><tr><td><em>Descendente<\/em><\/td><td>2000m<\/td><\/tr><tr><td><em>Dificultades t\u00e9cnicas<\/em><\/td><td>Moderado<\/td><\/tr><tr><td><em>Dificultad f\u00edsica<\/em><\/td><td>F\u00e1cil<\/td><\/tr><tr><td><em>Tiempo en furgoneta (excluidos los ascensores)<\/em><\/td><td>Ninguna.<\/td><\/tr><\/tbody><\/table><\/figure>\n\n\n\n<\/div><h2 class=\"tabtitle\">Jueves<\/h2>\n<div class=\"tabcontent\">\n\n\n\n\n<h3 class=\"wp-block-heading h2_post\">Vacaciones en bicicleta de monta\u00f1a por los Pirineos | D\u00eda 5<\/h3>\n\n\n\n<p>Si ayer fue el d\u00eda de descanso, hoy ha sido el motivo. Hoy ha sido bautizado como Jueves Sucio porque montamos hasta tarde y a menudo nos vamos directamente a cenar, todav\u00eda llenos de endorfinas, y luego de copas. No es raro estar en el bar local a medianoche todav\u00eda con la ropa de montar. Por la ma\u00f1ana tenemos un traslado de 35 minutos para encontrarnos con otra furgoneta 4\u00d74 que nos ayudar\u00e1 durante todo el d\u00eda. Empezamos con una larga subida a un paso alto donde disfrutamos de las vistas antes de empezar nuestra ruta del d\u00eda. El sendero comienza r\u00e1pido y fluido, a trav\u00e9s de praderas altas, antes de caer en un sendero realmente antiguo que ahora est\u00e1 hundido en un tubo de paseo en tobog\u00e1n a trav\u00e9s de los \u00e1rboles. Despu\u00e9s subimos de nuevo para montar en la L\u00ednea M\u00e1gica, que es precisamente eso. A continuaci\u00f3n, una \u00faltima subida hacia las monta\u00f1as. Tenemos que subir despu\u00e9s, empujando nuestras bicis durante 30-40 minutos para llegar a la cima de este pr\u00f3ximo sendero. Hemos recibido a varios periodistas especializados en ciclismo y a gente que ha corrido por todo el mundo y todos han afirmado que este sendero es uno de los mejores que han recorrido. Es empinado y desciende 1100 metros. Sigue y sigue y sigue y tiene una fluidez incre\u00edble. Desciendes 900 m en 3 km, pero no parece que hayas perdido altura. Es un final incre\u00edble para un d\u00eda incre\u00edble.<\/p>\n\n\n\n<figure class=\"wp-block-table\"><table><tbody><tr><td><em>Distancia recorrida<\/em><\/td><td>35 km<\/td><\/tr><tr><td><em>Tiempo de conducci\u00f3n<\/em><\/td><td>7 horas<\/td><\/tr><tr><td><em>Escalada<\/em><\/td><td>400m<\/td><\/tr><tr><td><em>Descendente<\/em><\/td><td>3500m<\/td><\/tr><tr><td><em>Dificultades t\u00e9cnicas<\/em><\/td><td>Moderado a muy alto<\/td><\/tr><tr><td><em>Dificultad f\u00edsica<\/em><\/td><td>Moderado<\/td><\/tr><tr><td><em>Tiempo en furgoneta (excluidos los ascensores)<\/em><\/td><td>1 hora y 15 minutos.<\/td><\/tr><\/tbody><\/table><\/figure>\n\n\n\n<\/div><h2 class=\"tabtitle\">Viernes<\/h2>\n<div class=\"tabcontent\">\n\n\n\n\n<h3 class=\"wp-block-heading h2_post\">Vacaciones en bicicleta de monta\u00f1a por los Pirineos | D\u00eda 6<\/h3>\n\n\n\n<p>Hoy es nuestro \u00faltimo d\u00eda y emprendemos el camino de vuelta a la costa, \u00a1pero paramos a dar una vuelta por el camino! Tenemos alrededor de una hora en la furgoneta por la ma\u00f1ana para llegar al primer sendero, una gran subida seguida de un f\u00e1cil ascenso de 450 metros con unas vistas incre\u00edbles. Este sendero es un secreto bien conocido entre los ciclistas locales por sus 1.000 metros de desnivel y sus 1.000 curvas. Una vez que le coges el tranquillo, el sendero es muy fluido y tiene un ritmo encantador. Bajamos hasta el fondo del valle y seguimos el r\u00edo hasta otro pueblo donde nos espera la furgoneta con unas cervezas fr\u00edas para celebrar el final del viaje. Esa noche nos trasladamos de vuelta a la costa y nos alojamos en un gran hotel donde la comida es legendaria.<\/p>\n\n\n\n<figure class=\"wp-block-table\"><table><tbody><tr><td><em>Distancia recorrida<\/em><\/td><td>25 km<\/td><\/tr><tr><td><em>Tiempo de conducci\u00f3n<\/em><\/td><td>5 horas<\/td><\/tr><tr><td><em>Escalada<\/em><\/td><td>500m<\/td><\/tr><tr><td><em>Descendente<\/em><\/td><td>1200m<\/td><\/tr><tr><td><em>Dificultades t\u00e9cnicas<\/em><\/td><td>Moderado<\/td><\/tr><tr><td><em>Dificultad f\u00edsica<\/em><\/td><td>Alta<\/td><\/tr><tr><td><em>Tiempo en furgoneta (excluidos los ascensores)<\/em><\/td><td>3 horas.<\/td><\/tr><\/tbody><\/table><\/figure>\n\n\n\n<p>\n<\/div><h2 class=\"tabtitle\">S\u00e1bado<\/h2>\n<div class=\"tabcontent\">\n<br>Lo sentimos amigos pero este es el final del viaje. Esta ma\u00f1ana os llevaremos de vuelta a San Sebasti\u00e1n para recoger al pr\u00f3ximo grupo afortunado.<\/p>\n\n\n<\/div><\/div>\n<\/div><\/div><\/div>","protected":false},"excerpt":{"rendered":"<p>Ejemplo de itinerario<\/p>","protected":false},"author":1,"featured_media":9074,"parent":3899,"menu_order":99,"comment_status":"closed","ping_status":"closed","template":"","meta":{"_monsterinsights_skip_tracking":false,"_monsterinsights_sitenote_active":false,"_monsterinsights_sitenote_note":"","_monsterinsights_sitenote_category":0,"footnotes":""},"categories":[136],"tags":[622,664,695],"class_list":["post-4202","page","type-page","status-publish","has-post-thumbnail","hentry","category-route-guides","tag-backcountry-pyrenees","tag-itinerary","tag-route-guide"],"featured_image_src":"https:\/\/www.basquemtb.com\/wp-content\/uploads\/basqueMTB-guide-profiles-12705461-600x400.jpg","featured_image_src_square":"https:\/\/www.basquemtb.com\/wp-content\/uploads\/basqueMTB-guide-profiles-12705461.jpg","_links":{"self":[{"href":"https:\/\/www.basquemtb.com\/es\/wp-json\/wp\/v2\/pages\/4202","targetHints":{"allow":["GET"]}}],"collection":[{"href":"https:\/\/www.basquemtb.com\/es\/wp-json\/wp\/v2\/pages"}],"about":[{"href":"https:\/\/www.basquemtb.com\/es\/wp-json\/wp\/v2\/types\/page"}],"author":[{"embeddable":true,"href":"https:\/\/www.basquemtb.com\/es\/wp-json\/wp\/v2\/users\/1"}],"replies":[{"embeddable":true,"href":"https:\/\/www.basquemtb.com\/es\/wp-json\/wp\/v2\/comments?post=4202"}],"version-history":[{"count":0,"href":"https:\/\/www.basquemtb.com\/es\/wp-json\/wp\/v2\/pages\/4202\/revisions"}],"up":[{"embeddable":true,"href":"https:\/\/www.basquemtb.com\/es\/wp-json\/wp\/v2\/pages\/3899"}],"wp:featuredmedia":[{"embeddable":true,"href":"https:\/\/www.basquemtb.com\/es\/wp-json\/wp\/v2\/media\/9074"}],"wp:attachment":[{"href":"https:\/\/www.basquemtb.com\/es\/wp-json\/wp\/v2\/media?parent=4202"}],"wp:term":[{"taxonomy":"category","embeddable":true,"href":"https:\/\/www.basquemtb.com\/es\/wp-json\/wp\/v2\/categories?post=4202"},{"taxonomy":"post_tag","embeddable":true,"href":"https:\/\/www.basquemtb.com\/es\/wp-json\/wp\/v2\/tags?post=4202"}],"curies":[{"name":"wp","href":"https:\/\/api.w.org\/{rel}","templated":true}]}}