{"id":43959,"date":"2024-11-23T19:02:11","date_gmt":"2024-11-23T19:02:11","guid":{"rendered":"https:\/\/www.basquemtb.com\/?page_id=43959"},"modified":"2024-12-07T14:53:28","modified_gmt":"2024-12-07T14:53:28","slug":"the-high-pyrenees-mountains","status":"publish","type":"page","link":"https:\/\/www.basquemtb.com\/es\/vacaciones-en-bicicleta-de-montana\/la-alta-montana-pirenaica\/","title":{"rendered":"Altos Pirineos"},"content":{"rendered":"<p>Situados entre el norte de Espa\u00f1a y Francia, los Pirineos forman una barrera entre ambos pa\u00edses. Con una extensi\u00f3n de m\u00e1s de 430 km de Oeste a Este, los Pirineos cuentan con m\u00e1s de 200 picos, entre los que destaca el Aneto, que alcanza los 3404 m de altitud. En la vertiente francesa no hay estribaciones, pero en la espa\u00f1ola existe un complicado sistema de estribaciones, llamado Prepirineo, que alcanza los 2.600 m de altura.<\/p>\n\n\n\n<div class=\"spacer\"\/><\/div>\n\n\n\n<figure class=\"wp-block-image size-full\"><img decoding=\"async\" width=\"717\" height=\"403\" src=\"https:\/\/www.basquemtb.com\/wp-content\/uploads\/where-are-the-pyrenees-mountains-map.jpg\" alt=\"\" class=\"wp-image-44317\" title=\"centro de p\u00e1gina\" srcset=\"https:\/\/www.basquemtb.com\/wp-content\/uploads\/where-are-the-pyrenees-mountains-map-300x169.jpg 300w, https:\/\/www.basquemtb.com\/wp-content\/uploads\/where-are-the-pyrenees-mountains-map-150x84.jpg 150w, https:\/\/www.basquemtb.com\/wp-content\/uploads\/where-are-the-pyrenees-mountains-map.jpg 717w\" sizes=\"(max-width: 717px) 100vw, 717px\" \/><\/figure>\n\n\n\n<div class=\"spacer\"\/><\/div>\n\n\n\n<p>Lo que llamamos la regi\u00f3n de los Altos Pirineos se encuentra en los Pirineos centrales, donde encontrar\u00e1 las monta\u00f1as m\u00e1s altas de la cordillera. Monta\u00f1as como el Aneto y el Monte Perdido. El ciclismo de monta\u00f1a atraviesa tanto Espa\u00f1a como Francia, incluyendo zonas como Loudenville, Bielsa, Benasque y Val d'Aran, por nombrar algunas.<\/p>\n\n\n\n<div class=\"spacer\"\/><\/div>\n\n\n\n<div class=\"highlight-box\">\n<h2>Nuestras vacaciones en BTT en los Altos Pirineos<\/h2>\n<p class=\"highlight-box-text medium-text\">Aqu\u00ed tiene una selecci\u00f3n de nuestras vacaciones en bicicleta de monta\u00f1a en la regi\u00f3n de los Altos Pirineos.<\/p>\n<div class=\"spacer\"><\/div>\n<div class=\"square-shoutouts-container page-center\">\n\n    <a href=\"\/es\/vacaciones-en-bicicleta-de-montana\/vacaciones-en-bicicleta-de-montana-en-los-altos-pirineos\/\" class=\"square-shoutout\">\n        <div class=\"top-section\" style=\"background-image: url('https:\/\/www.basquemtb.com\/wp-content\/uploads\/High-Pyrenees-Mountain-Bike-Adventure-small.jpg');\">\n        <\/div>\n        <div class=\"bottom-section\">\n            <h2 class=\"title\">Altos Pirineos<\/h2>\n            <div class=\"square-shoutout-sub-header\">Enduro de Gran Monta\u00f1a<\/div>\n            <div class=\"square-shoutout-text\">Bicicleta de monta\u00f1a en lo alto de los Pirineos con unos 80% de desnivel. Recorrer los senderos de BTT m\u00e1s altos con 17.000 m de descenso t\u00e9cnico durante 6 d\u00edas.<\/div>\n        <\/div>\n    <\/a>\n \n    <a href=\"\/es\/vacaciones-en-bicicleta-de-montana\/odisea-pirineos-mtb\/\" class=\"square-shoutout\">\n        <div class=\"top-section\" style=\"background-image: url('https:\/\/www.basquemtb.com\/wp-content\/uploads\/basqueMTB-Pyrenees-Odyssey-51-1-1024x768.jpg');\">\n        <\/div>\n        <div class=\"bottom-section\">\n            <h2 class=\"title\">Odisea de los Pirineos<\/h2>\n            <div class=\"square-shoutout-sub-header\">M\u00e1s alto, m\u00e1s profundo, m\u00e1s salvaje<\/div>\n            <div class=\"square-shoutout-text\">La Odisea de los Pirineos, aventura en bicicleta de monta\u00f1a por los senderos m\u00e1s altos de los Pirineos. Ma\u00f1anas de alta monta\u00f1a seguidas de tardes asistidas por lanzadera.<\/div>\n        <\/div>\n    <\/a>\n \n<\/div>\n\n<\/div>\n\n\n\n<div class=\"spacer\"\/><\/div>\n\n\n\n<h2 class=\"wp-block-heading\">Echa un vistazo a algunas fotos de las altas monta\u00f1as pirenaicas \u2192 <\/h2>\n\n\n\n<div class=\"spacer\"\/><\/div>\n\n\n\n<div class=\"horizontal-scroll-container\">\n    <div class=\"photo-item\" style=\"background-image: url('\/wp-content\/uploads\/High-Pyrenees-Mountain-Bike-Holiday.mp4');\">\n    <\/div>\n    <div class=\"photo-item\" style=\"background-image: url('\/wp-content\/uploads\/High-Pyrenees-Mountain-Bike-Tour-4.webp')  \">\n    <\/div>\n    <div class=\"photo-item\" style=\"background-image: url('\/wp-content\/uploads\/Pyrenees-Mountain-Bike-Tour-5.jpg');\">\n    <\/div>\n    <div class=\"photo-item\" style=\"background-image: url('\/wp-content\/uploads\/high-pyrenees-mountain-bike-holiday-5.webp')  \">\n    <\/div>\n    <div class=\"photo-item\" style=\"background-image: url('\/wp-content\/uploads\/high-pyrenees-mountain-bike-holiday-13.webp')  \">\n    <\/div>\n    <div class=\"photo-item\" style=\"background-image: url('\/wp-content\/uploads\/high-pyrenees-mountain-bike-holiday-19.webp')  \">\n    <\/div>\n    <div class=\"photo-item\" style=\"background-image: url('\/wp-content\/uploads\/high-pyrenees-mountain-bike-tour-3.jpg');\">\n    <\/div>\n    <div class=\"photo-item\" style=\"background-image: url('\/wp-content\/uploads\/high-pyrenees-mountain-bike-holiday-8.webp')  \">\n    <\/div>\n    <div class=\"photo-item\" style=\"background-image: url('\/wp-content\/uploads\/Orbea-Occam-LT-Review-5.jpg');\">\n    <\/div>\n    <div class=\"photo-item\" style=\"background-image: url('\/wp-content\/uploads\/basqueMTB-23-1.webp')  \">\n    <\/div>\n    <div class=\"photo-item\" style=\"background-image: url('\/wp-content\/uploads\/Pyrenees-Odyssey-12.jpg');\">\n    <\/div>\n    <div class=\"photo-item\" style=\"background-image: url('\/wp-content\/uploads\/high-pyrenees-mountain-bike-tour-2.jpg');\">\n    <\/div>\n    <div class=\"photo-item\" style=\"background-image: url('\/wp-content\/uploads\/basqueMTB-Pyrenees-Odyssey-61.webp')  \">\n    <\/div>\n    <div class=\"photo-item\" style=\"background-image: url('\/wp-content\/uploads\/basqueMTB-Pyrenees-Odyssey-42.webp')  \">\n    <\/div>\n    <div class=\"photo-item\" style=\"background-image: url('\/wp-content\/uploads\/basqueMTB-Pyrenees-Odyssey-51-1.webp')  \">\n    <\/div>\n    <div class=\"photo-item\" style=\"background-image: url('\/wp-content\/uploads\/basqueMTB-Pyrenees-Odyssey-32-1.webp')  \">\n    <\/div>\n\n<\/div>\n\n\n\n<div class=\"spacer\"\/><\/div>\n\n\n\n<div class=\"accordion-container\">\n<div class=\"accordion\">\n    <div class=\"accordion-header\">\n        <span class=\"header-text\">Estaciones<\/span>\n        <span class=\"arrow\">&#8680;<\/span>\n    <\/div>\n    <div class=\"accordion-content\">\n        <h3>\u00bfCu\u00e1les son las mejores estaciones para practicar ciclismo en el Prepirineo?<\/h3>\n<p>Las monta\u00f1as de los Altos Pirineos est\u00e1n en su mejor momento en verano y oto\u00f1o. En verano organizamos nuestros viajes Alto Pirineo y Odisea de los Pirineos. En oto\u00f1o tenemos nuestros Altos Pirineos. La nieve no llega hasta finales de noviembre, as\u00ed que podemos subir tan alto como queramos. Si tienes la suerte de estar aqu\u00ed las dos semanas en que cambian las hojas, el espect\u00e1culo es realmente pirot\u00e9cnico.<\/p>\n    <\/div>\n<\/div>\n<\/div>\n\n\n\n<div class=\"accordion-container\">\n<div class=\"accordion\">\n    <div class=\"accordion-header\">\n        <span class=\"header-text\">Tiempo<\/span>\n        <span class=\"arrow\">&#8680;<\/span>\n    <\/div>\n    <div class=\"accordion-content\">\n    <p>En junio y julio, el tiempo suele ser seco tanto en la vertiente francesa como en la espa\u00f1ola de los Pirineos, aunque en las zonas m\u00e1s bajas y meridionales puede hacer calor. Pueden producirse fuertes tormentas al final de la tarde, pero con un gu\u00eda local podr\u00e1 detectarlas con antelaci\u00f3n.<\/p>\n<p>En agosto hace calor, pero la zona puede estar muy concurrida por turistas espa\u00f1oles y franceses.<\/p>\n<p>De septiembre a octubre el tiempo suele ser estable. El tiempo est\u00e1 dominado por diferentes sistemas en las vertientes francesa y espa\u00f1ola de los Pirineos, por lo que un gu\u00eda local deber\u00eda ser capaz de encontrar el mejor tiempo. En septiembre las temperaturas pueden alcanzar los 30\u00baC durante el d\u00eda. A finales de octubre, el tiempo deber\u00eda oscilar entre los 5\u00baC durante la noche y los 15\u00baC durante el d\u00eda. La nieve no suele aparecer hasta finales de noviembre. <\/p>\n    <\/div>\n<\/div><\/div>\n\n\n\n<div class=\"accordion-container\">\n<div class=\"accordion\">\n    <div class=\"accordion-header\">\n        <span class=\"header-text\">Viajar<\/span>\n        <span class=\"arrow\">&#8680;<\/span>\n    <\/div>\n    <div class=\"accordion-content\">\n        <h3>Barcelona: Tren o Aeropuerto<\/h3>\n<p>Se puede llegar a Barcelona en avi\u00f3n o en tren desde muchos lugares de Europa. Los comentarios de los clientes es que el tren es muy f\u00e1cil y que no hay problemas con las bicicletas en las bolsas en absoluto. Desde Barcelona recogemos en nuestras vacaciones Pyrenees Odyssey, Ainsa Enduro, Backcountry Pyrenees y Tremp vs Ainsa. <\/p>\n<p>Si necesitas llegar a Tremp o Ainsa en transporte p\u00fablico desde Barcelona, es realmente dif\u00edcil. Si te apetece una aventura, puedes coger un autob\u00fas, pero tardar\u00e1s un d\u00eda entero y tendr\u00e1s que ir a Barbastro y desde all\u00ed coger un autob\u00fas local hasta tu destino.<\/p>\n<h3>Aeropuertos de la Costa Vasca: Bilbao, Biarritz y San Sebasti\u00e1n<\/h3>\n<p>Puede volar a la Costa Vasca y trasladarse a los Altos Pirineos. Organizamos traslados desde aqu\u00ed para nuestras vacaciones en los Altos Pirineos y la Costa Vasca. Desde los aeropuertos hay autobuses lanzadera que le llevar\u00e1n al centro de San Sebasti\u00e1n, donde le recogeremos.<\/p><p>Si necesita llegar a los Altos Pirineos en transporte p\u00fablico desde la Costa Vasca es muy dif\u00edcil, ser\u00e1 mejor que alquile un coche.<\/p>\n<h3>En coche: Ferry o directo<\/h3>\n<p>Desde toda Europa es f\u00e1cil conducir y desde el Reino Unido o Irlanda hay ferrys a la Costa Vasca. Para todos nuestros viajes necesitamos encontrarnos en un lugar central para poder dejar all\u00ed las bolsas de la bici, y tambi\u00e9n para que al final del viaje lleguemos de vuelta a tu coche. Lo mejor es ponerse en contacto para hablar de las opciones. <\/p>\n<h3>Estaciones de tren de la Costa Vasca: Biarritz, Hendaya y San Sebasti\u00e1n<\/h3>\n<p>Desde Biarritz o Hendaya, el TGV enlaza con Par\u00eds en poco m\u00e1s de cuatro horas. San Sebasti\u00e1n est\u00e1 muy bien comunicada por tren con toda Espa\u00f1a.<\/p>\n<h3>Otros aeropuertos<\/h3>\n<p>Desde Toulouse, Tarbes, Zaragoza y Madrid tiene vuelos a muchos lugares. Si estas son sus \u00fanicas opciones, podemos organizar un traslado con un coste adicional.<\/p>\n    <\/div>\n<\/div><\/div>\n\n\n\n<div class=\"accordion-container\">\n<div class=\"accordion\">\n    <div class=\"accordion-header\">\n        <span class=\"header-text\">Idiomas<\/span>\n        <span class=\"arrow\">&#8680;<\/span>\n    <\/div>\n    <div class=\"accordion-content\">\n<p>En los Pirineos franceses todo el mundo habla franc\u00e9s, en la parte espa\u00f1ola hablan espa\u00f1ol. Eso es lo obvio. En la Val d'Aran hablan catal\u00e1n y en la regi\u00f3n vasca hablan euskera, o vascuence, aunque en ambas regiones tambi\u00e9n hablan espa\u00f1ol. En la mayor\u00eda de los lugares la gente puede hablar alg\u00fan nivel de ingl\u00e9s.<\/p>\n    <\/div>\n<\/div><\/div>\n\n\n\n<div class=\"accordion-container\">\n<div class=\"accordion\">\n    <div class=\"accordion-header\">\n        <span class=\"header-text\">Lugares para ir en bici<\/span>\n        <span class=\"arrow\">&#8680;<\/span>\n    <\/div>\n    <div class=\"accordion-content\">\n<p>En la regi\u00f3n de los Altos Pirineos hay muchos lugares para montar a caballo. Nos encantan Loudenville y Saint-Lary, en la vertiente francesa de los Pirineos. En la parte espa\u00f1ola de los Pirineos, Bielsa es una ciudad asombrosa con una historia a\u00fan m\u00e1s asombrosa. Tambi\u00e9n est\u00e1n Benasque y Viehla. Visitar\u00e1 todos estos lugares en nuestros circuitos de Altos Pirineos y Odisea de los Pirineos.<\/p>\n    <\/div>\n<\/div><\/div>\n\n\n\n<div class=\"accordion-container\">\n<div class=\"accordion\">\n    <div class=\"accordion-header\">\n        <span class=\"header-text\">Enlaces de v\u00eddeo<\/span>\n        <span class=\"arrow\">&#8680;<\/span>\n    <\/div>\n    <div class=\"accordion-content\">\n<iframe width=\"560\" height=\"315\" src=\"https:\/\/www.youtube.com\/embed\/B63a3jBC7Rc?si=hmo6AgAN3Mymjgl4\" title=\"Reproductor de v\u00eddeo YouTube\" frameborder=\"0\" allow=\"accelerometer; autoplay; clipboard-write; encrypted-media; gyroscope; picture-in-picture; web-share\" referrerpolicy=\"strict-origin-when-cross-origin\" allowfullscreen><\/iframe>\n<iframe width=\"560\" height=\"315\" src=\"https:\/\/www.youtube.com\/embed\/ngtyE0XljjY?si=eMwrCa2tc1u-OsbO\" title=\"Reproductor de v\u00eddeo YouTube\" frameborder=\"0\" allow=\"accelerometer; autoplay; clipboard-write; encrypted-media; gyroscope; picture-in-picture; web-share\" referrerpolicy=\"strict-origin-when-cross-origin\" allowfullscreen><\/iframe>\n<iframe width=\"560\" height=\"315\" src=\"https:\/\/www.youtube.com\/embed\/N7BkchQSYRc?si=b3um_ZymiED_pAAg\" title=\"Reproductor de v\u00eddeo YouTube\" frameborder=\"0\" allow=\"accelerometer; autoplay; clipboard-write; encrypted-media; gyroscope; picture-in-picture; web-share\" referrerpolicy=\"strict-origin-when-cross-origin\" allowfullscreen><\/iframe>\n<iframe width=\"560\" height=\"315\" src=\"https:\/\/www.youtube.com\/embed\/Bd-M4pFZlOc?si=FbUZ35wlqXNWDTja\" title=\"Reproductor de v\u00eddeo YouTube\" frameborder=\"0\" allow=\"accelerometer; autoplay; clipboard-write; encrypted-media; gyroscope; picture-in-picture; web-share\" referrerpolicy=\"strict-origin-when-cross-origin\" allowfullscreen><\/iframe>\n    <\/div>\n<\/div><\/div>\n\n\n\n<p><\/p>","protected":false},"excerpt":{"rendered":"<p>Situated between northern Spain and France, the Pyrenees mountians form a fence-like barrier between the two countries. Extending more than 430km from West to East there are more than 200 peaks in the Pyrenees, with Aneto reaching 3404m. On the French side there are no foothills, however on the Spanish side there are a complicated [&hellip;]<\/p>","protected":false},"author":1,"featured_media":43888,"parent":8900,"menu_order":0,"comment_status":"closed","ping_status":"closed","template":"","meta":{"_monsterinsights_skip_tracking":false,"_monsterinsights_sitenote_active":false,"_monsterinsights_sitenote_note":"","_monsterinsights_sitenote_category":0,"footnotes":""},"categories":[596],"tags":[],"class_list":["post-43959","page","type-page","status-publish","has-post-thumbnail","hentry","category-mountain-bike-holiday"],"featured_image_src":"https:\/\/www.basquemtb.com\/wp-content\/uploads\/basqueMTB-4-of-29-edited-600x400.jpg","featured_image_src_square":"https:\/\/www.basquemtb.com\/wp-content\/uploads\/basqueMTB-4-of-29-edited-600x600.jpg","_links":{"self":[{"href":"https:\/\/www.basquemtb.com\/es\/wp-json\/wp\/v2\/pages\/43959","targetHints":{"allow":["GET"]}}],"collection":[{"href":"https:\/\/www.basquemtb.com\/es\/wp-json\/wp\/v2\/pages"}],"about":[{"href":"https:\/\/www.basquemtb.com\/es\/wp-json\/wp\/v2\/types\/page"}],"author":[{"embeddable":true,"href":"https:\/\/www.basquemtb.com\/es\/wp-json\/wp\/v2\/users\/1"}],"replies":[{"embeddable":true,"href":"https:\/\/www.basquemtb.com\/es\/wp-json\/wp\/v2\/comments?post=43959"}],"version-history":[{"count":0,"href":"https:\/\/www.basquemtb.com\/es\/wp-json\/wp\/v2\/pages\/43959\/revisions"}],"up":[{"embeddable":true,"href":"https:\/\/www.basquemtb.com\/es\/wp-json\/wp\/v2\/pages\/8900"}],"wp:featuredmedia":[{"embeddable":true,"href":"https:\/\/www.basquemtb.com\/es\/wp-json\/wp\/v2\/media\/43888"}],"wp:attachment":[{"href":"https:\/\/www.basquemtb.com\/es\/wp-json\/wp\/v2\/media?parent=43959"}],"wp:term":[{"taxonomy":"category","embeddable":true,"href":"https:\/\/www.basquemtb.com\/es\/wp-json\/wp\/v2\/categories?post=43959"},{"taxonomy":"post_tag","embeddable":true,"href":"https:\/\/www.basquemtb.com\/es\/wp-json\/wp\/v2\/tags?post=43959"}],"curies":[{"name":"wp","href":"https:\/\/api.w.org\/{rel}","templated":true}]}}