{"id":44343,"date":"2024-11-25T17:55:39","date_gmt":"2024-11-25T17:55:39","guid":{"rendered":"https:\/\/www.basquemtb.com\/?page_id=44343"},"modified":"2024-12-07T14:46:09","modified_gmt":"2024-12-07T14:46:09","slug":"the-pre-pyrenees-mountains","status":"publish","type":"page","link":"https:\/\/www.basquemtb.com\/es\/vacaciones-en-bicicleta-de-montana\/los-prepirineos\/","title":{"rendered":"Prepirineos"},"content":{"rendered":"<p>Situados entre el norte de Espa\u00f1a y Francia, los Pirineos forman una barrera en forma de valla entre ambos pa\u00edses. Se formaron por una colisi\u00f3n masiva entre las placas Ib\u00e9rica y Euroasi\u00e1tica. El choque arroj\u00f3 ondas de choque hacia el sur, que levantaron la tierra del mar y nos dejaron una asombrosa red de monta\u00f1as rocosas que ofrecen grandes descensos e incre\u00edbles losas y rocas. En primavera, las cumbres nevadas de los Altos Pirineos se alzan hacia el norte, aumentando el espect\u00e1culo. <\/p>\n\n\n\n<div class=\"spacer\"\/><\/div>\n\n\n\n<figure class=\"wp-block-image size-full\"><img decoding=\"async\" width=\"717\" height=\"403\" src=\"https:\/\/www.basquemtb.com\/wp-content\/uploads\/where-are-the-pyrenees-mountains-map.jpg\" alt=\"\" class=\"wp-image-44317\" title=\"centro de p\u00e1gina\" srcset=\"https:\/\/www.basquemtb.com\/wp-content\/uploads\/where-are-the-pyrenees-mountains-map-300x169.jpg 300w, https:\/\/www.basquemtb.com\/wp-content\/uploads\/where-are-the-pyrenees-mountains-map-150x84.jpg 150w, https:\/\/www.basquemtb.com\/wp-content\/uploads\/where-are-the-pyrenees-mountains-map.jpg 717w\" sizes=\"(max-width: 717px) 100vw, 717px\" \/><\/figure>\n\n\n\n<div class=\"spacer\"\/><\/div>\n\n\n\n<p>El Prepirineo es una joya oculta para el ciclismo de monta\u00f1a, que ofrece una combinaci\u00f3n \u00fanica de terreno accidentado, vistas panor\u00e1micas y senderos incre\u00edbles. Esta zona, que incluye Tremp, Sort, Ainsa, Guara, Castej\u00f3n de Sos y Riglos, por nombrar algunos, ofrece un equilibrio perfecto de desaf\u00edos t\u00e9cnicos y paisajes impresionantes.<\/p>\n\n\n\n<div class=\"spacer\"\/><\/div>\n\n\n\n<div class=\"highlight-box\">\n    <h2>Nuestras vacaciones en bicicleta de monta\u00f1a en el Prepirineo<\/h2>\n    <p class=\"highlight-box-text central-text medium-text\">Aqu\u00ed tiene una selecci\u00f3n de nuestras vacaciones en bicicleta de monta\u00f1a en la regi\u00f3n de los Prepirineos.<\/p>\n    <div class=\"spacer\"><\/div>\n    <div class=\"square-shoutouts-container page-center\">\n        \n        <a href=\"\/es\/vacaciones-en-bicicleta-de-montana\/super-tremp-mountain-bike-tour\/\" class=\"square-shoutout\">\n            <div class=\"top-section\" style=\"background-image: url('https:\/\/www.basquemtb.com\/wp-content\/uploads\/basqueMTB-2-3-edited-1.jpg');\">\n            <\/div>\n            <div class=\"bottom-section\">\n                <h2 class=\"title\">Tremp contra Ainsa<\/h2>\n                <div class=\"square-shoutout-sub-header\">Lo mejor de Tremp y Ainsa<\/div>\n                <div class=\"square-shoutout-text\">En marzo y noviembre elegimos montar en estas dos zonas, donde el tiempo es c\u00e1lido y los senderos son incre\u00edbles. Recorre los incre\u00edbles y fluidos senderos de Tremp y el accidentado enduro de Ainsa, utilizando nuestras lanzaderas para conseguir el m\u00e1ximo de descensos.<\/div>\n            <\/div>\n        <\/a>\n       \n        <a href=\"\/es\/vacaciones-en-bicicleta-de-montana\/vacaciones-en-bicicleta-de-montana-por-los-pirineos\/\" class=\"square-shoutout\">\n            <div class=\"top-section\" style=\"background-image: url('https:\/\/www.basquemtb.com\/wp-content\/uploads\/backcountry-pyrenees-mountain-bike-holiday-5-1-1024x672.jpg');\">\n            <\/div>\n            <div class=\"bottom-section\">\n                <h2 class=\"title\">Pirineos de monta\u00f1a<\/h2>\n                <div class=\"square-shoutout-sub-header\">Aventura prepirenaica<\/div>\n                <div class=\"square-shoutout-text\">Recorrer las impresionantes formaciones rocosas de los Prepirineos es el destino perfecto en primavera. Recorre Tremp, Castej\u00f3n, A\u00ednsa y Guara en una gran aventura en bicicleta de monta\u00f1a con el apoyo de una lanzadera.<\/div>\n            <\/div>\n        <\/a>\n\n        <a href=\"\/es\/vacaciones-en-bicicleta-de-montana\/ainsa-enduro-vacaciones-en-bicicleta-de-montana\/\" class=\"square-shoutout\">\n            <div class=\"top-section\" style=\"background-image: url('https:\/\/www.basquemtb.com\/wp-content\/uploads\/ainsa-enduro-mountain-bike-holiday-7-1024x683.jpg');\">\n            <\/div>\n            <div class=\"bottom-section\">\n                <h2 class=\"title\">Ainsa Enduro<\/h2>\n                <div class=\"square-shoutout-sub-header\">Zona Zero y EWS<\/div>\n                <div class=\"square-shoutout-text\">Los mejores senderos de Enduro en Ainsa (Zona Zero), destino habitual de las EWS. El uso de nuestros ascensores furgoneta ilimitadas para desbloquear algunos de los mejores paseos en los Pirineos con un poco de escalada para llegar a los senderos m\u00e1s \u00e9picas.<\/div>\n            <\/div>\n        <\/a>\n    <\/div>\n<\/div>\n\n\n\n<div class=\"spacer\"\/><\/div>\n\n\n\n<h2 class=\"wp-block-heading\">Echa un vistazo a algunas fotos de las monta\u00f1as prepirenaicas \u2192 <\/h2>\n\n\n\n<div class=\"spacer\"\/><\/div>\n\n\n\n<div class=\"horizontal-scroll-container\">\n    <div class=\"photo-item\" style=\"background-image: url('\/wp-content\/uploads\/backcountry-pyrenees-mountain-bike-holiday-20.webp')  \">\n    <\/div>\n    <div class=\"photo-item\" style=\"background-image: url('\/wp-content\/uploads\/1277046.jpg');\">\n    <\/div>\n    <div class=\"photo-item\" style=\"background-image: url('\/wp-content\/uploads\/backcountry-pyrenees-mountain-bike-holiday-5.webp')  \">\n    <\/div>\n    <div class=\"photo-item\" style=\"background-image: url('\/wp-content\/uploads\/backcountry-pyrenees-mountain-bike-holiday-9.webp')  \">\n    <\/div>\n    <div class=\"photo-item\" style=\"background-image: url('\/wp-content\/uploads\/backcountry-pyrenees-mountain-bike-holiday-25.webp')  \">\n    <\/div>\n    <div class=\"photo-item\" style=\"background-image: url('\/wp-content\/uploads\/backcountry-pyrenees-mountain-bike-holiday-29.webp')  \">\n    <\/div>\n    <div class=\"photo-item\" style=\"background-image: url('\/wp-content\/uploads\/backcountry-pyrenees-mountain-bike-holiday-18.webp')  \">\n    <\/div>\n    <div class=\"photo-item\" style=\"background-image: url('\/wp-content\/uploads\/backcountry-pyrenees-mountain-bike-holiday-4.webp')  \">\n    <\/div>\n    <div class=\"photo-item\" style=\"background-image: url('\/wp-content\/uploads\/backcountry-pyrenees-mountain-bike-holiday-14.webp')  \">\n    <\/div>\n    <div class=\"photo-item\" style=\"background-image: url('\/wp-content\/uploads\/basqueMTB-16-1.jpg');\">\n    <\/div>\n    <div class=\"photo-item\" style=\"background-image: url('\/wp-content\/uploads\/backcountry-pyrenees-mountain-bike-holiday-20.webp');\">\n    <\/div>\n<\/div>\n\n\n\n<div class=\"accordion-container\">\n<div class=\"accordion\">\n    <div class=\"accordion-header\">\n        <span class=\"header-text\">Estaciones<\/span>\n        <span class=\"arrow\">&#8680;<\/span>\n    <\/div>\n    <div class=\"accordion-content\">\n        <h3>\u00bfCu\u00e1les son las mejores estaciones para practicar ciclismo en el Prepirineo?<\/h3>\n<p>Las monta\u00f1as prepirenaicas son mejores en primavera y oto\u00f1o. En verano hace demasiado calor. Creemos que los mejores meses son marzo, abril, mayo y noviembre. Tambi\u00e9n se puede viajar en invierno, pero los d\u00edas son m\u00e1s cortos, lo que limita la cantidad de excursiones que se pueden hacer.<\/p>\n    <\/div>\n<\/div>\n<\/div>\n\n\n\n<div class=\"accordion-container\">\n<div class=\"accordion\">\n    <div class=\"accordion-header\">\n        <span class=\"header-text\">Tiempo<\/span>\n        <span class=\"arrow\">&#8680;<\/span>\n    <\/div>\n    <div class=\"accordion-content\">\n    <p>En primavera, las temperaturas nocturnas pueden caer por debajo de cero, pero suben r\u00e1pidamente a dos d\u00edgitos cuando sale el sol. A menudo empezamos con una chaqueta y terminamos en manga corta. En general, estas zonas son muy secas y s\u00f3lo llueve con los sistemas meteorol\u00f3gicos del sur, que no son t\u00edpicos.<\/p><p>En oto\u00f1o la historia es muy parecida: fr\u00edo durante la noche pero calor durante el d\u00eda. Los d\u00edas son un poco m\u00e1s cortos, pero las temperaturas un poco m\u00e1s c\u00e1lidas.<\/p><p>Junio est\u00e1 al l\u00edmite, pero julio y agosto pueden ser muy, muy calurosos y la conducci\u00f3n no es agradable.<\/p>\n    <\/div>\n<\/div><\/div>\n\n\n\n<div class=\"accordion-container\">\n<div class=\"accordion\">\n    <div class=\"accordion-header\">\n        <span class=\"header-text\">Viajar<\/span>\n        <span class=\"arrow\">&#8680;<\/span>\n    <\/div>\n    <div class=\"accordion-content\">\n        <h3>Barcelona: Tren o Aeropuerto<\/h3>\n<p>Se puede llegar a Barcelona en avi\u00f3n o en tren desde muchos lugares de Europa. Los comentarios de los clientes es que el tren es muy f\u00e1cil y que no hay problemas con las bicicletas en las bolsas en absoluto. Desde Barcelona recogemos en nuestras vacaciones Pyrenees Odyssey, Ainsa Enduro, Backcountry Pyrenees y Tremp vs Ainsa. <\/p>\n<p>Si necesitas llegar a Tremp o Ainsa en transporte p\u00fablico desde Barcelona, es realmente dif\u00edcil. Si te apetece una aventura, puedes coger un autob\u00fas, pero tardar\u00e1s un d\u00eda entero y tendr\u00e1s que ir a Barbastro y desde all\u00ed coger un autob\u00fas local hasta tu destino.<\/p>\n<h3>Aeropuertos de la Costa Vasca: Bilbao, Biarritz y San Sebasti\u00e1n<\/h3>\n<p>Puede volar a la Costa Vasca y trasladarse a los Altos Pirineos. Organizamos traslados desde aqu\u00ed para nuestras vacaciones en los Altos Pirineos y la Costa Vasca. Desde los aeropuertos hay autobuses lanzadera que le llevar\u00e1n al centro de San Sebasti\u00e1n, donde le recogeremos.<\/p><p>Si necesita llegar a los Altos Pirineos en transporte p\u00fablico desde la Costa Vasca es muy dif\u00edcil, ser\u00e1 mejor que alquile un coche.<\/p>\n<h3>En coche: Ferry o directo<\/h3>\n<p>Desde toda Europa es f\u00e1cil conducir y desde el Reino Unido o Irlanda hay ferrys a la Costa Vasca. Para todos nuestros viajes necesitamos encontrarnos en un lugar central para poder dejar all\u00ed las bolsas de la bici, y tambi\u00e9n para que al final del viaje lleguemos de vuelta a tu coche. Lo mejor es ponerse en contacto para hablar de las opciones. <\/p>\n<h3>Estaciones de tren de la Costa Vasca: Biarritz, Hendaya y San Sebasti\u00e1n<\/h3>\n<p>Desde Biarritz o Hendaya, el TGV enlaza con Par\u00eds en poco m\u00e1s de cuatro horas. San Sebasti\u00e1n est\u00e1 muy bien comunicada por tren con toda Espa\u00f1a.<\/p>\n<h3>Otros aeropuertos<\/h3>\n<p>Desde Toulouse, Tarbes, Zaragoza y Madrid tiene vuelos a muchos lugares. Si estas son sus \u00fanicas opciones, podemos organizar un traslado con un coste adicional.<\/p>\n    <\/div>\n<\/div><\/div>\n\n\n\n<div class=\"accordion-container\">\n<div class=\"accordion\">\n    <div class=\"accordion-header\">\n        <span class=\"header-text\">Lugares para ir en bici<\/span>\n        <span class=\"arrow\">&#8680;<\/span>\n    <\/div>\n    <div class=\"accordion-content\">\n<p>La zona m\u00e1s famosa es <strong>Ainsa<\/strong>o Zona Zero, que se ha ido forjando una reputaci\u00f3n m\u00e1s o menos al mismo tiempo que basqueMTB. <strong>Tremp<\/strong> tambi\u00e9n se est\u00e1 dando a conocer r\u00e1pidamente, y con raz\u00f3n... \u00a1es incre\u00edble! Nuestra zona favorita es <strong>Guara<\/strong>donde los senderos son incre\u00edbles, pero son pocos los ciclistas que se aventuran por all\u00ed. <\/p>\n    <\/div>\n<\/div><\/div>\n\n\n\n<div class=\"accordion-container\">\n<div class=\"accordion\">\n    <div class=\"accordion-header\">\n        <span class=\"header-text\">Enlaces de v\u00eddeo<\/span>\n        <span class=\"arrow\">&#8680;<\/span>\n    <\/div>\n    <div class=\"accordion-content\">\n<iframe width=\"560\" height=\"315\" src=\"https:\/\/www.youtube.com\/embed\/5L_f8zAHeF4?si=tE_UR5lfNluTOTdr\" title=\"Reproductor de v\u00eddeo YouTube\" frameborder=\"0\" allow=\"accelerometer; autoplay; clipboard-write; encrypted-media; gyroscope; picture-in-picture; web-share\" referrerpolicy=\"strict-origin-when-cross-origin\" allowfullscreen><\/iframe>\n<iframe width=\"560\" height=\"309\" src=\"https:\/\/www.youtube.com\/embed\/rtbXVYVxeIc\" title=\"PYREN\u00c4EN Tremp: \u00a1mega Flow &amp; Rockslabs wie in Kanada! \/ BasqueMTB Trip \/ Mountainbike Enduro Spanien\" frameborder=\"0\" allow=\"accelerometer; autoplay; clipboard-write; encrypted-media; gyroscope; picture-in-picture; web-share\" referrerpolicy=\"strict-origin-when-cross-origin\" allowfullscreen><\/iframe>\n<iframe width=\"560\" height=\"309\" src=\"https:\/\/www.youtube.com\/embed\/74HTdvOo1dY\" title=\"Un comienzo desastroso de mis vacaciones en Tremp\" frameborder=\"0\" allow=\"accelerometer; autoplay; clipboard-write; encrypted-media; gyroscope; picture-in-picture; web-share\" referrerpolicy=\"strict-origin-when-cross-origin\" allowfullscreen><\/iframe>\n<iframe width=\"560\" height=\"309\" src=\"https:\/\/www.youtube.com\/embed\/ADLeLfUhGjE\" title=\"En busca de mi mojo perdido - de A\u00ednsa a Nocito\" frameborder=\"0\" allow=\"accelerometer; autoplay; clipboard-write; encrypted-media; gyroscope; picture-in-picture; web-share\" referrerpolicy=\"strict-origin-when-cross-origin\" allowfullscreen><\/iframe>\n    <\/div>\n<\/div><\/div>","protected":false},"excerpt":{"rendered":"<p>Situated between northern Spain and France, the Pyrenees mountains form a fence-like barrier between the two countries. They were formed by a massive collision between the Iberian and the Eurasian&nbsp;plates. The crash threw up shockwaves to the south, which threw the land up out of the sea and left us with an amazing network of [&hellip;]<\/p>","protected":false},"author":1,"featured_media":44355,"parent":8900,"menu_order":0,"comment_status":"closed","ping_status":"closed","template":"","meta":{"_monsterinsights_skip_tracking":false,"_monsterinsights_sitenote_active":false,"_monsterinsights_sitenote_note":"","_monsterinsights_sitenote_category":0,"footnotes":""},"categories":[596],"tags":[],"class_list":["post-44343","page","type-page","status-publish","has-post-thumbnail","hentry","category-mountain-bike-holiday"],"featured_image_src":"https:\/\/www.basquemtb.com\/wp-content\/uploads\/Backcoutry-Pre-Pyrenees-Mountain-Bike-Holidays-1-600x400.jpg","featured_image_src_square":"https:\/\/www.basquemtb.com\/wp-content\/uploads\/Backcoutry-Pre-Pyrenees-Mountain-Bike-Holidays-1-600x600.jpg","_links":{"self":[{"href":"https:\/\/www.basquemtb.com\/es\/wp-json\/wp\/v2\/pages\/44343","targetHints":{"allow":["GET"]}}],"collection":[{"href":"https:\/\/www.basquemtb.com\/es\/wp-json\/wp\/v2\/pages"}],"about":[{"href":"https:\/\/www.basquemtb.com\/es\/wp-json\/wp\/v2\/types\/page"}],"author":[{"embeddable":true,"href":"https:\/\/www.basquemtb.com\/es\/wp-json\/wp\/v2\/users\/1"}],"replies":[{"embeddable":true,"href":"https:\/\/www.basquemtb.com\/es\/wp-json\/wp\/v2\/comments?post=44343"}],"version-history":[{"count":0,"href":"https:\/\/www.basquemtb.com\/es\/wp-json\/wp\/v2\/pages\/44343\/revisions"}],"up":[{"embeddable":true,"href":"https:\/\/www.basquemtb.com\/es\/wp-json\/wp\/v2\/pages\/8900"}],"wp:featuredmedia":[{"embeddable":true,"href":"https:\/\/www.basquemtb.com\/es\/wp-json\/wp\/v2\/media\/44355"}],"wp:attachment":[{"href":"https:\/\/www.basquemtb.com\/es\/wp-json\/wp\/v2\/media?parent=44343"}],"wp:term":[{"taxonomy":"category","embeddable":true,"href":"https:\/\/www.basquemtb.com\/es\/wp-json\/wp\/v2\/categories?post=44343"},{"taxonomy":"post_tag","embeddable":true,"href":"https:\/\/www.basquemtb.com\/es\/wp-json\/wp\/v2\/tags?post=44343"}],"curies":[{"name":"wp","href":"https:\/\/api.w.org\/{rel}","templated":true}]}}