{"id":50,"date":"2009-04-11T22:57:41","date_gmt":"2009-04-11T22:57:41","guid":{"rendered":"http:\/\/basquemtb.com\/?page_id=50"},"modified":"2024-12-07T16:55:38","modified_gmt":"2024-12-07T16:55:38","slug":"get-in-touch","status":"publish","type":"page","link":"https:\/\/www.basquemtb.com\/es\/que-incluye\/ponerse-en-contacto\/","title":{"rendered":"Ponte en contacto"},"content":{"rendered":"<div class=\"text-box gb-block-container\">\n<p>Respondemos a todos los correos electr\u00f3nicos que recibimos. Normalmente intentamos responder en 24 horas, pero en \u00e9pocas de mucho trabajo solemos estar de viaje y a veces en lugares sin cobertura. Si no recibe respuesta en uno o dos d\u00edas, es muy probable que algo haya fallado en nuestro correo. P\u00f3ngase en contacto con nosotros a trav\u00e9s de la direcci\u00f3n de correo electr\u00f3nico doug@basquemtb.com o del n\u00famero de tel\u00e9fono que aparece a continuaci\u00f3n.<\/p>\n<div class=\"spacer\"><\/div>\n<div class=\"seperator\"><\/div>\n<div class=\"spacer\"><\/div>\n<h2 class=\"wp-block-heading\">\u00bfC\u00f3mo ponerse en contacto con nosotros?<\/h2>\n<p>A menudo estamos de gu\u00eda y las cosas pueden ponerse un poco ajetreadas durante la temporada alta de vacaciones. Aqu\u00ed tienes las mejores formas de ponerte en contacto con nosotros.<\/p>\n<ul class=\"text-box-left\">\n<li><strong>Correo electr\u00f3nico.<\/strong> Siempre respondemos a nuestros correos electr\u00f3nicos. <strong>Esta es la mejor manera de ponerse en contacto<\/strong> y la \u00fanica forma de reservar unas vacaciones. Si no respondemos a su correo electr\u00f3nico, env\u00ede otro directamente a doug@basqueMTB.com. La raz\u00f3n m\u00e1s com\u00fan para no responder es que se ha introducido una direcci\u00f3n de correo electr\u00f3nico de respuesta incorrecta en el formulario de contacto.<\/li>\n<\/br>\n<li><strong>Tel\u00e9fono.<\/strong> Si desea charlar por tel\u00e9fono, h\u00e1ganoslo saber por correo electr\u00f3nico y podremos concertar una cita. Nos encanta hablar de nuestros viajes, pero cuando estamos fuera no podemos atender el tel\u00e9fono. \n<\/li>\n<\/br>\n<li><strong>Mensajes de Whatsapp \/ redes sociales.<\/strong> Est\u00e1n muy bien para preguntas r\u00e1pidas, pero a menudo recibimos muchos mensajes y es posible que no respondamos. No es que no queramos hablar, es que es dif\u00edcil hacer un seguimiento de este tipo de mensajes. En pocas palabras, <strong>si es importante, env\u00ede un correo electr\u00f3nico, por favor.<\/strong> <\/li>\n<\/ul>\n<p>Estamos deseando hablar con usted.<\/p>\n<div class=\"spacer\"><\/div>\n<div class=\"seperator\"><\/div>\n<div class=\"spacer\"><\/div>\n<\/div>","protected":false},"excerpt":{"rendered":"<p>We answer every email we receive. Typically we aim to reply within 24 hours, however during busy times we are often out guiding and sometimes out in places where there is no phone signal. If you don&#8217;t get a reply within a day or two then it is very likely that something has gone wrong [&hellip;]<\/p>","protected":false},"author":1,"featured_media":18760,"parent":2470,"menu_order":7,"comment_status":"open","ping_status":"closed","template":"","meta":{"_monsterinsights_skip_tracking":false,"_monsterinsights_sitenote_active":false,"_monsterinsights_sitenote_note":"","_monsterinsights_sitenote_category":0,"footnotes":""},"categories":[620],"tags":[],"class_list":["post-50","page","type-page","status-publish","has-post-thumbnail","hentry","category-basquemtb"],"featured_image_src":"https:\/\/www.basquemtb.com\/wp-content\/uploads\/Plastic-Adventure-Basque-Coast-Mountain-Bike-Tour-28-600x400.jpg","featured_image_src_square":"https:\/\/www.basquemtb.com\/wp-content\/uploads\/Plastic-Adventure-Basque-Coast-Mountain-Bike-Tour-28-600x600.jpg","_links":{"self":[{"href":"https:\/\/www.basquemtb.com\/es\/wp-json\/wp\/v2\/pages\/50","targetHints":{"allow":["GET"]}}],"collection":[{"href":"https:\/\/www.basquemtb.com\/es\/wp-json\/wp\/v2\/pages"}],"about":[{"href":"https:\/\/www.basquemtb.com\/es\/wp-json\/wp\/v2\/types\/page"}],"author":[{"embeddable":true,"href":"https:\/\/www.basquemtb.com\/es\/wp-json\/wp\/v2\/users\/1"}],"replies":[{"embeddable":true,"href":"https:\/\/www.basquemtb.com\/es\/wp-json\/wp\/v2\/comments?post=50"}],"version-history":[{"count":0,"href":"https:\/\/www.basquemtb.com\/es\/wp-json\/wp\/v2\/pages\/50\/revisions"}],"up":[{"embeddable":true,"href":"https:\/\/www.basquemtb.com\/es\/wp-json\/wp\/v2\/pages\/2470"}],"wp:featuredmedia":[{"embeddable":true,"href":"https:\/\/www.basquemtb.com\/es\/wp-json\/wp\/v2\/media\/18760"}],"wp:attachment":[{"href":"https:\/\/www.basquemtb.com\/es\/wp-json\/wp\/v2\/media?parent=50"}],"wp:term":[{"taxonomy":"category","embeddable":true,"href":"https:\/\/www.basquemtb.com\/es\/wp-json\/wp\/v2\/categories?post=50"},{"taxonomy":"post_tag","embeddable":true,"href":"https:\/\/www.basquemtb.com\/es\/wp-json\/wp\/v2\/tags?post=50"}],"curies":[{"name":"wp","href":"https:\/\/api.w.org\/{rel}","templated":true}]}}