{"id":7806,"date":"2014-03-07T09:03:39","date_gmt":"2014-03-07T09:03:39","guid":{"rendered":"http:\/\/localhost\/basquemtb\/?page_id=7806"},"modified":"2025-05-04T19:23:21","modified_gmt":"2025-05-04T19:23:21","slug":"mountain-bike-hire","status":"publish","type":"page","link":"https:\/\/www.basquemtb.com\/es\/que-incluye\/alquiler-de-bicicletas-de-montana\/","title":{"rendered":"Alquiler de bicicletas de monta\u00f1a"},"content":{"rendered":"<h2 class=\"wp-block-heading\">Alquiler de bicicletas de monta\u00f1a con suspensi\u00f3n total: 85 euros al d\u00eda o 425 euros a la semana.<\/h2>\n\n\n\n<p>Este a\u00f1o estamos encantados de poder ofrecer las fant\u00e1sticas bicicletas de monta\u00f1a Orbea Occam en alquiler a nuestros <a class=\"rank-math-link\" href=\"https:\/\/www.basquemtb.com\/es\/\">vacaciones en bicicleta de monta\u00f1a<\/a> invitados. Como siempre, estas bicicletas son de nuestra propiedad y se revisan y mantienen cada semana, lo que significa que est\u00e1n bien cuidadas y deber\u00edan estar siempre en las mejores condiciones.<\/p>\n\n\n\n<div class=\"spacer\"><\/div>\n\n\n\n<p>Cabe se\u00f1alar que <strong>no ofrecemos alquiler de bicicletas de monta\u00f1a a menos que participe en un viaje con nosotros<\/strong>. \u00bfPor qu\u00e9? La raz\u00f3n es simple: no obtenemos beneficios de las bicicletas de alquiler, son para ofrecer a nuestros hu\u00e9spedes de vacaciones. <\/p>\n\n\n\n<div class=\"spacer\"><\/div>\n\n\n\n<p>Compramos nuestras propias motos tras varias experiencias insatisfactorias alquilando motos de gama baja y mal mantenidas, y s\u00f3lo ofrecemos este servicio a personas que <a href=\"https:\/\/www.basquemtb.com\/es\/vacaciones-en-bicicleta-de-montana\/\">reserve una de nuestras vacaciones en bicicleta de monta\u00f1a<\/a>. Sentimos no poder alquilarle una bicicleta sin gu\u00eda incluido, pero as\u00ed es como hemos elegido operar y queremos mantener el mejor trato posible para nuestros hu\u00e9spedes y asegurarnos de que nuestras bicicletas est\u00e1n en las mejores condiciones posibles.<\/p>\n\n\n\n<div class=\"spacer\"><\/div>\n\n\n\n<p>Los detalles completos de las bicicletas de alquiler Orbea Occam son:<\/p>\n\n\n<div class=\"wp-block-image photo-fullwidth\">\n<figure class=\"aligncenter size-large\"><img decoding=\"async\" width=\"1024\" height=\"640\" src=\"https:\/\/www.basquemtb.com\/wp-content\/uploads\/R257TTCC-P3-SIDE-OCCAM_LT_H20_over-edited-1024x640.jpg\" alt=\"orbea occam LT\" class=\"wp-image-44114\" srcset=\"https:\/\/www.basquemtb.com\/wp-content\/uploads\/R257TTCC-P3-SIDE-OCCAM_LT_H20_over-edited-1024x640.jpg 1024w, https:\/\/www.basquemtb.com\/wp-content\/uploads\/R257TTCC-P3-SIDE-OCCAM_LT_H20_over-edited-300x188.jpg 300w, https:\/\/www.basquemtb.com\/wp-content\/uploads\/R257TTCC-P3-SIDE-OCCAM_LT_H20_over-edited-150x94.jpg 150w, https:\/\/www.basquemtb.com\/wp-content\/uploads\/R257TTCC-P3-SIDE-OCCAM_LT_H20_over-edited-1536x960.jpg 1536w, https:\/\/www.basquemtb.com\/wp-content\/uploads\/R257TTCC-P3-SIDE-OCCAM_LT_H20_over-edited.jpg 1739w\" sizes=\"(max-width: 1024px) 100vw, 1024px\" \/><\/figure><\/div>\n\n\n<div class=\"spacer\"><\/div>\n\n\n\n<h2 class=\"wp-block-heading\">Orbea Occam | Custom Build<\/h2>\n\n\n\n<ul class=\"wp-block-list text-fullscreen-list\">\n<li>Orbea Occam LT H10 | Aluminio | Azul<\/li>\n\n\n\n<li>Ruedas de 29\u2033, recorrido de 150\/160 mm y \u00e1ngulo de direcci\u00f3n de 64,5\u00ba.<\/li>\n\n\n\n<li>Tendremos 1 peque\u00f1o, 2 medianos, 2 grandes y 2 extra grandes para alquilar<\/li>\n\n\n\n<li>Amortiguador: FOX FLOAT X PERFORMANCE 2<\/li>\n\n\n\n<li>Horquilla: FOX 36 FLOAT PERFORMANCE 160 GRIP<\/li>\n\n\n\n<li>Frenos: Shimano XT M8120<\/li>\n\n\n\n<li>Poste Dropper: OC Dropper 150 - 200mm dependiendo del tama\u00f1o de la bici<\/li>\n\n\n\n<li>Pedales: SPD o Flats, s\u00f3lo h\u00e1ganoslo saber.<\/li>\n<\/ul>\n\n\n\n<div class=\"spacer\"><\/div>","protected":false},"excerpt":{"rendered":"<p>Alquiler de bicicletas de monta\u00f1a para nuestras vacaciones en bicicleta de monta\u00f1a en Espa\u00f1a<\/p>","protected":false},"author":1,"featured_media":27828,"parent":2470,"menu_order":0,"comment_status":"open","ping_status":"closed","template":"","meta":{"_monsterinsights_skip_tracking":false,"_monsterinsights_sitenote_active":false,"_monsterinsights_sitenote_note":"","_monsterinsights_sitenote_category":0,"footnotes":""},"categories":[620],"tags":[],"class_list":["post-7806","page","type-page","status-publish","has-post-thumbnail","hentry","category-basquemtb"],"featured_image_src":"https:\/\/www.basquemtb.com\/wp-content\/uploads\/mountain-bike-holiday-basquemtb-got-600x400.jpg","featured_image_src_square":"https:\/\/www.basquemtb.com\/wp-content\/uploads\/mountain-bike-holiday-basquemtb-got-600x600.jpg","_links":{"self":[{"href":"https:\/\/www.basquemtb.com\/es\/wp-json\/wp\/v2\/pages\/7806","targetHints":{"allow":["GET"]}}],"collection":[{"href":"https:\/\/www.basquemtb.com\/es\/wp-json\/wp\/v2\/pages"}],"about":[{"href":"https:\/\/www.basquemtb.com\/es\/wp-json\/wp\/v2\/types\/page"}],"author":[{"embeddable":true,"href":"https:\/\/www.basquemtb.com\/es\/wp-json\/wp\/v2\/users\/1"}],"replies":[{"embeddable":true,"href":"https:\/\/www.basquemtb.com\/es\/wp-json\/wp\/v2\/comments?post=7806"}],"version-history":[{"count":0,"href":"https:\/\/www.basquemtb.com\/es\/wp-json\/wp\/v2\/pages\/7806\/revisions"}],"up":[{"embeddable":true,"href":"https:\/\/www.basquemtb.com\/es\/wp-json\/wp\/v2\/pages\/2470"}],"wp:featuredmedia":[{"embeddable":true,"href":"https:\/\/www.basquemtb.com\/es\/wp-json\/wp\/v2\/media\/27828"}],"wp:attachment":[{"href":"https:\/\/www.basquemtb.com\/es\/wp-json\/wp\/v2\/media?parent=7806"}],"wp:term":[{"taxonomy":"category","embeddable":true,"href":"https:\/\/www.basquemtb.com\/es\/wp-json\/wp\/v2\/categories?post=7806"},{"taxonomy":"post_tag","embeddable":true,"href":"https:\/\/www.basquemtb.com\/es\/wp-json\/wp\/v2\/tags?post=7806"}],"curies":[{"name":"wp","href":"https:\/\/api.w.org\/{rel}","templated":true}]}}