{"id":8900,"date":"2015-03-26T11:25:26","date_gmt":"2015-03-26T11:25:26","guid":{"rendered":"http:\/\/localhost\/basquemtb\/?page_id=8900"},"modified":"2024-12-07T14:57:21","modified_gmt":"2024-12-07T14:57:21","slug":"mountain-bike-holidays","status":"publish","type":"page","link":"https:\/\/www.basquemtb.com\/es\/vacaciones-en-bicicleta-de-montana\/","title":{"rendered":"Vacaciones en bicicleta de monta\u00f1a"},"content":{"rendered":"<h2 class=\"wp-block-heading has-large-font-size\">Elija sus vacaciones de ensue\u00f1o en bicicleta de monta\u00f1a por los Pirineos<\/h2>\n\n\n\n<p class=\"text-box\">Los Pirineos ofrecen una experiencia inolvidable en BTT, con senderos perfectos para los ciclistas de monta\u00f1a m\u00e1s entusiastas. Tanto si buscas recorridos costeros con vistas al oc\u00e9ano, desaf\u00edos alpinos en terreno de gran altitud o rutas ba\u00f1adas por el sol a trav\u00e9s de valles escarpados, nuestras vacaciones guiadas en BTT te ofrecen la aventura de tu vida en algunos de los paisajes m\u00e1s impresionantes de Europa. <\/p>\n\n\n\n<div class=\"spacer\"\/><\/div>\n\n\n\n<div class=\"highlight-box large-text\">\n<h3>Vacaciones en BTT: Explorar por regiones<\/h3>\n<p class=\"text-box\">Las tres regiones pirenaicas ofrecen <span class=\"accent-color\">experiencias \u00fanicas en BTT<\/span>. Tanto si prefiere los senderos escarpados y arcillosos de la costa, como las enormes vistas y las alturas alpinas de los Altos Pirineos o los asombrosos senderos rocosos del Prepirineo, hay un sendero para usted.<\/p>\n<\/div>\n\n\n\n<div class=\"spacer\"\/><\/div>\n\n\n\n<div class=\"square-shoutouts-container page-center\">\n    <a href=\"\/es\/vacaciones-en-bicicleta-de-montana\/vacaciones-en-bicicleta-de-montana-en-los-altos-pirineos\/\" class=\"square-shoutout\"> \n        <div class=\"top-section with-overlay\" style=\"background-image: url('\/wp-content\/uploads\/Plastic-Adventure-Basque-Coast-Mountain-Bike-Tour-20-edited.webp')  \">\n            <h2 class=\"title\">Vacaciones en BTT en la Costa Vasca<\/h2>\n        <\/div>\n        <div class=\"bottom-section\">\n            <div class=\"square-shoutout-text\">Donde los Pirineos se encuentran con el Atl\u00e1ntico. La Costa Vasca es verde, margosa y escarpada. <\/div>\n        <\/div>\n<\/a>\n\n <a href=\"\/es\/vacaciones-en-bicicleta-de-montana\/la-alta-montana-pirenaica\/\" class=\"square-shoutout\">\n        <div class=\"top-section with-overlay\" style=\"background-image: url('\/wp-content\/uploads\/ultimate-pyrenees-mountain-bike-holiday-34-edited.webp')  \">\n            <h2 class=\"title\">Vacaciones en BTT en los Altos Pirineos<\/h2>\n        <\/div>\n        <div class=\"bottom-section\">\n            <div class=\"square-shoutout-text\">Las monta\u00f1as m\u00e1s altas de los Pirineos ofrecen un ciclismo alpino y unos senderos incre\u00edbles. Tanto en la vertiente espa\u00f1ola como en la francesa.<\/div>\n        <\/div>\n<\/a>\n\n <a href=\"\/es\/vacaciones-en-bicicleta-de-montana\/los-prepirineos\/\" class=\"square-shoutout\">\n        <div class=\"top-section with-overlay\" style=\"background-image: url('\/wp-content\/uploads\/basqueMTB-4-of-29-edited.webp')  \">\n            <h2 class=\"title\">Vacaciones BTT Pirineos Sur<\/h2>\n        <\/div>\n        <div class=\"bottom-section\">\n            <div class=\"square-shoutout-text\">Justo al sur de los Pirineos, el Prepirineo ofrece incre\u00edbles senderos rocosos con un toque rural. <\/div>\n        <\/div>\n<\/div><\/a>\n\n\n\n<div class=\"spacer\"\/><\/div>\n\n\n\n<p class=\"text-box has-medium-font-size\">Alternativamente, si sus fechas son restringidas, puede que prefiera ver nuestro calendario de vacaciones en bicicleta de monta\u00f1a y ver qu\u00e9 viaje tenemos previsto realizar en una semana determinada. <\/p>\n\n\n\n<a href=\"\/es\/calendario-de-reservas-de-vacaciones\/\" class=\"outline-cta-button\">Calendario festivo<\/a>\n\n\n\n<div class=\"spacer\"\/><\/div>\n\n\n\n<div class=\"spacer\"\/><\/div>\n\n\n\n<div class=\"whighlight-box\">\n<h2 id=\"eBike-Tours\">\u00bfY qu\u00e9 pasa con <span class=\"h2 accent-color\">Bicicletas el\u00e9ctricas<\/span> \u00bfEn los Pirineos?<\/h2>\n<p class=\"text-box large-text has-medium-font-size\">Todos nuestros viajes son aptos para MTB`s. Si todo el mundo en el grupo es el\u00e9ctrico podemos adaptar los senderos, si no montamos los mismos senderos. <\/p>\n<\/div>\n\n\n\n<div class=\"spacer\"\/><\/div>\n\n\n\n<div class=\"spacer\"\/><\/div>\n\n\n\n<div class=\"highlight-box text-large\">\n<h2 id=\"Single-Center\">Unas vacaciones en un solo centro ofrecen m\u00e1s posibilidades de <span class=\"h2 accent-color\">relajante<\/span> por las tardes. <\/h2>\n<\/div>\n\n\n\n<div class=\"spacer\"\/><\/div>\n\n\n\n<div class=\"spacer\"\/><\/div>\n\n\n\n<div class=\"square-shoutouts-container page-center\">\n    <a href=\"\/es\/vacaciones-en-bicicleta-de-montana\/vacaciones-en-bicicleta-de-montana-en-espana\/\" class=\"square-shoutout\">\n        <div class=\"top-section with-overlay\" style=\"background-image: url('https:\/\/www.basquemtb.com\/wp-content\/uploads\/basque-coast-mountain-bike-holiday-spain.jpg');\">\n            <h2 class=\"title\">Costa Vasca<\/h2>\n              <h3 class=\"square-shoutout-sub-header\">Centro \u00fanico<\/h3>\n              <div class=\"square-shoutout-sub-header\">El para\u00edso del enduro costero<\/div>\n        <\/div>\n<\/a> \n\n <a href=\"\/es\/vacaciones-en-bicicleta-de-montana\/super-tremp-mountain-bike-tour\/\" class=\"square-shoutout\">\n        <div class=\"top-section with-overlay\" style=\"background-image: url('https:\/\/www.basquemtb.com\/wp-content\/uploads\/basqueMTB-2-3-edited-1.jpg');\">\n            <h2 class=\"title\">Tremp contra Ainsa<\/h2>\n             <h3 class=\"square-shoutout-sub-header\">Un solo centro.<\/h3>\n             <div class=\"square-shoutout-sub-header\">Lo mejor de Tremp y Ainsa<\/div>\n        <\/div>\n<\/a>\n <a href=\"\/es\/vacaciones-en-bicicleta-de-montana\/ainsa-enduro-vacaciones-en-bicicleta-de-montana\/\" class=\"square-shoutout\">\n        <div class=\"top-section with-overlay\" style=\"background-image: url('https:\/\/www.basquemtb.com\/wp-content\/uploads\/ainsa-enduro-mountain-bike-holiday-7-1024x683.jpg');\">\n            <h2 class=\"title\">Ainsa Enduro<\/h2>\n            <h3 class=\"square-shoutout-sub-header\">Un solo centro.<\/h3>\n            <div class=\"square-shoutout-sub-header\">Zona Zero y el EWS<\/div>\n        <\/div>\n<\/a><\/div>\n\n\n\n<div class=\"spacer\"\/><\/div>\n\n\n\n<div class=\"spacer\"\/><\/div>\n\n\n\n<div class=\"spacer\"\/><\/div>\n\n\n\n<div class=\"spacer\"\/><\/div>\n\n\n\n<div class=\"highlight-box text-large\">\n<h2 id=\"Multi-Center\">Unas vacaciones en varios centros ofrecen m\u00e1s <span class=\"h2 accent-color\">aventura<\/span> mientras exploramos distintas \u00e1reas. <\/h2>\n<\/div>\n\n\n\n<div class=\"spacer\"\/><\/div>\n\n\n\n<div class=\"spacer\"\/><\/div>\n\n\n\n<div class=\"spacer\"\/><\/div>\n\n\n\n<div class=\"spacer\"\/><\/div>\n\n\n\n<div class=\"square-shoutouts-container page-center\">\n    <a href=\"\/es\/vacaciones-en-bicicleta-de-montana\/vacaciones-en-bicicleta-de-montana-en-los-altos-pirineos\/\" class=\"square-shoutout\"> \n        <div class=\"top-section with-overlay\" style=\"background-image: url('https:\/\/www.basquemtb.com\/wp-content\/uploads\/High-Pyrenees-Mountain-Bike-Adventure-small.jpg');\">\n            <h2 class=\"title\">Altos Pirineos<\/h2>\n            <h3 class=\"square-shoutout-sub-header\">Multicentro<\/h3>\n            <div class=\"square-shoutout-sub-header\">Enduro de Gran Monta\u00f1a<\/div>\n        <\/div>\n<\/a>\n\n <a href=\"\/es\/vacaciones-en-bicicleta-de-montana\/vacaciones-en-bicicleta-de-montana-por-los-pirineos\/\" class=\"square-shoutout\">\n        <div class=\"top-section with-overlay\" style=\"background-image: url('https:\/\/www.basquemtb.com\/wp-content\/uploads\/backcountry-pyrenees-mountain-bike-holiday-5-1-1024x672.jpg');\">\n            <h2 class=\"title\">Pirineos de monta\u00f1a<\/h2>\n            <h3 class=\"square-shoutout-sub-header\">Multicentro<\/h3>\n            <div class=\"square-shoutout-sub-header\">Aventura prepirenaica<\/div>\n        <\/div>\n<\/a>\n\n <a href=\"\/es\/vacaciones-en-bicicleta-de-montana\/odisea-pirineos-mtb\/\" class=\"square-shoutout\">\n        <div class=\"top-section with-overlay\" style=\"background-image: url('https:\/\/www.basquemtb.com\/wp-content\/uploads\/basqueMTB-Pyrenees-Odyssey-51-1-1024x768.jpg');\">\n            <h2 class=\"title\">Odisea de los Pirineos<\/h2>\n            <h3 class=\"square-shoutout-sub-header\">Multicentro<\/h3>\n            <div class=\"square-shoutout-sub-header\">M\u00e1s alto, m\u00e1s profundo, m\u00e1s salvaje<\/div>\n        <\/div>\n<\/div><\/a>\n\n\n\n<div class=\"spacer\"\/><\/div>\n\n\n\n<div class=\"spacer\"\/><\/div>\n\n\n\n<div class=\"spacer\"\/><\/div>\n\n\n\n<div class=\"spacer\"\/><\/div>\n\n\n\n<div class=\"highlight-box\">\n<h2 id=\"CustomTrips\"><span class=\"h2 accent-color\">Privado<\/span> Grupos, <span class=\"h2 accent-color\">A medida<\/span> Viajes, <span class=\"h2 accent-color\">Especial<\/span> Visitas<\/h2>\n<p class=\"text-box large-text has-medium-font-size\"><span class=\"accent-color\">Camping<\/span> en lo alto de los Pirineos, con campamentos totalmente abastecidos y un equipo de <span class=\"accent-color\">\u00bfMulas?<\/span> \u00bfUn viaje a medida para su grupo? \u00bfFechas que no figuran en el calendario? P\u00f3ngase en contacto con nosotros.<\/p>\n<div class=\"square-shoutouts-container page-center\">\n <a href=\"\/es\/vacaciones-en-bicicleta-de-montana\/tour-de-aneto-aventura-en-bicicleta-de-montana\/\">\n    <div class=\"square-shoutout\">\n        <div class=\"top-section with-overlay\" style=\"background-image: url('\/wp-content\/uploads\/tour-of-aneto-mountain-bike-adventure-22.webp')  \">\n            <h2 class=\"title\">Vuelta al Aneto<\/h2>\n        <\/div>\n        <div class=\"bottom-section\">\n            <div class=\"square-shoutout-sub-header\">Camping, equitaci\u00f3n y mulas<\/div>\n            <div class=\"square-shoutout-text\">Cabalgue sobre y alrededor de las monta\u00f1as m\u00e1s altas, incluyendo un viaje alrededor del Aneto con campamentos de alta monta\u00f1a abastecidos por un equipo de mulas.\n<\/div>\n            <a href=\"\/es\/vacaciones-en-bicicleta-de-montana\/tour-de-aneto-aventura-en-bicicleta-de-montana\/\" class=\"cta-button\">Reserve ahora<\/a>\n        <\/div>\n    <\/div><\/a>\n<\/div>\n<\/div>\n\n\n\n<div class=\"spacer\"\/><\/div>\n\n\n\n<div class=\"spacer\"\/><\/div>\n\n\n\n<div style=\"padding-bottom:2%\" class=\"highlight-box\">\n<p class=\"text-box central-text large-text\">P\u00f3ngase en contacto con nosotros si desea reservar uno de estos viajes. <\/p>\n<a href=\"\/es\/que-incluye\/ponerse-en-contacto\/\" class=\"outline-cta-button\">P\u00f3ngase en contacto<\/a>\n<div class=\"spacer\"><\/div>\n<div class=\"spacer\"><\/div>\n<\/div>\n\n\n\n<div class=\"spacer\"><\/div>\n\n\n\n<div class=\"spacer\"><\/div>\n\n\n\n<h3 class=\"wp-block-heading h2_frontpage has-large-font-size\">No nos tome la palabra<\/h3>\n\n\n\n<p class=\"text-fullscreen\">En basqueMTB nos juzgamos por lo que nos dicen nuestros clientes. Es fundamental para nosotros y a lo largo de los a\u00f1os ha dado forma a nuestras vacaciones en bicicleta de monta\u00f1a. Los viajes han cambiado, o se han abandonado por completo y con los a\u00f1os hemos evolucionado nuestras vacaciones. Eche un vistazo a lo que nos dicen nuestros clientes ciclistas de monta\u00f1a. <\/p>\n\n\n\n<div class=\"two-column-section\">\n    <div class=\"image-column\">\n        <figure>\n            <img decoding=\"async\" src=\"https:\/\/www.basquemtb.com\/wp-content\/uploads\/mountain-bike-holiday-spain-8-4.jpg\" alt=\"Experiencia en bicicleta de monta\u00f1a\" \/>\n        <\/figure>\n    <\/div>\n    <div class=\"text-column\">\n        <h2>Experiencias BTT<\/h2>\n        <p>Nos juzgamos por lo que nos dicen nuestros hu\u00e9spedes. Probablemente usted tambi\u00e9n deber\u00eda hacerlo.<\/p>\n        <div style=\"height:25px;\"><\/div>\n        <a href=\"\/es\/sobre-basquemtb\/#Testimonials\" class=\"outline-cta-button\">Seguir leyendo<\/a>\n    <\/div>\n<\/div>","protected":false},"excerpt":{"rendered":"<p>Todas nuestras vacaciones en bicicleta de monta\u00f1a en un solo lugar con un filtro para ayudarle a elegir la que m\u00e1s le gustar\u00eda hacer. <\/p>","protected":false},"author":1,"featured_media":28898,"parent":0,"menu_order":1,"comment_status":"closed","ping_status":"closed","template":"","meta":{"_monsterinsights_skip_tracking":false,"_monsterinsights_sitenote_active":false,"_monsterinsights_sitenote_note":"","_monsterinsights_sitenote_category":0,"footnotes":""},"categories":[596],"tags":[],"class_list":["post-8900","page","type-page","status-publish","has-post-thumbnail","hentry","category-mountain-bike-holiday"],"featured_image_src":"https:\/\/www.basquemtb.com\/wp-content\/uploads\/basquemtb-mountain-bike-holidays-pyrenees-600x400.jpg","featured_image_src_square":"https:\/\/www.basquemtb.com\/wp-content\/uploads\/basquemtb-mountain-bike-holidays-pyrenees-600x600.jpg","_links":{"self":[{"href":"https:\/\/www.basquemtb.com\/es\/wp-json\/wp\/v2\/pages\/8900","targetHints":{"allow":["GET"]}}],"collection":[{"href":"https:\/\/www.basquemtb.com\/es\/wp-json\/wp\/v2\/pages"}],"about":[{"href":"https:\/\/www.basquemtb.com\/es\/wp-json\/wp\/v2\/types\/page"}],"author":[{"embeddable":true,"href":"https:\/\/www.basquemtb.com\/es\/wp-json\/wp\/v2\/users\/1"}],"replies":[{"embeddable":true,"href":"https:\/\/www.basquemtb.com\/es\/wp-json\/wp\/v2\/comments?post=8900"}],"version-history":[{"count":0,"href":"https:\/\/www.basquemtb.com\/es\/wp-json\/wp\/v2\/pages\/8900\/revisions"}],"wp:featuredmedia":[{"embeddable":true,"href":"https:\/\/www.basquemtb.com\/es\/wp-json\/wp\/v2\/media\/28898"}],"wp:attachment":[{"href":"https:\/\/www.basquemtb.com\/es\/wp-json\/wp\/v2\/media?parent=8900"}],"wp:term":[{"taxonomy":"category","embeddable":true,"href":"https:\/\/www.basquemtb.com\/es\/wp-json\/wp\/v2\/categories?post=8900"},{"taxonomy":"post_tag","embeddable":true,"href":"https:\/\/www.basquemtb.com\/es\/wp-json\/wp\/v2\/tags?post=8900"}],"curies":[{"name":"wp","href":"https:\/\/api.w.org\/{rel}","templated":true}]}}